{"id":7397,"date":"2025-03-08T17:11:15","date_gmt":"2025-03-08T17:11:15","guid":{"rendered":"https:\/\/bigfunhobby.com\/butikk\/180-le-martegaou-wooden-hull\/"},"modified":"2025-12-04T10:59:01","modified_gmt":"2025-12-04T08:59:01","slug":"180-le-martegaou-traskrov","status":"publish","type":"product","link":"https:\/\/bigfunhobby.com\/sv\/butikk\/180-le-martegaou-wooden-hull\/","title":{"rendered":"1:80 LE MARTEGAOU - TR\u00c4SKROV"},"content":{"rendered":"<p>L\u00e5t din kreativitet fl\u00f6da fritt med tr\u00e4fartygsmodellen LE Martegaou. Denna byggsats i tr\u00e4 inbjuder b\u00e5de nyb\u00f6rjare och erfarna modellbyggare att bygga en detaljerad och autentisk skalmodell av det historiska fartyget.<\/p>\n<p>Satsen inneh\u00e5ller:<\/p>\n<ul>\n<li>Laserskurna tr\u00e4komponenter f\u00f6r exakt montering<\/li>\n<li>Skala 1:80 - L\u00e4ngd 41 cm, f\u00f6r en imponerande modellstorlek<\/li>\n<li>Steg-f\u00f6r-steg-instruktioner och plan<\/li>\n<\/ul>\n<p>LE Martegaou \u00e4r k\u00e4nd f\u00f6r sin eleganta design och sina detaljerade konturer. Med den h\u00e4r byggsatsen kan du v\u00e4cka liv i en del av sj\u00f6fartens historia i ditt eget hem. Alla komponenter \u00e4r tillverkade av h\u00f6gkvalitativt tr\u00e4 och lasersk\u00e4rning garanterar exakt och enkel montering. De medf\u00f6ljande steg-f\u00f6r-steg-instruktionerna guidar dig genom hela byggprocessen, vilket g\u00f6r denna byggsats idealisk f\u00f6r b\u00e5de nyb\u00f6rjare och erfarna modellbyggare.<\/p>\n<p>Modellbygge \u00e4r en lugnande och givande hobby som kombinerar kreativitet, precision och t\u00e5lamod. Med tr\u00e4fartygsmodellen LE Martegaou f\u00e5r du en unik m\u00f6jlighet att dyka djupare in i historien och samtidigt skapa ett imponerande konstverk.<\/p>\n<p>\u00c4r du redo att p\u00e5b\u00f6rja din resa? K\u00f6p din LE Martegaou tr\u00e4fartygsmodell idag och uppt\u00e4ck gl\u00e4djen med att modellera.<\/p>","protected":false},"excerpt":{"rendered":"<p>Bygg din egen tr\u00e4fartygsmodell av LE Martegaou i skala 1:80. Denna laserskurna byggsats i tr\u00e4 ger en autentisk och detaljerad modell f\u00f6r b\u00e5de nyb\u00f6rjare och erfarna modellbyggare.<\/p>","protected":false},"featured_media":7396,"comment_status":"open","ping_status":"closed","template":"","meta":[],"product_brand":[96],"product_cat":[53],"product_tag":[],"class_list":{"0":"post-7397","1":"product","2":"type-product","3":"status-publish","4":"has-post-thumbnail","6":"product_brand-billing-boats","7":"product_cat-bater-billing-boats","9":"first","10":"instock","11":"taxable","12":"shipping-taxable","13":"purchasable","14":"product-type-simple"},"_links":{"self":[{"href":"https:\/\/bigfunhobby.com\/sv\/wp-json\/wp\/v2\/product\/7397","targetHints":{"allow":["GET"]}}],"collection":[{"href":"https:\/\/bigfunhobby.com\/sv\/wp-json\/wp\/v2\/product"}],"about":[{"href":"https:\/\/bigfunhobby.com\/sv\/wp-json\/wp\/v2\/types\/product"}],"replies":[{"embeddable":true,"href":"https:\/\/bigfunhobby.com\/sv\/wp-json\/wp\/v2\/comments?post=7397"}],"wp:featuredmedia":[{"embeddable":true,"href":"https:\/\/bigfunhobby.com\/sv\/wp-json\/wp\/v2\/media\/7396"}],"wp:attachment":[{"href":"https:\/\/bigfunhobby.com\/sv\/wp-json\/wp\/v2\/media?parent=7397"}],"wp:term":[{"taxonomy":"product_brand","embeddable":true,"href":"https:\/\/bigfunhobby.com\/sv\/wp-json\/wp\/v2\/product_brand?post=7397"},{"taxonomy":"product_cat","embeddable":true,"href":"https:\/\/bigfunhobby.com\/sv\/wp-json\/wp\/v2\/product_cat?post=7397"},{"taxonomy":"product_tag","embeddable":true,"href":"https:\/\/bigfunhobby.com\/sv\/wp-json\/wp\/v2\/product_tag?post=7397"}],"curies":[{"name":"wp","href":"https:\/\/api.w.org\/{rel}","templated":true}]}}