{"id":7399,"date":"2025-03-08T17:11:15","date_gmt":"2025-03-08T17:11:15","guid":{"rendered":"https:\/\/bigfunhobby.com\/butikk\/130-esperance-wooden-hull\/"},"modified":"2025-12-04T10:59:01","modified_gmt":"2025-12-04T08:59:01","slug":"130-esperance-traskrov","status":"publish","type":"product","link":"https:\/\/bigfunhobby.com\/sv\/butikk\/130-esperance-wooden-hull\/","title":{"rendered":"1:30 ESPERANCE - TR\u00c4SKROV"},"content":{"rendered":"<p>Dyk ner i historien med v\u00e5r modellsats f\u00f6r tr\u00e4fartyg \"Esperance\", en \u00e4kta fransk fiskeb\u00e5t fr\u00e5n 1866. Denna byggsats ger dig m\u00f6jlighet att \u00e5teruppleva sj\u00f6fartens f\u00f6rflutna samtidigt som du bygger en detaljerad modell av h\u00f6g kvalitet.<\/p>\n<p>Esperance byggdes ursprungligen i Honfleur, i Le Havre-bukten. De typiska b\u00e5tarna i den h\u00e4r regionen hade en bes\u00e4ttning p\u00e5 tre personer, en segelyta p\u00e5 47 m2 och en l\u00e4ngd som alltid understeg 10 m.<\/p>\n<ul>\n<li>Produktkategori: Modellbyggsats i tre steg<\/li>\n<li>Skala: 1:30<\/li>\n<li>Material: Tr\u00e4 av h\u00f6g kvalitet<\/li>\n<\/ul>\n<p>Med den h\u00e4r satsen kan du utforska modellv\u00e4rlden och skapa din egen skeppsmodell i tr\u00e4. Oavsett om du \u00e4r en erfaren modellbyggare eller nyb\u00f6rjare \u00e4r den h\u00e4r satsen ett utm\u00e4rkt s\u00e4tt att utveckla dina byggf\u00e4rdigheter och l\u00e4ra dig mer om sj\u00f6fartshistoria.<\/p>\n<p>Missa inte detta unika tillf\u00e4lle att bygga din egen modell av \"Esperance\". K\u00f6p h\u00e4r och b\u00f6rja din modellresa idag!<\/p>","protected":false},"excerpt":{"rendered":"<p>Tr\u00e4byggsats till modellen \"Esperance\", en klassisk fransk fiskeb\u00e5t fr\u00e5n 1866. Perfekt f\u00f6r b\u00e5de nyb\u00f6rjare och erfarna modellbyggare.<\/p>","protected":false},"featured_media":7398,"comment_status":"open","ping_status":"closed","template":"","meta":[],"product_brand":[96],"product_cat":[53],"product_tag":[],"class_list":{"0":"post-7399","1":"product","2":"type-product","3":"status-publish","4":"has-post-thumbnail","6":"product_brand-billing-boats","7":"product_cat-bater-billing-boats","9":"first","10":"instock","11":"taxable","12":"shipping-taxable","13":"purchasable","14":"product-type-simple"},"_links":{"self":[{"href":"https:\/\/bigfunhobby.com\/sv\/wp-json\/wp\/v2\/product\/7399","targetHints":{"allow":["GET"]}}],"collection":[{"href":"https:\/\/bigfunhobby.com\/sv\/wp-json\/wp\/v2\/product"}],"about":[{"href":"https:\/\/bigfunhobby.com\/sv\/wp-json\/wp\/v2\/types\/product"}],"replies":[{"embeddable":true,"href":"https:\/\/bigfunhobby.com\/sv\/wp-json\/wp\/v2\/comments?post=7399"}],"wp:featuredmedia":[{"embeddable":true,"href":"https:\/\/bigfunhobby.com\/sv\/wp-json\/wp\/v2\/media\/7398"}],"wp:attachment":[{"href":"https:\/\/bigfunhobby.com\/sv\/wp-json\/wp\/v2\/media?parent=7399"}],"wp:term":[{"taxonomy":"product_brand","embeddable":true,"href":"https:\/\/bigfunhobby.com\/sv\/wp-json\/wp\/v2\/product_brand?post=7399"},{"taxonomy":"product_cat","embeddable":true,"href":"https:\/\/bigfunhobby.com\/sv\/wp-json\/wp\/v2\/product_cat?post=7399"},{"taxonomy":"product_tag","embeddable":true,"href":"https:\/\/bigfunhobby.com\/sv\/wp-json\/wp\/v2\/product_tag?post=7399"}],"curies":[{"name":"wp","href":"https:\/\/api.w.org\/{rel}","templated":true}]}}