{"id":7401,"date":"2025-03-08T17:11:16","date_gmt":"2025-03-08T17:11:16","guid":{"rendered":"https:\/\/bigfunhobby.com\/butikk\/175-sir-winston-churchill-wooden-hull\/"},"modified":"2025-12-04T10:59:01","modified_gmt":"2025-12-04T08:59:01","slug":"175-sir-winston-churchill-wooden-hull","status":"publish","type":"product","link":"https:\/\/bigfunhobby.com\/sv\/butikk\/175-sir-winston-churchill-wooden-hull\/","title":{"rendered":"1:75 SIR WINSTON CHURCHILL - TR\u00c4SKROV"},"content":{"rendered":"<p>Oppdag gleden ved modellbygging med dette imponerende byggesettet av SIR WINSTON CHURCHILL i 1:75 skala. Dette treskipsmodellen med trehull er en fantastisk representasjon av det ber\u00f8mte skipet, og gir en autentisk byggeopplevelse. Dette byggesettet er ideelt for b\u00e5de nybegynnere som vil pr\u00f8ve seg p\u00e5 treskipsmodellbygging og erfarne entusiaster som ser etter en ny utfordring.<\/p>\n<ul>\n<li>Produktkategori: Tre-disc modell<\/li>\n<li>Skala: 1:75<\/li>\n<li>Hullmateriale: Tre<\/li>\n<\/ul>\n<p>SIR WINSTON CHURCHILL er kjent for sin bemerkelsesverdige historie og er en av de mest ber\u00f8mte skipene i moderne tid. Ved \u00e5 bygge denne modellen, f\u00e5r du muligheten til \u00e5 dykke ned i den fascinerende maritimhistorien samtidig som du har det g\u00f8y med en kreativ og engasjerende hobby.<\/p>\n<p>Med dette byggesettet i tre kan du skape din egen versjon av SIR WINSTON CHURCHILL. Den detaljerte modellen vil v\u00e6re et vakkert tillegg til enhver samling og er en perfekt gave til alle modellbyggere.<\/p>\n<p>Ikke n\u00f8l med \u00e5 legge dette fantastiske byggesettet til i handlekurven din. Start ditt neste modellbyggingsprosjekt med SIR WINSTON CHURCHILL treskipsmodell. Kj\u00f8p her og ta del i denne givende hobbyen n\u00e5!<\/p>","protected":false},"excerpt":{"rendered":"<p>Denne 1:75 skala treskipsmodellen av SIR WINSTON CHURCHILL med trehull er et utfordrende og givende byggesett for b\u00e5de nybegynnere og erfarne modellbyggere.<\/p>","protected":false},"featured_media":7400,"comment_status":"open","ping_status":"closed","template":"","meta":[],"product_brand":[96],"product_cat":[53],"product_tag":[],"class_list":{"0":"post-7401","1":"product","2":"type-product","3":"status-publish","4":"has-post-thumbnail","6":"product_brand-billing-boats","7":"product_cat-bater-billing-boats","9":"first","10":"instock","11":"taxable","12":"shipping-taxable","13":"purchasable","14":"product-type-simple"},"_links":{"self":[{"href":"https:\/\/bigfunhobby.com\/sv\/wp-json\/wp\/v2\/product\/7401","targetHints":{"allow":["GET"]}}],"collection":[{"href":"https:\/\/bigfunhobby.com\/sv\/wp-json\/wp\/v2\/product"}],"about":[{"href":"https:\/\/bigfunhobby.com\/sv\/wp-json\/wp\/v2\/types\/product"}],"replies":[{"embeddable":true,"href":"https:\/\/bigfunhobby.com\/sv\/wp-json\/wp\/v2\/comments?post=7401"}],"wp:featuredmedia":[{"embeddable":true,"href":"https:\/\/bigfunhobby.com\/sv\/wp-json\/wp\/v2\/media\/7400"}],"wp:attachment":[{"href":"https:\/\/bigfunhobby.com\/sv\/wp-json\/wp\/v2\/media?parent=7401"}],"wp:term":[{"taxonomy":"product_brand","embeddable":true,"href":"https:\/\/bigfunhobby.com\/sv\/wp-json\/wp\/v2\/product_brand?post=7401"},{"taxonomy":"product_cat","embeddable":true,"href":"https:\/\/bigfunhobby.com\/sv\/wp-json\/wp\/v2\/product_cat?post=7401"},{"taxonomy":"product_tag","embeddable":true,"href":"https:\/\/bigfunhobby.com\/sv\/wp-json\/wp\/v2\/product_tag?post=7401"}],"curies":[{"name":"wp","href":"https:\/\/api.w.org\/{rel}","templated":true}]}}