{"id":7403,"date":"2025-03-08T17:11:16","date_gmt":"2025-03-08T17:11:16","guid":{"rendered":"https:\/\/bigfunhobby.com\/butikk\/175-wasa-wooden-hull\/"},"modified":"2025-12-04T10:59:01","modified_gmt":"2025-12-04T08:59:01","slug":"175-wasa-traskrov","status":"publish","type":"product","link":"https:\/\/bigfunhobby.com\/sv\/butikk\/175-wasa-wooden-hull\/","title":{"rendered":"1:75 WASA - TR\u00c4SKROV"},"content":{"rendered":"<p>Med den h\u00e4r byggsatsen kan du skapa en autentisk modell av det tremastade kungaskeppet WASA i skala 1:75. Fartyget \u00e4r k\u00e4nt f\u00f6r sin rika historia och sina imponerande detaljer, vilket g\u00f6r denna byggsats till ett m\u00e5ste f\u00f6r alla som \u00e4r intresserade av modellering och sj\u00f6fartshistoria.<\/p>\n<p><strong>Specifikationer:<\/strong><\/p>\n<ul>\n<li>Skala: 1:75<\/li>\n<li>L\u00e4ngd: 70,00 m (i full storlek)<\/li>\n<li>Bredd: 11,50 m (i full storlek)<\/li>\n<li>Djup: 4,80 m (i full storlek)<\/li>\n<li>Material:: Tr\u00e4<\/li>\n<\/ul>\n<p>WASA sj\u00f6sattes 1627 och var ett av sin tids mest imponerande fartyg. P\u00e5 sin jungfruresa 1628 sj\u00f6nk WASA i Stockholms hamn. 53 av skeppets 64 kanoner b\u00e4rgades senare 1664 med hj\u00e4lp av en primitiv dykarklocka. Sj\u00e4lva skeppet drogs upp ur havet den 24 april 1961 och WASA-museet \u00f6ppnade \u00e5ret d\u00e4rp\u00e5.<\/p>\n<p>N\u00e4r du bygger den h\u00e4r modellen av ett tr\u00e4skepp kommer du att uppt\u00e4cka att det ursprungligen var t\u00e4nkt att vara bl\u00e5tt. Nu tror man dock att f\u00e4rgen i st\u00e4llet var r\u00f6d.<\/p>\n<p>Byggsatsen ger en unik m\u00f6jlighet att dyka ner i historien och bygga en trogen kopia av detta ikoniska fartyg. Perfekt f\u00f6r b\u00e5de nyb\u00f6rjare och erfarna modellbyggare.<\/p>\n<p>Missa inte chansen att bygga din egen version av det historiska fartyget WASA. <strong>K\u00f6p satsen h\u00e4r och starta ditt n\u00e4sta modelleringsprojekt redan idag!<\/strong><\/p>","protected":false},"excerpt":{"rendered":"<p>Bygg en realistisk tr\u00e4fartygsmodell av det historiska fartyget WASA med denna detaljerade byggsats. Perfekt f\u00f6r modellentusiaster och historieintresserade.<\/p>","protected":false},"featured_media":7402,"comment_status":"open","ping_status":"closed","template":"","meta":[],"product_brand":[96],"product_cat":[53],"product_tag":[],"class_list":{"0":"post-7403","1":"product","2":"type-product","3":"status-publish","4":"has-post-thumbnail","6":"product_brand-billing-boats","7":"product_cat-bater-billing-boats","9":"first","10":"instock","11":"taxable","12":"shipping-taxable","13":"purchasable","14":"product-type-simple"},"_links":{"self":[{"href":"https:\/\/bigfunhobby.com\/sv\/wp-json\/wp\/v2\/product\/7403","targetHints":{"allow":["GET"]}}],"collection":[{"href":"https:\/\/bigfunhobby.com\/sv\/wp-json\/wp\/v2\/product"}],"about":[{"href":"https:\/\/bigfunhobby.com\/sv\/wp-json\/wp\/v2\/types\/product"}],"replies":[{"embeddable":true,"href":"https:\/\/bigfunhobby.com\/sv\/wp-json\/wp\/v2\/comments?post=7403"}],"wp:featuredmedia":[{"embeddable":true,"href":"https:\/\/bigfunhobby.com\/sv\/wp-json\/wp\/v2\/media\/7402"}],"wp:attachment":[{"href":"https:\/\/bigfunhobby.com\/sv\/wp-json\/wp\/v2\/media?parent=7403"}],"wp:term":[{"taxonomy":"product_brand","embeddable":true,"href":"https:\/\/bigfunhobby.com\/sv\/wp-json\/wp\/v2\/product_brand?post=7403"},{"taxonomy":"product_cat","embeddable":true,"href":"https:\/\/bigfunhobby.com\/sv\/wp-json\/wp\/v2\/product_cat?post=7403"},{"taxonomy":"product_tag","embeddable":true,"href":"https:\/\/bigfunhobby.com\/sv\/wp-json\/wp\/v2\/product_tag?post=7403"}],"curies":[{"name":"wp","href":"https:\/\/api.w.org\/{rel}","templated":true}]}}