{"id":7405,"date":"2025-03-08T17:11:17","date_gmt":"2025-03-08T17:11:17","guid":{"rendered":"https:\/\/bigfunhobby.com\/butikk\/dobbelt-blokk-tre-3mm-18\/"},"modified":"2025-12-04T10:59:01","modified_gmt":"2025-12-04T08:59:01","slug":"dubbelblock-tra-3mm-18","status":"publish","type":"product","link":"https:\/\/bigfunhobby.com\/sv\/butikk\/dobbelt-blokk-tre-3mm-18\/","title":{"rendered":"DUBBELBLOCK TR\u00c4 3MM \/18"},"content":{"rendered":"<p>L\u00e4r k\u00e4nna v\u00e5rt 3 mm dubbelblockade tr\u00e4, ett viktigt element f\u00f6r alla modellerare. Oavsett om du \u00e4r en nyb\u00f6rjare som f\u00f6rs\u00f6ker dig p\u00e5 ditt f\u00f6rsta kit eller en erfaren entusiast som l\u00e4gger till detaljer i din befintliga tr\u00e4fartygsmodell, kommer den h\u00e4r produkten s\u00e4kert att komma till nytta.<\/p>\n<p><b>Specifikationer:<\/b><\/p>\n<ul>\n<li>Produktnamn: Dubbelblock tr\u00e4 3mm<\/li>\n<li>Antal: 18 st<\/li>\n<\/ul>\n<p>De h\u00e4r 3 mm dubbla blockbitarna \u00e4r tillverkade av tr\u00e4 av h\u00f6gsta kvalitet och \u00e4r utformade f\u00f6r att klara den hantering som kr\u00e4vs f\u00f6r montering och m\u00e5lning. De \u00e4r perfekta f\u00f6r byggsatser i tr\u00e4 och ger en realistisk och autentisk touch till din modell.<\/p>\n<p>Det r\u00e5der ingen tvekan om att modellbygge \u00e4r en tidskr\u00e4vande och detaljorienterad hobby. Men med r\u00e4tt verktyg och material kan processen bli smidigare och resultatet mer tillfredsst\u00e4llande. Det \u00e4r h\u00e4r v\u00e5rt dubbelblock tr\u00e4 kommer in i bilden.<\/p>\n<p>S\u00e5 varf\u00f6r v\u00e4nta? Ta ditt modelleringsprojekt till n\u00e4sta niv\u00e5 med v\u00e5rt 3 mm dubbelblock i tr\u00e4. F\u00f6rb\u00e4ttra dina modelleringskunskaper och skapa f\u00f6rem\u00e5l som imponerar p\u00e5 b\u00e5de dig sj\u00e4lv och andra entusiaster. <b>Boka nu!<\/b><\/p>","protected":false},"excerpt":{"rendered":"<p>3 mm dubbelt tr\u00e4block f\u00f6r h\u00f6gkvalitativ modellering, l\u00e4mplig f\u00f6r b\u00e5de nyb\u00f6rjare och erfarna entusiaster.<\/p>","protected":false},"featured_media":7404,"comment_status":"open","ping_status":"closed","template":"","meta":[],"product_brand":[97],"product_cat":[66],"product_tag":[],"class_list":{"0":"post-7405","1":"product","2":"type-product","3":"status-publish","4":"has-post-thumbnail","6":"product_brand-artesania","7":"product_cat-blokker-sjakkler-tauverk","9":"first","10":"instock","11":"taxable","12":"shipping-taxable","13":"purchasable","14":"product-type-simple"},"_links":{"self":[{"href":"https:\/\/bigfunhobby.com\/sv\/wp-json\/wp\/v2\/product\/7405","targetHints":{"allow":["GET"]}}],"collection":[{"href":"https:\/\/bigfunhobby.com\/sv\/wp-json\/wp\/v2\/product"}],"about":[{"href":"https:\/\/bigfunhobby.com\/sv\/wp-json\/wp\/v2\/types\/product"}],"replies":[{"embeddable":true,"href":"https:\/\/bigfunhobby.com\/sv\/wp-json\/wp\/v2\/comments?post=7405"}],"wp:featuredmedia":[{"embeddable":true,"href":"https:\/\/bigfunhobby.com\/sv\/wp-json\/wp\/v2\/media\/7404"}],"wp:attachment":[{"href":"https:\/\/bigfunhobby.com\/sv\/wp-json\/wp\/v2\/media?parent=7405"}],"wp:term":[{"taxonomy":"product_brand","embeddable":true,"href":"https:\/\/bigfunhobby.com\/sv\/wp-json\/wp\/v2\/product_brand?post=7405"},{"taxonomy":"product_cat","embeddable":true,"href":"https:\/\/bigfunhobby.com\/sv\/wp-json\/wp\/v2\/product_cat?post=7405"},{"taxonomy":"product_tag","embeddable":true,"href":"https:\/\/bigfunhobby.com\/sv\/wp-json\/wp\/v2\/product_tag?post=7405"}],"curies":[{"name":"wp","href":"https:\/\/api.w.org\/{rel}","templated":true}]}}