{"id":7421,"date":"2025-03-08T17:11:20","date_gmt":"2025-03-08T17:11:20","guid":{"rendered":"https:\/\/bigfunhobby.com\/butikk\/kanonport-10x10-mm-3\/"},"modified":"2025-12-04T10:59:01","modified_gmt":"2025-12-04T08:59:01","slug":"kanonport-10x10-mm-3","status":"publish","type":"product","link":"https:\/\/bigfunhobby.com\/sv\/butikk\/kanonport-10x10-mm-3\/","title":{"rendered":"PISTOLPORT 10X10 MM \/3"},"content":{"rendered":"<p>Er du p\u00e5 utkikk etter det lille ekstra for \u00e5 gi treskipsmodellen eller byggesettet ditt en autentisk finish? V\u00e5r Kanonport 10x10mm kan v\u00e6re akkurat det du trenger. Denne lille, men viktige detaljen kan gi modellen din et realistisk utseende og l\u00f8fte byggeprosjektet ditt til et nytt niv\u00e5.<\/p>\n<ul>\n<li><b>Specifikationer:<\/b> Kanonport 10x10mm, sett med 3. Passer til alle skalamodeller.<\/li>\n<li><b>Material:<\/b> Laget av robust og holdbart materiale for \u00e5 t\u00e5le tidens tann.<\/li>\n<li><b>Historia:<\/b> Kanonporter har v\u00e6rt en viktig del av skipsdesign siden seilskips\u00e6raen, og gir en autentisk touch til ethvert treskipsprosjekt.<\/li>\n<\/ul>\n<p>Uansett om du er ny innen modellbygging, en erfaren entusiast, eller er p\u00e5 utkikk etter et byggesett for voksne for \u00e5 dykke ned i en ny hobby, er v\u00e5rt utvalg av detaljer som denne kanonporten designet for \u00e5 hjelpe deg med \u00e5 skape en detaljert og realistisk modell. Invester i kvalitet og opplev forskjellen det kan gj\u00f8re for ditt neste byggeprosjekt.<\/p>\n<p>Ikke n\u00f8l med \u00e5 utforske utvalget v\u00e5rt av tilbeh\u00f8r til modellbygging for \u00e5 finne flere produkter som kan komplementere dine byggesett. Bestill din Kanonport 10x10mm i dag og ta modellbyggingen din til neste niv\u00e5.<\/p>","protected":false},"excerpt":{"rendered":"<p>Kanonport i skala 10x10mm, perfekt for detaljering av dine treskipsmodeller og byggesett. Gir en autentisk finish til ditt prosjekt.<\/p>","protected":false},"featured_media":7420,"comment_status":"open","ping_status":"closed","template":"","meta":[],"product_brand":[97],"product_cat":[60],"product_tag":[],"class_list":{"0":"post-7421","1":"product","2":"type-product","3":"status-publish","4":"has-post-thumbnail","6":"product_brand-artesania","7":"product_cat-tilbehor-trebyggesett","9":"first","10":"instock","11":"taxable","12":"shipping-taxable","13":"purchasable","14":"product-type-simple"},"_links":{"self":[{"href":"https:\/\/bigfunhobby.com\/sv\/wp-json\/wp\/v2\/product\/7421","targetHints":{"allow":["GET"]}}],"collection":[{"href":"https:\/\/bigfunhobby.com\/sv\/wp-json\/wp\/v2\/product"}],"about":[{"href":"https:\/\/bigfunhobby.com\/sv\/wp-json\/wp\/v2\/types\/product"}],"replies":[{"embeddable":true,"href":"https:\/\/bigfunhobby.com\/sv\/wp-json\/wp\/v2\/comments?post=7421"}],"wp:featuredmedia":[{"embeddable":true,"href":"https:\/\/bigfunhobby.com\/sv\/wp-json\/wp\/v2\/media\/7420"}],"wp:attachment":[{"href":"https:\/\/bigfunhobby.com\/sv\/wp-json\/wp\/v2\/media?parent=7421"}],"wp:term":[{"taxonomy":"product_brand","embeddable":true,"href":"https:\/\/bigfunhobby.com\/sv\/wp-json\/wp\/v2\/product_brand?post=7421"},{"taxonomy":"product_cat","embeddable":true,"href":"https:\/\/bigfunhobby.com\/sv\/wp-json\/wp\/v2\/product_cat?post=7421"},{"taxonomy":"product_tag","embeddable":true,"href":"https:\/\/bigfunhobby.com\/sv\/wp-json\/wp\/v2\/product_tag?post=7421"}],"curies":[{"name":"wp","href":"https:\/\/api.w.org\/{rel}","templated":true}]}}