{"id":7445,"date":"2025-03-08T17:11:27","date_gmt":"2025-03-08T17:11:27","guid":{"rendered":"https:\/\/bigfunhobby.com\/butikk\/150-lilla-dan-wooden-hull\/"},"modified":"2025-12-04T10:59:03","modified_gmt":"2025-12-04T08:59:03","slug":"150-purple-dan-traskrov","status":"publish","type":"product","link":"https:\/\/bigfunhobby.com\/sv\/butikk\/150-lilla-dan-wooden-hull\/","title":{"rendered":"1:50 PURPLE DAN - TR\u00c4SKROV"},"content":{"rendered":"<p>Om du \u00e4r ute efter en utmaning som modellbyggare \u00e4r denna byggsats av det ber\u00f6mda skolfartyget Lilla Dan ett utm\u00e4rkt val. Modellen i skala 1:50 \u00e4r en detaljerad och noggrant \u00e5terskapad byggsats i tr\u00e4 som ger dig m\u00f6jlighet att bygga en trogen kopia av det historiska fartyget.<\/p>\n<p><b>Specifikationer:<\/b><\/p>\n<ul>\n<li>Byggsatser av tr\u00e4<\/li>\n<li>Skala: 1:50<\/li>\n<li>Historiskt skolskepp<\/li>\n<\/ul>\n<p>Sj\u00e4lva modellen \u00e4r huvudsakligen byggd i ek- och boktr\u00e4. Detta ger en autentisk k\u00e4nsla och ett verklighetstroget resultat som kommer att entusiasmera alla som \u00e4r intresserade av modellbygge och historiska fartyg.<\/p>\n<p>Historien bakom Lilla Dan \u00e4r ocks\u00e5 fascinerande. Fartyget byggdes 1951 av det v\u00e4lk\u00e4nda varvet J. Ring Andersen i Svendborg. I dag \u00e4gs det av rederiet Lauritzen i K\u00f6penhamn och anv\u00e4nds b\u00e5de som utbildningsfartyg och charterfartyg.<\/p>\n<p>Att bygga en modell av Lilla Dan ger dig inte bara en intressant och utmanande hobbyaktivitet, utan ocks\u00e5 en djupare f\u00f6rst\u00e5else och koppling till sj\u00f6fartshistoria. Denna byggsats \u00e4r perfekt f\u00f6r b\u00e5de nyb\u00f6rjare och erfarna modellbyggare.<\/p>\n<p>V\u00e4nta inte med att starta ditt n\u00e4sta modellprojekt. Best\u00e4ll Lilla Dan-kitet idag och kliv in i en v\u00e4rld av historiskt tr\u00e4skeppsmodellering!<\/p>","protected":false},"excerpt":{"rendered":"<p>Modellbyggsats av h\u00f6gsta kvalitet av skolfartyget Lilla Dan, tillverkad i skala 1:50. En perfekt utmaning f\u00f6r modellentusiaster som \u00e4r intresserade av historiska tr\u00e4fartyg.<\/p>","protected":false},"featured_media":7444,"comment_status":"open","ping_status":"closed","template":"","meta":[],"product_brand":[96],"product_cat":[53],"product_tag":[],"class_list":{"0":"post-7445","1":"product","2":"type-product","3":"status-publish","4":"has-post-thumbnail","6":"product_brand-billing-boats","7":"product_cat-bater-billing-boats","9":"first","10":"instock","11":"taxable","12":"shipping-taxable","13":"purchasable","14":"product-type-simple"},"_links":{"self":[{"href":"https:\/\/bigfunhobby.com\/sv\/wp-json\/wp\/v2\/product\/7445","targetHints":{"allow":["GET"]}}],"collection":[{"href":"https:\/\/bigfunhobby.com\/sv\/wp-json\/wp\/v2\/product"}],"about":[{"href":"https:\/\/bigfunhobby.com\/sv\/wp-json\/wp\/v2\/types\/product"}],"replies":[{"embeddable":true,"href":"https:\/\/bigfunhobby.com\/sv\/wp-json\/wp\/v2\/comments?post=7445"}],"wp:featuredmedia":[{"embeddable":true,"href":"https:\/\/bigfunhobby.com\/sv\/wp-json\/wp\/v2\/media\/7444"}],"wp:attachment":[{"href":"https:\/\/bigfunhobby.com\/sv\/wp-json\/wp\/v2\/media?parent=7445"}],"wp:term":[{"taxonomy":"product_brand","embeddable":true,"href":"https:\/\/bigfunhobby.com\/sv\/wp-json\/wp\/v2\/product_brand?post=7445"},{"taxonomy":"product_cat","embeddable":true,"href":"https:\/\/bigfunhobby.com\/sv\/wp-json\/wp\/v2\/product_cat?post=7445"},{"taxonomy":"product_tag","embeddable":true,"href":"https:\/\/bigfunhobby.com\/sv\/wp-json\/wp\/v2\/product_tag?post=7445"}],"curies":[{"name":"wp","href":"https:\/\/api.w.org\/{rel}","templated":true}]}}