{"id":7449,"date":"2025-03-08T17:11:28","date_gmt":"2025-03-08T17:11:28","guid":{"rendered":"https:\/\/bigfunhobby.com\/butikk\/1100-bluenose-ii-wooden-hull\/"},"modified":"2025-12-04T10:59:03","modified_gmt":"2025-12-04T08:59:03","slug":"1100-bluenose-ii-traskrov","status":"publish","type":"product","link":"https:\/\/bigfunhobby.com\/sv\/butikk\/1100-bluenose-ii-wooden-hull\/","title":{"rendered":"1:100 BLUENOSE II - TR\u00c4SKROV"},"content":{"rendered":"<p>Med denna byggsats i skala 1:100 kan du bygga din egen Bluenose II, en trogen kopia av det klassiska fartyget som \u00e4r k\u00e4nt f\u00f6r sin extraordin\u00e4ra hastighet. Med tr\u00e4skrov och ett \u00f6ga f\u00f6r detaljer \u00e4r den h\u00e4r tr\u00e4fartygsmodellen ett perfekt val f\u00f6r b\u00e5de nyb\u00f6rjare och erfarna modellbyggare.<\/p>\n<p>Bluenose II byggdes 1964 i Nova Scotia som en kopia av det ursprungliga fartyget Bluenose. Originalfartyget, som byggdes 1921, var konstruerat f\u00f6r fiske utanf\u00f6r Newfoundland, men visade sig ha s\u00e5 goda seglingsegenskaper att det vann alla de stora klassiska seglingarna p\u00e5 USA:s \u00f6stkust. Det f\u00f6rliste utanf\u00f6r Haiti 1946.<\/p>\n<ul>\n<li>Skala: 1:100<\/li>\n<li>Material:: Tr\u00e4<\/li>\n<li>Historia: En trogen kopia av det ursprungliga fartyget Bluenose<\/li>\n<\/ul>\n<p>Med det h\u00e4r kitet kan du \u00e5teruppleva sj\u00f6fartens historia och skapa din egen modell av det legendariska fartyget. Oavsett om du \u00e4r fascinerad av sj\u00f6fart, modellbygge eller b\u00e5dadera, kan du med denna byggsats utforska en viktig del av sj\u00f6fartens historia.<\/p>\n<p>\u00c4r du redo att bygga din egen Bluenose II? Best\u00e4ll byggsatsen idag och p\u00e5b\u00f6rja din resa in i modellbyggandets v\u00e4rld.<\/p>","protected":false},"excerpt":{"rendered":"<p>Tr\u00e4skrovsatsen 1:100 Bluenose II \u00e4r en detaljerad modell av det klassiska fartyget med enast\u00e5ende seglingsegenskaper, perfekt f\u00f6r b\u00e5de nyb\u00f6rjare och erfarna modellbyggare.<\/p>","protected":false},"featured_media":7448,"comment_status":"open","ping_status":"closed","template":"","meta":[],"product_brand":[96],"product_cat":[53],"product_tag":[],"class_list":{"0":"post-7449","1":"product","2":"type-product","3":"status-publish","4":"has-post-thumbnail","6":"product_brand-billing-boats","7":"product_cat-bater-billing-boats","9":"first","10":"instock","11":"taxable","12":"shipping-taxable","13":"purchasable","14":"product-type-simple"},"_links":{"self":[{"href":"https:\/\/bigfunhobby.com\/sv\/wp-json\/wp\/v2\/product\/7449","targetHints":{"allow":["GET"]}}],"collection":[{"href":"https:\/\/bigfunhobby.com\/sv\/wp-json\/wp\/v2\/product"}],"about":[{"href":"https:\/\/bigfunhobby.com\/sv\/wp-json\/wp\/v2\/types\/product"}],"replies":[{"embeddable":true,"href":"https:\/\/bigfunhobby.com\/sv\/wp-json\/wp\/v2\/comments?post=7449"}],"wp:featuredmedia":[{"embeddable":true,"href":"https:\/\/bigfunhobby.com\/sv\/wp-json\/wp\/v2\/media\/7448"}],"wp:attachment":[{"href":"https:\/\/bigfunhobby.com\/sv\/wp-json\/wp\/v2\/media?parent=7449"}],"wp:term":[{"taxonomy":"product_brand","embeddable":true,"href":"https:\/\/bigfunhobby.com\/sv\/wp-json\/wp\/v2\/product_brand?post=7449"},{"taxonomy":"product_cat","embeddable":true,"href":"https:\/\/bigfunhobby.com\/sv\/wp-json\/wp\/v2\/product_cat?post=7449"},{"taxonomy":"product_tag","embeddable":true,"href":"https:\/\/bigfunhobby.com\/sv\/wp-json\/wp\/v2\/product_tag?post=7449"}],"curies":[{"name":"wp","href":"https:\/\/api.w.org\/{rel}","templated":true}]}}