{"id":7463,"date":"2025-03-08T17:11:31","date_gmt":"2025-03-08T17:11:31","guid":{"rendered":"https:\/\/bigfunhobby.com\/butikk\/displayplate-75x180\/"},"modified":"2025-12-04T10:59:04","modified_gmt":"2025-12-04T08:59:04","slug":"displayplate-75x180","status":"publish","type":"product","link":"https:\/\/bigfunhobby.com\/sv\/butikk\/displayplate-75x180\/","title":{"rendered":"DISPLAYPLATTA 75X180"},"content":{"rendered":"<p>Du har lagt ned mange timer p\u00e5 \u00e5 bygge og perfeksjonere dine byggesett eller modellhobbyprosjekter, og n\u00e5 fortjener de \u00e5 bli vist frem p\u00e5 best mulig m\u00e5te. DISPLAYPLATE 75X180 er den perfekte l\u00f8sningen for \u00e5 gi dine kreasjoner den \u00e6ren de fortjener.<\/p>\n<p>Denne plate er ideell for en rekke forskjellige prosjekter, enten du har laget en detaljert skalamodell, et intrikat treskipsmodell, et komplett modelljernbane-oppsett eller et fjernstyrt kj\u00f8ret\u00f8y. Mange entusiaster innen modellbygging og byggesett for voksne bruker denne typen plate for \u00e5 gi sine kreasjoner en profesjonell finish.<\/p>\n<ul>\n<li>St\u00f8rrelse: 75&#215;180 cm. Dette gir god plass til \u00e5 vise frem selv store prosjekter.<\/li>\n<li>Material: Solid og holdbar, ideell for langvarig bruk.<\/li>\n<li>Design: N\u00f8ytralt design som gir fokus til ditt prosjekt.<\/li>\n<\/ul>\n<p>Uansett om du er en erfaren entusiast eller en nybegynner innen modellbygging, vil denne platen bidra til \u00e5 l\u00f8fte frem arbeidet ditt og gi det den anerkjennelsen det fortjener. Hvorfor ikke gi prosjektene dine et profesjonelt utseende med DISPLAYPLATE 75X180?<\/p>\n<p>Vis verden talentet ditt og bestill din DISPLAYPLATE 75X180 i dag.<\/p>","protected":false},"excerpt":{"rendered":"<p>DISPLAYPLATE 75X180 er en ideell base for \u00e5 vise frem dine modellhobbyprosjekter, og s\u00f8rger for at dine byggesett kommer til sin rett.<\/p>","protected":false},"featured_media":7462,"comment_status":"open","ping_status":"closed","template":"","meta":[],"product_brand":[97],"product_cat":[60],"product_tag":[],"class_list":{"0":"post-7463","1":"product","2":"type-product","3":"status-publish","4":"has-post-thumbnail","6":"product_brand-artesania","7":"product_cat-tilbehor-trebyggesett","9":"first","10":"instock","11":"taxable","12":"shipping-taxable","13":"purchasable","14":"product-type-simple"},"_links":{"self":[{"href":"https:\/\/bigfunhobby.com\/sv\/wp-json\/wp\/v2\/product\/7463","targetHints":{"allow":["GET"]}}],"collection":[{"href":"https:\/\/bigfunhobby.com\/sv\/wp-json\/wp\/v2\/product"}],"about":[{"href":"https:\/\/bigfunhobby.com\/sv\/wp-json\/wp\/v2\/types\/product"}],"replies":[{"embeddable":true,"href":"https:\/\/bigfunhobby.com\/sv\/wp-json\/wp\/v2\/comments?post=7463"}],"wp:featuredmedia":[{"embeddable":true,"href":"https:\/\/bigfunhobby.com\/sv\/wp-json\/wp\/v2\/media\/7462"}],"wp:attachment":[{"href":"https:\/\/bigfunhobby.com\/sv\/wp-json\/wp\/v2\/media?parent=7463"}],"wp:term":[{"taxonomy":"product_brand","embeddable":true,"href":"https:\/\/bigfunhobby.com\/sv\/wp-json\/wp\/v2\/product_brand?post=7463"},{"taxonomy":"product_cat","embeddable":true,"href":"https:\/\/bigfunhobby.com\/sv\/wp-json\/wp\/v2\/product_cat?post=7463"},{"taxonomy":"product_tag","embeddable":true,"href":"https:\/\/bigfunhobby.com\/sv\/wp-json\/wp\/v2\/product_tag?post=7463"}],"curies":[{"name":"wp","href":"https:\/\/api.w.org\/{rel}","templated":true}]}}