{"id":7515,"date":"2025-03-08T17:11:39","date_gmt":"2025-03-08T17:11:39","guid":{"rendered":"https:\/\/bigfunhobby.com\/butikk\/bca038-cobalt-blue-22ml\/"},"modified":"2025-12-04T10:59:06","modified_gmt":"2025-12-04T08:59:06","slug":"bca038-koboltbla-22ml","status":"publish","type":"product","link":"https:\/\/bigfunhobby.com\/sv\/butikk\/bca038-cobalt-blue-22ml\/","title":{"rendered":"BCA038- Koboltbl\u00e5 22ml"},"content":{"rendered":"<p>Ge dina byggsatser och hobbyprojekt inom modellering ett livfullt utseende med v\u00e5r BCA038- Cobalt Blue 22ml. Denna h\u00f6gkvalitativa f\u00e4rg \u00e4r speciellt utvecklad f\u00f6r modelleringsentusiaster, oavsett om du \u00e4r nyb\u00f6rjare eller en erfaren byggare.<\/p>\n<p>Specifikationer:<\/p>\n<ul>\n<li>Produktnamn: BCA038- Koboltbl\u00e5 22ml<\/li>\n<li>H\u00f6g kvalitet: H\u00f6g<\/li>\n<li>\u00c4ndam\u00e5l: Modellbygge, tr\u00e4fartygsmodell, plastmodell, modellj\u00e4rnv\u00e4g<\/li>\n<\/ul>\n<p>BCA038- Cobalt Blue 22ml \u00e4r tillverkad av h\u00f6gkvalitativa material som garanterar en j\u00e4mn och h\u00e5llbar yta. Den h\u00e4r f\u00e4rgen \u00e4r perfekt f\u00f6r att f\u00f6rverkliga dina mest ambiti\u00f6sa modellprojekt, oavsett om det g\u00e4ller plastmodeller, tr\u00e4skepp, modellj\u00e4rnv\u00e4gar eller fj\u00e4rrstyrda fordon.<\/p>\n<p>Historiskt sett har f\u00e4rg varit en viktig del av modellbyggandet. Den ger liv \u00e5t dina projekt genom att ge dem ett autentiskt och realistiskt utseende. BCA038- Cobalt Blue 22ml kommer garanterat att ge dina projekt den extra touch de beh\u00f6ver f\u00f6r att sticka ut.<\/p>\n<p>V\u00e4nta inte, f\u00f6rb\u00e4ttra dina modelleringsprojekt med BCA038- Cobalt Blue 22ml idag. Se hela v\u00e5rt sortiment av modelleringsf\u00e4rger och best\u00e4ll nu f\u00f6r att ta dina projekt till n\u00e4sta niv\u00e5.<\/p>","protected":false},"excerpt":{"rendered":"<p>BCA038- Cobalt Blue 22ml \u00e4r en h\u00f6gkvalitativ f\u00e4rg som \u00e4r idealisk f\u00f6r att finjustera dina modelleringsprojekt f\u00f6r att ge dem ett levande och autentiskt utseende.<\/p>","protected":false},"featured_media":7514,"comment_status":"open","ping_status":"closed","template":"","meta":[],"product_brand":[96],"product_cat":[63],"product_tag":[],"class_list":{"0":"post-7515","1":"product","2":"type-product","3":"status-publish","4":"has-post-thumbnail","6":"product_brand-billing-boats","7":"product_cat-billing-boats-maling","9":"first","10":"instock","11":"taxable","12":"shipping-taxable","13":"purchasable","14":"product-type-simple"},"_links":{"self":[{"href":"https:\/\/bigfunhobby.com\/sv\/wp-json\/wp\/v2\/product\/7515","targetHints":{"allow":["GET"]}}],"collection":[{"href":"https:\/\/bigfunhobby.com\/sv\/wp-json\/wp\/v2\/product"}],"about":[{"href":"https:\/\/bigfunhobby.com\/sv\/wp-json\/wp\/v2\/types\/product"}],"replies":[{"embeddable":true,"href":"https:\/\/bigfunhobby.com\/sv\/wp-json\/wp\/v2\/comments?post=7515"}],"wp:featuredmedia":[{"embeddable":true,"href":"https:\/\/bigfunhobby.com\/sv\/wp-json\/wp\/v2\/media\/7514"}],"wp:attachment":[{"href":"https:\/\/bigfunhobby.com\/sv\/wp-json\/wp\/v2\/media?parent=7515"}],"wp:term":[{"taxonomy":"product_brand","embeddable":true,"href":"https:\/\/bigfunhobby.com\/sv\/wp-json\/wp\/v2\/product_brand?post=7515"},{"taxonomy":"product_cat","embeddable":true,"href":"https:\/\/bigfunhobby.com\/sv\/wp-json\/wp\/v2\/product_cat?post=7515"},{"taxonomy":"product_tag","embeddable":true,"href":"https:\/\/bigfunhobby.com\/sv\/wp-json\/wp\/v2\/product_tag?post=7515"}],"curies":[{"name":"wp","href":"https:\/\/api.w.org\/{rel}","templated":true}]}}