{"id":7523,"date":"2025-03-08T17:11:41","date_gmt":"2025-03-08T17:11:41","guid":{"rendered":"https:\/\/bigfunhobby.com\/butikk\/plastic-modelling-tool-set\/"},"modified":"2025-12-04T10:59:06","modified_gmt":"2025-12-04T08:59:06","slug":"modellverktygssats-i-plast","status":"publish","type":"product","link":"https:\/\/bigfunhobby.com\/sv\/butikk\/plastic-modelling-tool-set\/","title":{"rendered":"MODELLVERKTYGSSATS I PLAST"},"content":{"rendered":"<p>Vill du utforska modelleringens v\u00e4rld? D\u00e5 \u00e4r v\u00e5r verktygssats f\u00f6r plastmodellering det perfekta valet f\u00f6r dig. Detta kit \u00e4r utformat f\u00f6r b\u00e5de nyb\u00f6rjare och erfarna entusiaster och inneh\u00e5ller allt du beh\u00f6ver f\u00f6r att arbeta med plastmodelleringsprojekt.<\/p>\n<p><b>Specifikationer:<\/b><\/p>\n<ul>\n<li> Utformad f\u00f6r plastmodellering<\/li>\n<li> L\u00e4mplig f\u00f6r alla kunskapsniv\u00e5er<\/li>\n<li> Inneh\u00e5ller alla n\u00f6dv\u00e4ndiga verktyg f\u00f6r att b\u00f6rja eller f\u00f6rb\u00e4ttra dina modelleringskunskaper<\/li>\n<\/ul>\n<p>Plastmodellering \u00e4r en popul\u00e4r hobby som har funnits i \u00e5rtionden. Med plastmodellering kan du skapa och utforska i miniatyr, fr\u00e5n att bygga skalenliga modeller av flygplan, bilar och t\u00e5g till detaljerade rekonstruktioner av historiska monument.<\/p>\n<p>V\u00e5r verktygssats f\u00f6r plastmodellering \u00e4r tillverkad av h\u00f6gkvalitativa material f\u00f6r att s\u00e4kerst\u00e4lla h\u00e5llbarhet och tillf\u00f6rlitlighet. Med den h\u00e4r verktygssatsen kan du arbeta med precision och uppn\u00e5 detaljerade resultat, oavsett vilken typ av plastmodelleringsprojekt du tar dig an.<\/p>\n<p>Oavsett om du \u00e4r en erfaren modellbyggare som vill f\u00f6rb\u00e4ttra din verktygsl\u00e5da, eller en nyb\u00f6rjare som precis har p\u00e5b\u00f6rjat sin modellresa, \u00e4r den h\u00e4r verktygsl\u00e5dan ett utm\u00e4rkt val. L\u00e5t inte dr\u00f6mmen om att skapa imponerande plastmodeller f\u00f6rbli just en dr\u00f6m. Ta steget in i modelleringens v\u00e4rld med v\u00e5r verktygssats f\u00f6r plastmodeller.<\/p>\n<p>B\u00f6rja bygga dina plastmodeller nu. K\u00f6p din verktygssats f\u00f6r plastmodellering h\u00e4r idag!<\/p>","protected":false},"excerpt":{"rendered":"<p>Utforska modellbygge med v\u00e5r verktygssats f\u00f6r plastmodellering. Perfekt f\u00f6r b\u00e5de nyb\u00f6rjare och erfarna entusiaster.<\/p>","protected":false},"featured_media":7522,"comment_status":"open","ping_status":"closed","template":"","meta":[],"product_brand":[],"product_cat":[58],"product_tag":[],"class_list":{"0":"post-7523","1":"product","2":"type-product","3":"status-publish","4":"has-post-thumbnail","6":"product_cat-verktoy","8":"first","9":"instock","10":"taxable","11":"shipping-taxable","12":"purchasable","13":"product-type-simple"},"_links":{"self":[{"href":"https:\/\/bigfunhobby.com\/sv\/wp-json\/wp\/v2\/product\/7523","targetHints":{"allow":["GET"]}}],"collection":[{"href":"https:\/\/bigfunhobby.com\/sv\/wp-json\/wp\/v2\/product"}],"about":[{"href":"https:\/\/bigfunhobby.com\/sv\/wp-json\/wp\/v2\/types\/product"}],"replies":[{"embeddable":true,"href":"https:\/\/bigfunhobby.com\/sv\/wp-json\/wp\/v2\/comments?post=7523"}],"wp:featuredmedia":[{"embeddable":true,"href":"https:\/\/bigfunhobby.com\/sv\/wp-json\/wp\/v2\/media\/7522"}],"wp:attachment":[{"href":"https:\/\/bigfunhobby.com\/sv\/wp-json\/wp\/v2\/media?parent=7523"}],"wp:term":[{"taxonomy":"product_brand","embeddable":true,"href":"https:\/\/bigfunhobby.com\/sv\/wp-json\/wp\/v2\/product_brand?post=7523"},{"taxonomy":"product_cat","embeddable":true,"href":"https:\/\/bigfunhobby.com\/sv\/wp-json\/wp\/v2\/product_cat?post=7523"},{"taxonomy":"product_tag","embeddable":true,"href":"https:\/\/bigfunhobby.com\/sv\/wp-json\/wp\/v2\/product_tag?post=7523"}],"curies":[{"name":"wp","href":"https:\/\/api.w.org\/{rel}","templated":true}]}}