{"id":7527,"date":"2025-03-08T17:11:41","date_gmt":"2025-03-08T17:11:41","guid":{"rendered":"https:\/\/bigfunhobby.com\/butikk\/pick-place-tool-medium\/"},"modified":"2025-12-04T10:59:06","modified_gmt":"2025-12-04T08:59:06","slug":"plocka-plats-verktyg-medium","status":"publish","type":"product","link":"https:\/\/bigfunhobby.com\/sv\/butikk\/pick-place-tool-medium\/","title":{"rendered":"PICK &amp; PLACE-VERKTYG - MEDIUM"},"content":{"rendered":"<p>Pick &amp; Place Tool - Medium \u00e4r ett praktiskt verktyg som \u00e4r s\u00e4rskilt utformat f\u00f6r modellbygge. Det h\u00e4r \u00e4r det perfekta hj\u00e4lpmedlet f\u00f6r att hantera och placera sm\u00e5 och komplicerade delar p\u00e5 dina modeller, oavsett om det \u00e4r en skeppsmodell i tr\u00e4, plastmodell, modellj\u00e4rnv\u00e4g eller fj\u00e4rrstyrda fordon.<\/p>\n<p>Med det h\u00e4r verktyget kan du enkelt hantera sm\u00e5 delar utan att riskera att skada eller tappa bort dem. Det \u00e4r utformat f\u00f6r att ge dig maximal kontroll, s\u00e5 att du kan placera varje del exakt d\u00e4r du vill ha den.<\/p>\n<ul>\n<li>Medelstor, l\u00e4mplig f\u00f6r de flesta modelleringsprojekt<\/li>\n<li>Perfekt f\u00f6r hantering av sm\u00e5 och komplicerade delar<\/li>\n<li>Maximerar kontroll och precision<\/li>\n<\/ul>\n<p>Denna typ av verktyg har varit en del av modellbyggandet i m\u00e5nga \u00e5r och \u00e4r erk\u00e4nt som en viktig del av varje modellbyggares verktygsl\u00e5da. Oavsett om du \u00e4r nyb\u00f6rjare eller en erfaren entusiast kommer du att tycka att det h\u00e4r verktyget \u00e4r oumb\u00e4rligt.<\/p>\n<p>Investera i Pick &amp; Place Tool - Medium och ta din modellering till n\u00e4sta niv\u00e5. Bl\u00e4ddra igenom sortimentet, best\u00e4ll nu och njut av mer precision och kontroll i dina modelleringsprojekt.<\/p>","protected":false},"excerpt":{"rendered":"<p>Pick &amp; Place Tool - Medium \u00e4r ett oumb\u00e4rligt verktyg f\u00f6r alla modellbyggare. Det h\u00e4r verktyget g\u00f6r det enkelt att placera sm\u00e5 delar p\u00e5 dina modeller.<\/p>","protected":false},"featured_media":7526,"comment_status":"open","ping_status":"closed","template":"","meta":[],"product_brand":[105],"product_cat":[58],"product_tag":[],"class_list":{"0":"post-7527","1":"product","2":"type-product","3":"status-publish","4":"has-post-thumbnail","6":"product_brand-vallejo","7":"product_cat-verktoy","9":"first","10":"outofstock","11":"taxable","12":"shipping-taxable","13":"purchasable","14":"product-type-simple"},"_links":{"self":[{"href":"https:\/\/bigfunhobby.com\/sv\/wp-json\/wp\/v2\/product\/7527","targetHints":{"allow":["GET"]}}],"collection":[{"href":"https:\/\/bigfunhobby.com\/sv\/wp-json\/wp\/v2\/product"}],"about":[{"href":"https:\/\/bigfunhobby.com\/sv\/wp-json\/wp\/v2\/types\/product"}],"replies":[{"embeddable":true,"href":"https:\/\/bigfunhobby.com\/sv\/wp-json\/wp\/v2\/comments?post=7527"}],"wp:featuredmedia":[{"embeddable":true,"href":"https:\/\/bigfunhobby.com\/sv\/wp-json\/wp\/v2\/media\/7526"}],"wp:attachment":[{"href":"https:\/\/bigfunhobby.com\/sv\/wp-json\/wp\/v2\/media?parent=7527"}],"wp:term":[{"taxonomy":"product_brand","embeddable":true,"href":"https:\/\/bigfunhobby.com\/sv\/wp-json\/wp\/v2\/product_brand?post=7527"},{"taxonomy":"product_cat","embeddable":true,"href":"https:\/\/bigfunhobby.com\/sv\/wp-json\/wp\/v2\/product_cat?post=7527"},{"taxonomy":"product_tag","embeddable":true,"href":"https:\/\/bigfunhobby.com\/sv\/wp-json\/wp\/v2\/product_tag?post=7527"}],"curies":[{"name":"wp","href":"https:\/\/api.w.org\/{rel}","templated":true}]}}