{"id":7535,"date":"2025-03-08T17:11:44","date_gmt":"2025-03-08T17:11:44","guid":{"rendered":"https:\/\/bigfunhobby.com\/butikk\/polaris-starter-pack\/"},"modified":"2026-03-05T22:27:53","modified_gmt":"2026-03-05T20:27:53","slug":"polaris-starter-pack","status":"publish","type":"product","link":"https:\/\/bigfunhobby.com\/sv\/butikk\/polaris-starter-pack\/","title":{"rendered":"Polaris startpaket"},"content":{"rendered":"<p>Polaris Starter Pack er den perfekte innf\u00f8ringen i naval modellbygging. Dette byggesettet er designet for \u00e5 v\u00e6re b\u00e5de enkel og attraktiv, noe som gj\u00f8r det til et utmerket valg for b\u00e5de nybegynnere og erfarne entusiaster innen treskipsmodellering.<\/p>\n<p>Settet inneholder alt du trenger for \u00e5 bygge en detaljert og autentisk treskipsmodell. Du vil l\u00e6re \u00e5 jobbe med materialene, bygge og kledde et skrog, bygge master, rigge og seil, lakkere og finish tre og metaller, og mye mer. Disse teknikkene er de samme som brukes for ethvert skip, uavhengig av type eller st\u00f8rrelse.<\/p>\n<p>Vi har ogs\u00e5 laget flere trinnvise videooppl\u00e6ringer som er tilgjengelig p\u00e5 v\u00e5r YouTube-kanal. Disse videoene gir deg detaljerte instruksjoner for montering av modellen, noe som gj\u00f8r prosessen enda enklere og mer l\u00e6rerik.<\/p>\n<p>Navnet Polaris er hentet fra &#8216;Pole Star&#8217; eller Polarstjernen. Dette er den styrende stjernen som sj\u00f8folk har brukt som navigasjonshjelp i \u00e5rhundrer. P\u00e5 samme m\u00e5te \u00f8nsker Polaris Starter Pack \u00e5 v\u00e6re en veiviser for deg som \u00f8nsker \u00e5 begynne med modellbygging av skip.<\/p>\n<p>Med Polaris Starter Pack kan du dykke ned i en verden av modellbygging og sette dine kreative evner p\u00e5 pr\u00f8ve. S\u00e5 hva venter du p\u00e5? Begynn din modellbyggingsreise i dag med Polaris Starter Pack. Bestill n\u00e5!<\/p>","protected":false},"excerpt":{"rendered":"<p>Polaris Starter Pack er et ideelt byggesett for deg som \u00f8nsker \u00e5 begynne med modellbygging av skip. Med trinnvise instruksjoner og l\u00e6rerike videoer, l\u00e6rer du de n\u00f8dvendige teknikkene for \u00e5 bygge og montere en treskipsmodell.<\/p>","protected":false},"featured_media":7534,"comment_status":"open","ping_status":"closed","template":"","meta":[],"product_brand":[95],"product_cat":[67],"product_tag":[],"class_list":{"0":"post-7535","1":"product","2":"type-product","3":"status-publish","4":"has-post-thumbnail","6":"product_brand-occre","7":"product_cat-bater-occre","9":"first","10":"instock","11":"taxable","12":"shipping-taxable","13":"purchasable","14":"product-type-simple"},"_links":{"self":[{"href":"https:\/\/bigfunhobby.com\/sv\/wp-json\/wp\/v2\/product\/7535","targetHints":{"allow":["GET"]}}],"collection":[{"href":"https:\/\/bigfunhobby.com\/sv\/wp-json\/wp\/v2\/product"}],"about":[{"href":"https:\/\/bigfunhobby.com\/sv\/wp-json\/wp\/v2\/types\/product"}],"replies":[{"embeddable":true,"href":"https:\/\/bigfunhobby.com\/sv\/wp-json\/wp\/v2\/comments?post=7535"}],"wp:featuredmedia":[{"embeddable":true,"href":"https:\/\/bigfunhobby.com\/sv\/wp-json\/wp\/v2\/media\/7534"}],"wp:attachment":[{"href":"https:\/\/bigfunhobby.com\/sv\/wp-json\/wp\/v2\/media?parent=7535"}],"wp:term":[{"taxonomy":"product_brand","embeddable":true,"href":"https:\/\/bigfunhobby.com\/sv\/wp-json\/wp\/v2\/product_brand?post=7535"},{"taxonomy":"product_cat","embeddable":true,"href":"https:\/\/bigfunhobby.com\/sv\/wp-json\/wp\/v2\/product_cat?post=7535"},{"taxonomy":"product_tag","embeddable":true,"href":"https:\/\/bigfunhobby.com\/sv\/wp-json\/wp\/v2\/product_tag?post=7535"}],"curies":[{"name":"wp","href":"https:\/\/api.w.org\/{rel}","templated":true}]}}