{"id":7539,"date":"2025-03-08T17:11:45","date_gmt":"2025-03-08T17:11:45","guid":{"rendered":"https:\/\/bigfunhobby.com\/butikk\/14003-mississippi\/"},"modified":"2026-03-03T12:26:14","modified_gmt":"2026-03-03T10:26:14","slug":"14003-mississippi","status":"publish","type":"product","link":"https:\/\/bigfunhobby.com\/sv\/butikk\/14003-mississippi\/","title":{"rendered":"14003 - Mississippi"},"content":{"rendered":"<p>Dyk in i modellv\u00e4rlden med v\u00e5r tr\u00e4fartygsmodell, Mississippi 14003. Denna byggsats ger dig m\u00f6jlighet att \u00e5teruppleva en tid d\u00e5 dessa majest\u00e4tiska fartyg seglade p\u00e5 v\u00e4rldshaven. Reproduktionen av modellen \u00e4r trogen originalet och har gjorts med stor omsorg om detaljerna.<\/p>\n<p>Dessa legendariska flodb\u00e5tar seglade p\u00e5 Mississippi under hela 1800-talet och f\u00f6ljde en rutt som gick genom de mest ikoniska st\u00e4derna vid floden, fr\u00e5n deras ursprung i Lake Itasca, Minnesota, till flodens mynning nere i New Orleans. De stora, \u00e5ngdrivna skovelhjulen var det mest utm\u00e4rkande draget hos dessa charmiga tr\u00e4b\u00e5tar.<\/p>\n<p>V\u00e5rt kit inneh\u00e5ller alla element du beh\u00f6ver f\u00f6r att s\u00e4kerst\u00e4lla realismen i din tr\u00e4fartygsmodell, ner till minsta t\u00e4nkbara maritima detalj. Oavsett om du \u00e4r en erfaren modellbyggare eller precis har b\u00f6rjat utforska denna fascinerande hobby \u00e4r Mississippi 14003 en fantastisk modell som kommer att ge dig m\u00e5nga timmar av kreativ fritid.<\/p>\n<ul>\n<li>Produktkategori: Modeller med tre skivor<\/li>\n<li>Produktnamn: Mississippi 14003<\/li>\n<li>Material: Tr\u00e4 Tr\u00e4<\/li>\n<\/ul>\n<p>Dyk ner i Mississippiflodens historia och kultur med v\u00e5r detaljerade modellbyggsats f\u00f6r tr\u00e4fartyg. Det \u00e4r ett perfekt val f\u00f6r alla modelleringsentusiaster.<\/p>\n<p>V\u00e4nta inte l\u00e4ngre, b\u00f6rja din modellresa med tr\u00e4fartygsmodellen Mississippi 14003. K\u00f6p h\u00e4r f\u00f6r att sj\u00e4lv uppleva gl\u00e4djen med att modellera!<\/p>","protected":false},"excerpt":{"rendered":"<p>Mississippi 14003 \u00e4r en detaljerad och realistisk modellbyggsats f\u00f6r tr\u00e4fartyg, perfekt f\u00f6r b\u00e5de nyb\u00f6rjare och erfarna modellbyggare.<\/p>","protected":false},"featured_media":7538,"comment_status":"open","ping_status":"closed","template":"","meta":[],"product_brand":[95],"product_cat":[67],"product_tag":[],"class_list":{"0":"post-7539","1":"product","2":"type-product","3":"status-publish","4":"has-post-thumbnail","6":"product_brand-occre","7":"product_cat-bater-occre","9":"first","10":"instock","11":"taxable","12":"shipping-taxable","13":"purchasable","14":"product-type-simple"},"_links":{"self":[{"href":"https:\/\/bigfunhobby.com\/sv\/wp-json\/wp\/v2\/product\/7539","targetHints":{"allow":["GET"]}}],"collection":[{"href":"https:\/\/bigfunhobby.com\/sv\/wp-json\/wp\/v2\/product"}],"about":[{"href":"https:\/\/bigfunhobby.com\/sv\/wp-json\/wp\/v2\/types\/product"}],"replies":[{"embeddable":true,"href":"https:\/\/bigfunhobby.com\/sv\/wp-json\/wp\/v2\/comments?post=7539"}],"wp:featuredmedia":[{"embeddable":true,"href":"https:\/\/bigfunhobby.com\/sv\/wp-json\/wp\/v2\/media\/7538"}],"wp:attachment":[{"href":"https:\/\/bigfunhobby.com\/sv\/wp-json\/wp\/v2\/media?parent=7539"}],"wp:term":[{"taxonomy":"product_brand","embeddable":true,"href":"https:\/\/bigfunhobby.com\/sv\/wp-json\/wp\/v2\/product_brand?post=7539"},{"taxonomy":"product_cat","embeddable":true,"href":"https:\/\/bigfunhobby.com\/sv\/wp-json\/wp\/v2\/product_cat?post=7539"},{"taxonomy":"product_tag","embeddable":true,"href":"https:\/\/bigfunhobby.com\/sv\/wp-json\/wp\/v2\/product_tag?post=7539"}],"curies":[{"name":"wp","href":"https:\/\/api.w.org\/{rel}","templated":true}]}}