{"id":7541,"date":"2025-03-08T17:11:45","date_gmt":"2025-03-08T17:11:45","guid":{"rendered":"https:\/\/bigfunhobby.com\/butikk\/14009-rms-titanic\/"},"modified":"2026-03-03T12:26:14","modified_gmt":"2026-03-03T10:26:14","slug":"14009-rms-titanic","status":"publish","type":"product","link":"https:\/\/bigfunhobby.com\/sv\/butikk\/14009-rms-titanic\/","title":{"rendered":"14009 - RMS Titanic"},"content":{"rendered":"<p>Dykk ned i historien med v\u00e5rt byggesett av RMS Titanic, det mest ber\u00f8mte skipet i historien. Dette er en perfekt aktivitet for b\u00e5de nybegynnere og erfarne entusiaster av modellbygging.<\/p>\n<p>RMS Titanic kolliderte med et isfjell utenfor Newfoundland tidlig morgen den 15. april 1912. Dette resulterte i den st\u00f8rste fredstidsskipsforliset i maritim historie, der 1,518 mennesker mistet livet. Kun 711 av de 2,223 ombord overlevde.<\/p>\n<p>Myter og legender har blitt skapt rundt det fatale skipsforliset, noe som har gjort Titanic til trolig det mest kjente skipet i historien. Etter mange \u00e5rs s\u00f8k ble vraket endelig funnet 1. september 1985 av Robert Ballard under en hemmelig misjon ledet av den amerikanske marinen. Vraket av Titanic l\u00e5 3,784 meter under havoverflaten, omtrent 800 km fra kysten av Canada.<\/p>\n<p>V\u00e5rt detaljerte byggesett gir deg muligheten til \u00e5 gjenoppleve Titanic sin historie. Byggesettet inneholder alle detaljer fra det originale skipet, fra de to tvillingpropellene p\u00e5 over syv meter i diameter til den sentralt plasserte propellen p\u00e5 over fem meter.<\/p>\n<ul>\n<li>Lengde: 267 meter<\/li>\n<li>Bredde: 28 meter<\/li>\n<li>Vekt: 52,310 tonn<\/li>\n<li>2 stk. 30,000 HK dampmaskiner<\/li>\n<li>1 stk. 16,000 HK turbine<\/li>\n<li>Reisefart: 21 knop (23 max)<\/li>\n<\/ul>\n<p>Forvandle din interesse for modellbygging til et dykk ned i maritim historie med v\u00e5rt RMS Titanic byggesett. Perfekt som gave til en historieinteressert eller som en unik dekorasjon i hjemmet.<\/p>\n<p>Ikke vent, bestill ditt RMS Titanic byggesett i dag og start din reise tilbake i tid.<\/p>","protected":false},"excerpt":{"rendered":"<p>Gjenopplev historien med byggesettet av det ber\u00f8mte skipet RMS Titanic. Perfekt for entusiaster av modellbygging og maritim historie.<\/p>","protected":false},"featured_media":7540,"comment_status":"open","ping_status":"closed","template":"","meta":[],"product_brand":[95],"product_cat":[67],"product_tag":[],"class_list":{"0":"post-7541","1":"product","2":"type-product","3":"status-publish","4":"has-post-thumbnail","6":"product_brand-occre","7":"product_cat-bater-occre","9":"first","10":"instock","11":"taxable","12":"shipping-taxable","13":"purchasable","14":"product-type-simple"},"_links":{"self":[{"href":"https:\/\/bigfunhobby.com\/sv\/wp-json\/wp\/v2\/product\/7541","targetHints":{"allow":["GET"]}}],"collection":[{"href":"https:\/\/bigfunhobby.com\/sv\/wp-json\/wp\/v2\/product"}],"about":[{"href":"https:\/\/bigfunhobby.com\/sv\/wp-json\/wp\/v2\/types\/product"}],"replies":[{"embeddable":true,"href":"https:\/\/bigfunhobby.com\/sv\/wp-json\/wp\/v2\/comments?post=7541"}],"wp:featuredmedia":[{"embeddable":true,"href":"https:\/\/bigfunhobby.com\/sv\/wp-json\/wp\/v2\/media\/7540"}],"wp:attachment":[{"href":"https:\/\/bigfunhobby.com\/sv\/wp-json\/wp\/v2\/media?parent=7541"}],"wp:term":[{"taxonomy":"product_brand","embeddable":true,"href":"https:\/\/bigfunhobby.com\/sv\/wp-json\/wp\/v2\/product_brand?post=7541"},{"taxonomy":"product_cat","embeddable":true,"href":"https:\/\/bigfunhobby.com\/sv\/wp-json\/wp\/v2\/product_cat?post=7541"},{"taxonomy":"product_tag","embeddable":true,"href":"https:\/\/bigfunhobby.com\/sv\/wp-json\/wp\/v2\/product_tag?post=7541"}],"curies":[{"name":"wp","href":"https:\/\/api.w.org\/{rel}","templated":true}]}}