{"id":7543,"date":"2025-03-08T17:11:46","date_gmt":"2025-03-08T17:11:46","guid":{"rendered":"https:\/\/bigfunhobby.com\/butikk\/santisima-trinidad-1-90\/"},"modified":"2026-03-03T12:26:14","modified_gmt":"2026-03-03T10:26:14","slug":"santisima-trinidad-1-90","status":"publish","type":"product","link":"https:\/\/bigfunhobby.com\/sv\/butikk\/santisima-trinidad-1-90\/","title":{"rendered":"Santisima Trinidad 1\/90"},"content":{"rendered":"<p>Dyk in i modellbyggandets v\u00e4rld med v\u00e5r detaljerade kopia av Santisima Trinidad. Denna byggsats ger dig m\u00f6jlighet att bygga en trogen kopia av det historiska krigsfartyget, som \u00e4r erk\u00e4nt som ett av de st\u00f6rsta krigsfartygen p\u00e5 1700-talet. Med en skala p\u00e5 1\/90 kommer denna tr\u00e4fartygsmodell att bli ett imponerande tillskott till alla samlingar.<\/p>\n<p><strong>Ber\u00e4ttelsen om fartyget Santisima Trinidad<\/strong><\/p>\n<p>Santisima Trinidad byggdes i Havanna och sj\u00f6sattes den 2 mars 1769. Med sina 130 kanoner var hon det st\u00f6rsta krigsfartyget p\u00e5 1700-talet. Efter att ha deltagit i alla sj\u00f6krig i slutet av 1700-talet och b\u00f6rjan av 1800-talet deltog hon i slaget vid Trafalgar under bef\u00e4l av viceamiral Cisneros. H\u00e4r utf\u00f6rde hon sin sista tj\u00e4nst n\u00e4r hon f\u00f6rlorade sina master till den engelska flottan.<\/p>\n<p><strong>Specifikationer f\u00f6r Santisima Trinidad byggsats<\/strong><\/p>\n<ul>\n<li>Skala: 1\/90<\/li>\n<li>Bredd: 415 mm<\/li>\n<li>H\u00f6jd: 876 mm<\/li>\n<li>L\u00e4ngd: 1060 mm<\/li>\n<li>Sv\u00e5righetsgrad: H\u00f6g<\/li>\n<li>Dubbel bekl\u00e4dnad: Nej<\/li>\n<\/ul>\n<p>V\u00e5ra byggsatser inneh\u00e5ller alla n\u00f6dv\u00e4ndiga delar f\u00f6r att g\u00f6ra din skalamodell s\u00e5 realistisk som m\u00f6jligt, ner till de mest specifika maritima detaljer du kan t\u00e4nka dig. Denna byggsats \u00e4r idealisk f\u00f6r erfarna modellbyggare som uppskattar detaljer och autenticitet.<\/p>\n<p>Vi hoppas att du kommer att finna gl\u00e4dje i att bygga denna fantastiska tr\u00e4fartygsmodell. L\u00e5t din kreativitet blomstra och upplev m\u00e5nga timmar av kreativt hantverk. Best\u00e4ll ditt Santisima Trinidad-kit idag och b\u00f6rja ditt modell\u00e4ventyr!<\/p>","protected":false},"excerpt":{"rendered":"<p>Upplev gl\u00e4djen i modellbyggandet med v\u00e5r byggsats av Santisima Trinidad, ett av 1700-talets st\u00f6rsta krigsfartyg. Byggsatsen levereras i skala 1\/90 och \u00e4r l\u00e4mplig f\u00f6r erfarna modellbyggare.<\/p>","protected":false},"featured_media":7542,"comment_status":"open","ping_status":"closed","template":"","meta":[],"product_brand":[95],"product_cat":[67],"product_tag":[],"class_list":{"0":"post-7543","1":"product","2":"type-product","3":"status-publish","4":"has-post-thumbnail","6":"product_brand-occre","7":"product_cat-bater-occre","9":"first","10":"instock","11":"taxable","12":"shipping-taxable","13":"purchasable","14":"product-type-simple"},"_links":{"self":[{"href":"https:\/\/bigfunhobby.com\/sv\/wp-json\/wp\/v2\/product\/7543","targetHints":{"allow":["GET"]}}],"collection":[{"href":"https:\/\/bigfunhobby.com\/sv\/wp-json\/wp\/v2\/product"}],"about":[{"href":"https:\/\/bigfunhobby.com\/sv\/wp-json\/wp\/v2\/types\/product"}],"replies":[{"embeddable":true,"href":"https:\/\/bigfunhobby.com\/sv\/wp-json\/wp\/v2\/comments?post=7543"}],"wp:featuredmedia":[{"embeddable":true,"href":"https:\/\/bigfunhobby.com\/sv\/wp-json\/wp\/v2\/media\/7542"}],"wp:attachment":[{"href":"https:\/\/bigfunhobby.com\/sv\/wp-json\/wp\/v2\/media?parent=7543"}],"wp:term":[{"taxonomy":"product_brand","embeddable":true,"href":"https:\/\/bigfunhobby.com\/sv\/wp-json\/wp\/v2\/product_brand?post=7543"},{"taxonomy":"product_cat","embeddable":true,"href":"https:\/\/bigfunhobby.com\/sv\/wp-json\/wp\/v2\/product_cat?post=7543"},{"taxonomy":"product_tag","embeddable":true,"href":"https:\/\/bigfunhobby.com\/sv\/wp-json\/wp\/v2\/product_tag?post=7543"}],"curies":[{"name":"wp","href":"https:\/\/api.w.org\/{rel}","templated":true}]}}