{"id":7547,"date":"2025-03-08T17:11:47","date_gmt":"2025-03-08T17:11:47","guid":{"rendered":"https:\/\/bigfunhobby.com\/butikk\/190-zwarte-zee-plastic-hull\/"},"modified":"2025-12-04T10:59:06","modified_gmt":"2025-12-04T08:59:06","slug":"190-zwarte-zee-plastic-hull","status":"publish","type":"product","link":"https:\/\/bigfunhobby.com\/sv\/butikk\/190-zwarte-zee-plastic-hull\/","title":{"rendered":"1:90 SVARTA HAVET - PLASTSKROV"},"content":{"rendered":"<p>Gled deg over modellbygging p\u00e5 sitt beste med v\u00e5rt 1:90 Zwarte Zee plastbyggesett. Dette settet gir deg en autentisk replika av det ikoniske nederlandske skipet, perfekt for b\u00e5de nybegynnere og erfarne entusiaster.<\/p>\n<p>Byggesettet er basert p\u00e5 det originale Zwarte Zee-skipet, bygget i 1963 ved J. &#038; K. Smit`s Scheepswerven N.V. i Kinderdijk, Holland. Skipet har en imponerende lengde p\u00e5 77,50 m, bredde p\u00e5 12,35 m, og dybde p\u00e5 6,90 m. Drevet av to stk. Smit-M.A.N. turbo dieselmotorer, kunne skipet oppn\u00e5 en hastighet p\u00e5 18 knop.<\/p>\n<ul>\n<li>Skala: 1:90<\/li>\n<li>Material: Plast<\/li>\n<li>Dimensjoner: Lengde 77,50 m, bredde 12,35 m, dybde 6,90 m (i full skala)<\/li>\n<li>Motor: 2 stk. Smit-M.A.N. turbo dieselmotorer (i full skala)<\/li>\n<li>Hastighet: 18 knop (i full skala)<\/li>\n<\/ul>\n<p>Dette plastbyggesettet er en fantastisk m\u00e5te \u00e5 dykke dypt ned i historien og ingeni\u00f8rkunsten bak Zwarte Zee. Hver detalj er n\u00f8ye gjenskapt for \u00e5 gi en autentisk modellbyggingsopplevelse.<\/p>\n<p>Uansett om du er en erfaren modellbygger som s\u00f8ker et nytt prosjekt, eller en nybegynner som er klar for en utfordring, vil dette byggesettet gi deg mange timer med kreativ moro. Ikke vent, begynn din modellbyggingsreise med Zwarte Zee-plastbyggesett i dag. Kj\u00f8p her.<\/p>","protected":false},"excerpt":{"rendered":"<p>Opplev gleden av modellbygging med 1:90 Zwarte Zee plastbyggesett, en detaljert replika av det ber\u00f8mte nederlandske skipet.<\/p>","protected":false},"featured_media":7546,"comment_status":"open","ping_status":"closed","template":"","meta":[],"product_brand":[96],"product_cat":[53],"product_tag":[],"class_list":{"0":"post-7547","1":"product","2":"type-product","3":"status-publish","4":"has-post-thumbnail","6":"product_brand-billing-boats","7":"product_cat-bater-billing-boats","9":"first","10":"instock","11":"taxable","12":"shipping-taxable","13":"purchasable","14":"product-type-simple"},"_links":{"self":[{"href":"https:\/\/bigfunhobby.com\/sv\/wp-json\/wp\/v2\/product\/7547","targetHints":{"allow":["GET"]}}],"collection":[{"href":"https:\/\/bigfunhobby.com\/sv\/wp-json\/wp\/v2\/product"}],"about":[{"href":"https:\/\/bigfunhobby.com\/sv\/wp-json\/wp\/v2\/types\/product"}],"replies":[{"embeddable":true,"href":"https:\/\/bigfunhobby.com\/sv\/wp-json\/wp\/v2\/comments?post=7547"}],"wp:featuredmedia":[{"embeddable":true,"href":"https:\/\/bigfunhobby.com\/sv\/wp-json\/wp\/v2\/media\/7546"}],"wp:attachment":[{"href":"https:\/\/bigfunhobby.com\/sv\/wp-json\/wp\/v2\/media?parent=7547"}],"wp:term":[{"taxonomy":"product_brand","embeddable":true,"href":"https:\/\/bigfunhobby.com\/sv\/wp-json\/wp\/v2\/product_brand?post=7547"},{"taxonomy":"product_cat","embeddable":true,"href":"https:\/\/bigfunhobby.com\/sv\/wp-json\/wp\/v2\/product_cat?post=7547"},{"taxonomy":"product_tag","embeddable":true,"href":"https:\/\/bigfunhobby.com\/sv\/wp-json\/wp\/v2\/product_tag?post=7547"}],"curies":[{"name":"wp","href":"https:\/\/api.w.org\/{rel}","templated":true}]}}