{"id":7553,"date":"2025-03-08T17:11:49","date_gmt":"2025-03-08T17:11:49","guid":{"rendered":"https:\/\/bigfunhobby.com\/butikk\/1100-fregatten-jylland-limited-edition-wooden-hull\/"},"modified":"2025-12-04T10:59:06","modified_gmt":"2025-12-04T08:59:06","slug":"1100-fregatten-jylland-traskrov-i-begransad-upplaga","status":"publish","type":"product","link":"https:\/\/bigfunhobby.com\/sv\/butikk\/1100-fregatten-jylland-limited-edition-wooden-hull\/","title":{"rendered":"1:100 FREGATTEN JYLLAND LIMITED EDITION - TR\u00c4SKROV"},"content":{"rendered":"<p>Dyk ner i historien med v\u00e5r tr\u00e4fartygsmodell av den danska fregatten Jylland. Med den h\u00e4r byggsatsen f\u00e5r du m\u00f6jlighet att bygga en skalenlig modell av det historiska krigsfartyget som sj\u00f6sattes i januari 1860. Fartyget var det sista danska krigsfartyget som byggdes i ek och det f\u00f6rsta \u00e5ngdrivna i den danska flottan, en imponerande blandning av gammal och ny teknik.<\/p>\n<p>Specifikationer f\u00f6r satsen inkluderar:<\/p>\n<ul>\n<li>Skala: 1\/100<\/li>\n<li>Sv\u00e5righetsgrad: Expert<\/li>\n<li>L\u00e4ngd: 101 cm<\/li>\n<li>Bredd: 13 cm<\/li>\n<li>H\u00f6jd: 63 cm 63 cm<\/li>\n<\/ul>\n<p>Denna tr\u00e4sats inneh\u00e5ller laserskurna tr\u00e4delar och andra detaljer i l\u00e4mpliga material. Lim, verktyg och lack\/f\u00e4rg beh\u00f6vs f\u00f6r att f\u00e4rdigst\u00e4lla modellen, men ing\u00e5r inte i satsen.<\/p>\n<p>Fregatten Jylland har en rik historia. Den deltog i slaget vid Helgoland mot en flotta best\u00e5ende av \u00f6sterrikiska och preussiska fartyg 1864. Kung Christian IX anv\u00e4nde fartyget vid olika bes\u00f6k p\u00e5 Island och i Ryssland. Efter flera \u00e5rs restaureringsarbete \u00f6ppnades Fregatten Jylland f\u00f6r allm\u00e4nheten och \u00e4r definitivt v\u00e4rt ett bes\u00f6k f\u00f6r den som \u00e4r intresserad av fartyg och livet till sj\u00f6ss.<\/p>\n<p>F\u00f6r att uppn\u00e5 en autentisk finish rekommenderas f\u00f6ljande kul\u00f6rer:<\/p>\n<ul>\n<li>Fakturering nr 1 Vit<\/li>\n<li>Fakturering nr 3 Smaragd<\/li>\n<li>Fakturering nr 9 Ljusr\u00f6d<\/li>\n<li>Fakturering nr 11 Svart<\/li>\n<li>Billing No 13 Trainer Yellow<\/li>\n<li>Fakturering nr 15 Silver<\/li>\n<li>Fakturering nr 17 Klar glans<\/li>\n<li>Fakturering nr 23 Koppar<\/li>\n<\/ul>\n<p>Oavsett om du \u00e4r en erfaren modellbyggare eller en entusiastisk nyb\u00f6rjare \u00e4r denna byggsats f\u00f6r tr\u00e4fartyg en fantastisk m\u00f6jlighet att f\u00f6rdjupa dig i en givande hobby. V\u00e4nta inte, best\u00e4ll din byggsats nu och b\u00f6rja din resa mot en detaljerad och historiskt korrekt skalmodell av fregatten Jylland.<\/p>","protected":false},"excerpt":{"rendered":"<p>Ta steget in i modellbyggandets v\u00e4rld med denna detaljerade byggsats f\u00f6r tr\u00e4fartyg, 1:100 Fregatten Jutland Limited Edition med tr\u00e4skrov. Upplev gl\u00e4djen i att bygga en historisk skalmodell som passar b\u00e5de nyb\u00f6rjare och erfarna entusiaster.<\/p>","protected":false},"featured_media":7552,"comment_status":"open","ping_status":"closed","template":"","meta":[],"product_brand":[96],"product_cat":[53],"product_tag":[],"class_list":{"0":"post-7553","1":"product","2":"type-product","3":"status-publish","4":"has-post-thumbnail","6":"product_brand-billing-boats","7":"product_cat-bater-billing-boats","9":"first","10":"instock","11":"taxable","12":"shipping-taxable","13":"purchasable","14":"product-type-simple"},"_links":{"self":[{"href":"https:\/\/bigfunhobby.com\/sv\/wp-json\/wp\/v2\/product\/7553","targetHints":{"allow":["GET"]}}],"collection":[{"href":"https:\/\/bigfunhobby.com\/sv\/wp-json\/wp\/v2\/product"}],"about":[{"href":"https:\/\/bigfunhobby.com\/sv\/wp-json\/wp\/v2\/types\/product"}],"replies":[{"embeddable":true,"href":"https:\/\/bigfunhobby.com\/sv\/wp-json\/wp\/v2\/comments?post=7553"}],"wp:featuredmedia":[{"embeddable":true,"href":"https:\/\/bigfunhobby.com\/sv\/wp-json\/wp\/v2\/media\/7552"}],"wp:attachment":[{"href":"https:\/\/bigfunhobby.com\/sv\/wp-json\/wp\/v2\/media?parent=7553"}],"wp:term":[{"taxonomy":"product_brand","embeddable":true,"href":"https:\/\/bigfunhobby.com\/sv\/wp-json\/wp\/v2\/product_brand?post=7553"},{"taxonomy":"product_cat","embeddable":true,"href":"https:\/\/bigfunhobby.com\/sv\/wp-json\/wp\/v2\/product_cat?post=7553"},{"taxonomy":"product_tag","embeddable":true,"href":"https:\/\/bigfunhobby.com\/sv\/wp-json\/wp\/v2\/product_tag?post=7553"}],"curies":[{"name":"wp","href":"https:\/\/api.w.org\/{rel}","templated":true}]}}