{"id":7559,"date":"2025-03-08T17:11:50","date_gmt":"2025-03-08T17:11:50","guid":{"rendered":"https:\/\/bigfunhobby.com\/butikk\/penselsett-6stk-syntetisk-flat-borste\/"},"modified":"2025-12-04T10:59:06","modified_gmt":"2025-12-04T08:59:06","slug":"borstset-6st-syntetisk-platt-borste","status":"publish","type":"product","link":"https:\/\/bigfunhobby.com\/sv\/butikk\/penselsett-6stk-syntetisk-flat-borste\/","title":{"rendered":"BORSTSET 6ST. SYNTETISK PLATT BORSTE"},"content":{"rendered":"<p>Detta borstset best\u00e5ende av 6 syntetiska plattborstar \u00e4r ett utm\u00e4rkt verktyg f\u00f6r alla modellerare, oavsett om du \u00e4r nyb\u00f6rjare eller en erfaren entusiast. Setet \u00e4r speciellt utformat f\u00f6r att ge precision och kontroll, vilket \u00e4r viktigt f\u00f6r detaljerat arbete.<\/p>\n<p>Specifikationerna f\u00f6r borstupps\u00e4ttningen inkluderar:<\/p>\n<ul>\n<li>6 syntetiska plattborstar<\/li>\n<li>Slitstarka och t\u00e5liga borsth\u00e5r<\/li>\n<li>Bekv\u00e4mt grepp f\u00f6r l\u00e4ngre arbetspass<\/li>\n<\/ul>\n<p>Dessa penslar \u00e4r tillverkade av h\u00f6gkvalitativa syntetmaterial, vilket garanterar att de har l\u00e5ng livsl\u00e4ngd, h\u00e5ller formen v\u00e4l och ger en j\u00e4mn applicering av f\u00e4rg. Det g\u00f6r dem perfekta f\u00f6r att m\u00e5la detaljerna p\u00e5 dina plastmodeller, tr\u00e4skepp, modellj\u00e4rnv\u00e4gar och fj\u00e4rrstyrda fordon.<\/p>\n<p>Historiskt sett har penslar varit ett viktigt verktyg f\u00f6r modellbyggare. Bra penslar kan g\u00f6ra skillnaden mellan en bra modell och en fantastisk modell. Med det h\u00e4r setet kan du ta dina modelleringssatser f\u00f6r vuxna till n\u00e4sta niv\u00e5.<\/p>\n<p>Ta dina modelleringsprojekt till nya h\u00f6jder med detta professionella borstset. K\u00f6p h\u00e4r och uppt\u00e4ck den stora skillnaden som ett penselset av h\u00f6g kvalitet kan g\u00f6ra f\u00f6r dina modelleringssatser.<\/p>","protected":false},"excerpt":{"rendered":"<p>Professionellt penselset med 6 syntetiska plattborstar, perfekt f\u00f6r detaljerad modellering och hobbyprojekt.<\/p>","protected":false},"featured_media":7558,"comment_status":"open","ping_status":"closed","template":"","meta":[],"product_brand":[],"product_cat":[64],"product_tag":[],"class_list":{"0":"post-7559","1":"product","2":"type-product","3":"status-publish","4":"has-post-thumbnail","6":"product_cat-pensler-og-utstyr","8":"first","9":"instock","10":"taxable","11":"shipping-taxable","12":"purchasable","13":"product-type-simple"},"_links":{"self":[{"href":"https:\/\/bigfunhobby.com\/sv\/wp-json\/wp\/v2\/product\/7559","targetHints":{"allow":["GET"]}}],"collection":[{"href":"https:\/\/bigfunhobby.com\/sv\/wp-json\/wp\/v2\/product"}],"about":[{"href":"https:\/\/bigfunhobby.com\/sv\/wp-json\/wp\/v2\/types\/product"}],"replies":[{"embeddable":true,"href":"https:\/\/bigfunhobby.com\/sv\/wp-json\/wp\/v2\/comments?post=7559"}],"wp:featuredmedia":[{"embeddable":true,"href":"https:\/\/bigfunhobby.com\/sv\/wp-json\/wp\/v2\/media\/7558"}],"wp:attachment":[{"href":"https:\/\/bigfunhobby.com\/sv\/wp-json\/wp\/v2\/media?parent=7559"}],"wp:term":[{"taxonomy":"product_brand","embeddable":true,"href":"https:\/\/bigfunhobby.com\/sv\/wp-json\/wp\/v2\/product_brand?post=7559"},{"taxonomy":"product_cat","embeddable":true,"href":"https:\/\/bigfunhobby.com\/sv\/wp-json\/wp\/v2\/product_cat?post=7559"},{"taxonomy":"product_tag","embeddable":true,"href":"https:\/\/bigfunhobby.com\/sv\/wp-json\/wp\/v2\/product_tag?post=7559"}],"curies":[{"name":"wp","href":"https:\/\/api.w.org\/{rel}","templated":true}]}}