{"id":7561,"date":"2025-03-08T17:11:50","date_gmt":"2025-03-08T17:11:50","guid":{"rendered":"https:\/\/bigfunhobby.com\/butikk\/penselsett-5stk-syntetisk-rund-borste\/"},"modified":"2025-12-04T10:59:06","modified_gmt":"2025-12-04T08:59:06","slug":"borstset-5st-syntetisk-rundborste","status":"publish","type":"product","link":"https:\/\/bigfunhobby.com\/sv\/butikk\/penselsett-5stk-syntetisk-rund-borste\/","title":{"rendered":"BORSTSET 5ST. SYNTETISK RUNDBORSTE"},"content":{"rendered":"<p>Oavsett om du \u00e4r en erfaren modellbyggare eller nyb\u00f6rjare \u00e4r denna BRUSH SET 5 Pcs. SYNTHETIC ROUND BRUSH \u00e4r ett utm\u00e4rkt verktyg att ha i sin verktygsl\u00e5da. Dessa penslar \u00e4r idealiska f\u00f6r den detaljerade m\u00e5lning som kr\u00e4vs vid modellbygge och \u00e4r lika effektiva f\u00f6r plastmodeller, tr\u00e4fartygsmodeller, modellj\u00e4rnv\u00e4gar och fj\u00e4rrstyrda fordon.<\/p>\n<ul>\n<li>Setet inneh\u00e5ller fem syntetiska borstar av h\u00f6g kvalitet<\/li>\n<li>Rund pensel f\u00f6r precisionsm\u00e5lning<\/li>\n<li>Solid och h\u00e5llbar konstruktion f\u00f6r l\u00e5ngvarig anv\u00e4ndning<\/li>\n<\/ul>\n<p>Dessa penslar \u00e4r tillverkade av syntetiska borst f\u00f6r att s\u00e4kerst\u00e4lla att du f\u00e5r en j\u00e4mn och konsekvent applicering av f\u00e4rg varje g\u00e5ng. De \u00e4r slitstarka och utformade f\u00f6r att h\u00e5lla l\u00e4nge, s\u00e5 att du kan lita p\u00e5 dem under m\u00e5nga modelleringsprojekt.<\/p>\n<p>Oavsett om du arbetar med en skalenlig modell av ett historiskt tr\u00e4fartyg, en detaljerad plastmodell av ett fordon eller l\u00e4gger sista handen vid en modellj\u00e4rnv\u00e4g, hj\u00e4lper det h\u00e4r penselsetet dig att f\u00e5 jobbet gjort med precision och kvalitet.<\/p>\n<p>L\u00e5t inget st\u00e5 i v\u00e4gen f\u00f6r din modellering. Best\u00e4ll din BRUSH SET 5 PIECES. SYNTHETIC ROUND BRUSH idag och ta ditt modelleringsprojekt till n\u00e4sta niv\u00e5.<\/p>","protected":false},"excerpt":{"rendered":"<p>BORSTE SET 5ST. SYNTHETIC ROUND BRUSH \u00e4r ett perfekt tillbeh\u00f6r f\u00f6r alla modellbyggare. Perfekt f\u00f6r detaljarbete p\u00e5 plastmodeller, tr\u00e4skepp, modellj\u00e4rnv\u00e4gar och fj\u00e4rrstyrda fordon.<\/p>","protected":false},"featured_media":7560,"comment_status":"open","ping_status":"closed","template":"","meta":[],"product_brand":[],"product_cat":[64],"product_tag":[],"class_list":{"0":"post-7561","1":"product","2":"type-product","3":"status-publish","4":"has-post-thumbnail","6":"product_cat-pensler-og-utstyr","8":"first","9":"instock","10":"taxable","11":"shipping-taxable","12":"purchasable","13":"product-type-simple"},"_links":{"self":[{"href":"https:\/\/bigfunhobby.com\/sv\/wp-json\/wp\/v2\/product\/7561","targetHints":{"allow":["GET"]}}],"collection":[{"href":"https:\/\/bigfunhobby.com\/sv\/wp-json\/wp\/v2\/product"}],"about":[{"href":"https:\/\/bigfunhobby.com\/sv\/wp-json\/wp\/v2\/types\/product"}],"replies":[{"embeddable":true,"href":"https:\/\/bigfunhobby.com\/sv\/wp-json\/wp\/v2\/comments?post=7561"}],"wp:featuredmedia":[{"embeddable":true,"href":"https:\/\/bigfunhobby.com\/sv\/wp-json\/wp\/v2\/media\/7560"}],"wp:attachment":[{"href":"https:\/\/bigfunhobby.com\/sv\/wp-json\/wp\/v2\/media?parent=7561"}],"wp:term":[{"taxonomy":"product_brand","embeddable":true,"href":"https:\/\/bigfunhobby.com\/sv\/wp-json\/wp\/v2\/product_brand?post=7561"},{"taxonomy":"product_cat","embeddable":true,"href":"https:\/\/bigfunhobby.com\/sv\/wp-json\/wp\/v2\/product_cat?post=7561"},{"taxonomy":"product_tag","embeddable":true,"href":"https:\/\/bigfunhobby.com\/sv\/wp-json\/wp\/v2\/product_tag?post=7561"}],"curies":[{"name":"wp","href":"https:\/\/api.w.org\/{rel}","templated":true}]}}