{"id":7563,"date":"2025-03-08T17:11:51","date_gmt":"2025-03-08T17:11:51","guid":{"rendered":"https:\/\/bigfunhobby.com\/butikk\/flexisander-dual-grit-x3-90x19x6mm\/"},"modified":"2025-12-04T10:59:06","modified_gmt":"2025-12-04T08:59:06","slug":"flexislip-dubbelkorn-x3-90x19x6mm","status":"publish","type":"product","link":"https:\/\/bigfunhobby.com\/sv\/butikk\/flexisander-dual-grit-x3-90x19x6mm\/","title":{"rendered":"FLEXISANDER DUBBELKORN X3 (90X19X6MM)"},"content":{"rendered":"<p>Flexisander Dual Grit x3 \u00e4r ett perfekt verktyg f\u00f6r b\u00e5de nyb\u00f6rjare och erfarna modellbyggeentusiaster. Setet best\u00e5r av 3 tv\u00e4ttbara och \u00e5teranv\u00e4ndbara sandpappersblock som m\u00e4ter 90x19x6 mm och \u00e4r perfekt f\u00f6r att arbeta med byggsatser som fartygsmodeller i tr\u00e4, plastmodeller och modellj\u00e4rnv\u00e4gar.<\/p>\n<p>De h\u00e4r flexibla slipmaskinerna finns i olika grovlekar f\u00f6r att uppfylla alla dina behov:<\/p>\n<ul>\n<li>Grov (60\/100): Effektiv f\u00f6r materialavverkning.<\/li>\n<li>Medium (240\/400): Idealisk f\u00f6r att blanda och j\u00e4mna ut.<\/li>\n<li>Fin (600\/1000): Perfekt f\u00f6r finputsning och polering.<\/li>\n<\/ul>\n<p>Med Flexisander Dual Grit x3 kan du f\u00e5 en j\u00e4mn och professionell finish p\u00e5 dina modellprojekt. Oavsett om du arbetar med en skalenlig modell av ett lokomotiv eller bygger ett tr\u00e4fartyg hj\u00e4lper de h\u00e4r slipmaskinerna dig att f\u00e5 jobbet gjort.<\/p>\n<p>Modellbygge \u00e4r en kreativ och givande hobby, och med r\u00e4tt verktyg kan du ta dina projekt till n\u00e4sta niv\u00e5. Investera i en upps\u00e4ttning Flexisander Dual Grit x3 och upplev vilken skillnad det kan g\u00f6ra f\u00f6r dina byggsatser f\u00f6r vuxna.<\/p>\n<p>Bl\u00e4ddra i v\u00e5rt sortiment och best\u00e4ll Flexisander Dual Grit x3 idag f\u00f6r att ta din modelleringsupplevelse till n\u00e4sta niv\u00e5.<\/p>","protected":false},"excerpt":{"rendered":"<p>Flexisander Dual Grit x3 \u00e4r en upps\u00e4ttning med 3 \u00e5teranv\u00e4ndbara och tv\u00e4ttbara sandpappersblock, perfekta f\u00f6r modellering. De har olika grovlekar f\u00f6r effektiv borttagning av material, utj\u00e4mning och polering.<\/p>","protected":false},"featured_media":7562,"comment_status":"open","ping_status":"closed","template":"","meta":[],"product_brand":[],"product_cat":[58],"product_tag":[],"class_list":{"0":"post-7563","1":"product","2":"type-product","3":"status-publish","4":"has-post-thumbnail","6":"product_cat-verktoy","8":"first","9":"instock","10":"taxable","11":"shipping-taxable","12":"purchasable","13":"product-type-simple"},"_links":{"self":[{"href":"https:\/\/bigfunhobby.com\/sv\/wp-json\/wp\/v2\/product\/7563","targetHints":{"allow":["GET"]}}],"collection":[{"href":"https:\/\/bigfunhobby.com\/sv\/wp-json\/wp\/v2\/product"}],"about":[{"href":"https:\/\/bigfunhobby.com\/sv\/wp-json\/wp\/v2\/types\/product"}],"replies":[{"embeddable":true,"href":"https:\/\/bigfunhobby.com\/sv\/wp-json\/wp\/v2\/comments?post=7563"}],"wp:featuredmedia":[{"embeddable":true,"href":"https:\/\/bigfunhobby.com\/sv\/wp-json\/wp\/v2\/media\/7562"}],"wp:attachment":[{"href":"https:\/\/bigfunhobby.com\/sv\/wp-json\/wp\/v2\/media?parent=7563"}],"wp:term":[{"taxonomy":"product_brand","embeddable":true,"href":"https:\/\/bigfunhobby.com\/sv\/wp-json\/wp\/v2\/product_brand?post=7563"},{"taxonomy":"product_cat","embeddable":true,"href":"https:\/\/bigfunhobby.com\/sv\/wp-json\/wp\/v2\/product_cat?post=7563"},{"taxonomy":"product_tag","embeddable":true,"href":"https:\/\/bigfunhobby.com\/sv\/wp-json\/wp\/v2\/product_tag?post=7563"}],"curies":[{"name":"wp","href":"https:\/\/api.w.org\/{rel}","templated":true}]}}