{"id":7565,"date":"2025-03-08T17:11:52","date_gmt":"2025-03-08T17:11:52","guid":{"rendered":"https:\/\/bigfunhobby.com\/butikk\/the-kit-moddellers-tool-set\/"},"modified":"2025-12-04T10:59:08","modified_gmt":"2025-12-04T08:59:08","slug":"verktygssats-for-byggsatsmodellerare","status":"publish","type":"product","link":"https:\/\/bigfunhobby.com\/sv\/butikk\/the-kit-moddellers-tool-set\/","title":{"rendered":"KITMODELLBYGGARENS VERKTYGSSATS"},"content":{"rendered":"<p>Kit Moddeller's Tool Set \u00e4r ett m\u00e5ste f\u00f6r alla entusiastiska modellbyggare. Med den h\u00e4r verktygssatsen f\u00e5r du allt du beh\u00f6ver f\u00f6r att montera och detaljera dina plastmodeller, tr\u00e4skepp, modellj\u00e4rnv\u00e4gar och fj\u00e4rrstyrda fordon.<\/p>\n<ul>\n<li>Perfekt f\u00f6r b\u00e5de nyb\u00f6rjare och erfarna modellbyggare<\/li>\n<li>Inkluderar alla n\u00f6dv\u00e4ndiga verktyg f\u00f6r montering och detaljbearbetning<\/li>\n<li>L\u00e4mplig f\u00f6r alla typer av modellering, t.ex. plastmodeller, tr\u00e4skepp, modellj\u00e4rnv\u00e4gar och fj\u00e4rrstyrda fordon<\/li>\n<\/ul>\n<p>Oavsett om du \u00e4r nyb\u00f6rjare eller en erfaren entusiast kommer den h\u00e4r verktygssatsen att ge dig m\u00f6jlighet att ta dina byggsatser och modeller till n\u00e4sta niv\u00e5. Med The Kit Moddeller's Tool Set har du allt du beh\u00f6ver f\u00f6r att bygga och detaljera dina byggsatser p\u00e5 ett professionellt och exakt s\u00e4tt.<\/p>\n<p>Oavsett om du arbetar med plastmodeller, bygger en skeppsmodell i tr\u00e4, s\u00e4tter ihop en modellj\u00e4rnv\u00e4g eller monterar ett fj\u00e4rrstyrt fordon, kommer The Kit Moddeller's Tool Set att vara ett ov\u00e4rderligt tillskott till din verkstad.<\/p>\n<p>V\u00e4nta inte l\u00e4ngre, ta ditt modellerande till n\u00e4sta niv\u00e5 redan idag med The Kit Moddeller's Tool Set. <strong>Boka nu!<\/strong><\/p>","protected":false},"excerpt":{"rendered":"<p>Kit Moddeller's Tool Set \u00e4r det ultimata verktyget f\u00f6r entusiastiska modellbyggare. Med detta kit f\u00e5r du allt du beh\u00f6ver f\u00f6r att bygga och detaljera dina byggsatser och modeller.<\/p>","protected":false},"featured_media":7564,"comment_status":"open","ping_status":"closed","template":"","meta":[],"product_brand":[102],"product_cat":[58],"product_tag":[],"class_list":{"0":"post-7565","1":"product","2":"type-product","3":"status-publish","4":"has-post-thumbnail","6":"product_brand-humbrol","7":"product_cat-verktoy","9":"first","10":"outofstock","11":"taxable","12":"shipping-taxable","13":"purchasable","14":"product-type-simple"},"_links":{"self":[{"href":"https:\/\/bigfunhobby.com\/sv\/wp-json\/wp\/v2\/product\/7565","targetHints":{"allow":["GET"]}}],"collection":[{"href":"https:\/\/bigfunhobby.com\/sv\/wp-json\/wp\/v2\/product"}],"about":[{"href":"https:\/\/bigfunhobby.com\/sv\/wp-json\/wp\/v2\/types\/product"}],"replies":[{"embeddable":true,"href":"https:\/\/bigfunhobby.com\/sv\/wp-json\/wp\/v2\/comments?post=7565"}],"wp:featuredmedia":[{"embeddable":true,"href":"https:\/\/bigfunhobby.com\/sv\/wp-json\/wp\/v2\/media\/7564"}],"wp:attachment":[{"href":"https:\/\/bigfunhobby.com\/sv\/wp-json\/wp\/v2\/media?parent=7565"}],"wp:term":[{"taxonomy":"product_brand","embeddable":true,"href":"https:\/\/bigfunhobby.com\/sv\/wp-json\/wp\/v2\/product_brand?post=7565"},{"taxonomy":"product_cat","embeddable":true,"href":"https:\/\/bigfunhobby.com\/sv\/wp-json\/wp\/v2\/product_cat?post=7565"},{"taxonomy":"product_tag","embeddable":true,"href":"https:\/\/bigfunhobby.com\/sv\/wp-json\/wp\/v2\/product_tag?post=7565"}],"curies":[{"name":"wp","href":"https:\/\/api.w.org\/{rel}","templated":true}]}}