{"id":7569,"date":"2025-03-08T17:11:53","date_gmt":"2025-03-08T17:11:53","guid":{"rendered":"https:\/\/bigfunhobby.com\/butikk\/rocket\/"},"modified":"2026-03-03T12:26:14","modified_gmt":"2026-03-03T10:26:14","slug":"rocket","status":"publish","type":"product","link":"https:\/\/bigfunhobby.com\/sv\/butikk\/rocket\/","title":{"rendered":"54000 - Rocket"},"content":{"rendered":"<p>54000 &#8211; Rocket er et imponerende modelljernbane byggesett som tar deg tilbake til 1829, da George Stephenson og hans Rocket tok seieren i Rainhill Trials. Denne modellen er en hyllest til det f\u00f8rste nyttige og praktiske lokomotivet for transport av passasjerer og varer, som lanserte en ny \u00e6ra i transportens historie.<\/p>\n<p>Dette lokomotiv byggesettet veier bare 4,2 tonn, og inkluderer en fler-r\u00f8r-kjele, nesten 6 fot lang med en diameter p\u00e5 3 fot 4 tommer. Det er i stand til \u00e5 n\u00e5 hastigheter p\u00e5 opptil 25 miles i timen takket v\u00e6re sine sylindere som er satt i en skr\u00e5stilt posisjon og 4 fot 8-tommers drivhjul.<\/p>\n<p>Modellen er i 1:24 skala (G-45) og har f\u00f8lgende m\u00e5l:<\/p>\n<ul>\n<li>Lengde: 290 mm<\/li>\n<li>Bredde: 65 mm<\/li>\n<li>H\u00f8yde: 180 mm<\/li>\n<\/ul>\n<p>Rocket byggesettet er ideelt for b\u00e5de nybegynnere og erfarne entusiaster innen modelljernbane. Du vil l\u00e6re steg for steg hvordan du setter sammen en modell med alle detaljene fra originallokomotivet.<\/p>\n<p>Vi inviterer deg til \u00e5 la deg rive med og sette opp et rom for kreativ fritid der du kan nyte denne fantastiske modellen. Bygging av modelljernbane er en berikende hobby som b\u00e5de voksne og barn kan glede seg over.<\/p>\n<p>Start din modelljernbane samling i dag. Bestill 54000 &#8211; Rocket n\u00e5 og ta et steg inn i den fascinerende verden av skalamodeller.<\/p>","protected":false},"excerpt":{"rendered":"<p>Opplev historien til jernbanen i miniatyr med 54000 &#8211; Rocket modelljernbane byggesett. Gjenopplev den industrielle revolusjonen med denne n\u00f8yaktige modellen av George Stephenson&#8217;s banebrytende lokomotiv.<\/p>","protected":false},"featured_media":7568,"comment_status":"open","ping_status":"closed","template":"","meta":[],"product_brand":[95],"product_cat":[68],"product_tag":[],"class_list":{"0":"post-7569","1":"product","2":"type-product","3":"status-publish","4":"has-post-thumbnail","6":"product_brand-occre","7":"product_cat-togtrikk-occre","9":"first","10":"instock","11":"taxable","12":"shipping-taxable","13":"purchasable","14":"product-type-simple"},"_links":{"self":[{"href":"https:\/\/bigfunhobby.com\/sv\/wp-json\/wp\/v2\/product\/7569","targetHints":{"allow":["GET"]}}],"collection":[{"href":"https:\/\/bigfunhobby.com\/sv\/wp-json\/wp\/v2\/product"}],"about":[{"href":"https:\/\/bigfunhobby.com\/sv\/wp-json\/wp\/v2\/types\/product"}],"replies":[{"embeddable":true,"href":"https:\/\/bigfunhobby.com\/sv\/wp-json\/wp\/v2\/comments?post=7569"}],"wp:featuredmedia":[{"embeddable":true,"href":"https:\/\/bigfunhobby.com\/sv\/wp-json\/wp\/v2\/media\/7568"}],"wp:attachment":[{"href":"https:\/\/bigfunhobby.com\/sv\/wp-json\/wp\/v2\/media?parent=7569"}],"wp:term":[{"taxonomy":"product_brand","embeddable":true,"href":"https:\/\/bigfunhobby.com\/sv\/wp-json\/wp\/v2\/product_brand?post=7569"},{"taxonomy":"product_cat","embeddable":true,"href":"https:\/\/bigfunhobby.com\/sv\/wp-json\/wp\/v2\/product_cat?post=7569"},{"taxonomy":"product_tag","embeddable":true,"href":"https:\/\/bigfunhobby.com\/sv\/wp-json\/wp\/v2\/product_tag?post=7569"}],"curies":[{"name":"wp","href":"https:\/\/api.w.org\/{rel}","templated":true}]}}