{"id":7577,"date":"2025-03-08T17:11:55","date_gmt":"2025-03-08T17:11:55","guid":{"rendered":"https:\/\/bigfunhobby.com\/butikk\/11200-queen-mary-2\/"},"modified":"2025-12-04T10:59:08","modified_gmt":"2025-12-04T08:59:08","slug":"11200-drottning-mary-2","status":"publish","type":"product","link":"https:\/\/bigfunhobby.com\/sv\/butikk\/11200-queen-mary-2\/","title":{"rendered":"1:1200 DROTTNING MARY 2"},"content":{"rendered":"<p>Genom att bygga denna 1:1200 QUEEN MARY 2 plastmodellsats kan du skapa din egen miniatyrversion av det majest\u00e4tiska och historiska passagerarfartyget. Det h\u00e4r \u00e4r ett sp\u00e4nnande projekt f\u00f6r alla som \u00e4r intresserade av modellbygge, oavsett om du \u00e4r nyb\u00f6rjare eller en erfaren entusiast.<\/p>\n<ul>\n<li>Detaljerat skrov med m\u00e5nga strukturer<\/li>\n<li>4 motorlock med drivskruvar<\/li>\n<li>Strukturella detaljer p\u00e5 huvudd\u00e4cket<\/li>\n<li>Detaljerade simbass\u00e4nger med en valfri etikett<\/li>\n<li>Detaljerade d\u00e4ck\u00f6verbyggnader<\/li>\n<li>Detaljerad tratt<\/li>\n<li>Radomer<\/li>\n<li>8 livb\u00e5tar, 14 r\u00e4ddningsb\u00e5tar och 2 sm\u00e5 motorb\u00e5tar<\/li>\n<li>F\u00f6rd\u00e4ck med 2 lastkranar<\/li>\n<li>Representation av tennisbanor<\/li>\n<\/ul>\n<p>Queen Mary 2 \u00e4r k\u00e4nt som det mest magnifika passagerarfartyget i v\u00e4rlden, med ett bruttotonnage p\u00e5 150.000, en l\u00e4ngd p\u00e5 345 meter och en h\u00f6jd p\u00e5 72 meter - h\u00f6gre \u00e4n Frihetsgudinnan. Fartyget \u00e4r designat f\u00f6r att rymma upp till 2.620 passagerare och en bes\u00e4ttning p\u00e5 1.253, f\u00f6rdelat p\u00e5 14 lyxigt inredda passagerard\u00e4ck.<\/p>\n<p>Med den h\u00e4r byggsatsen kan du hedra traditionen med resor \u00f6ver Nordatlanten och forts\u00e4tta en era av havsresor. Utforska modellv\u00e4rlden med den h\u00e4r fantastiska skalmodellsatsen och l\u00e4gg till ett stycke historia i din samling.<\/p>\n<p>Redo att ta dig an utmaningen? Starta ditt n\u00e4sta modellprojekt med 1:1200 QUEEN MARY 2-satsen. Best\u00e4ll nu och b\u00f6rja bygga!<\/p>","protected":false},"excerpt":{"rendered":"<p>Byggsatsen QUEEN MARY 2 i skala 1:1200 \u00e4r en detaljerad skalmodell av det ber\u00f6mda passagerarfartyget, perfekt f\u00f6r b\u00e5de nyb\u00f6rjare och erfarna modellbyggare.<\/p>","protected":false},"featured_media":7576,"comment_status":"open","ping_status":"closed","template":"","meta":[],"product_brand":[104],"product_cat":[56],"product_tag":[],"class_list":{"0":"post-7577","1":"product","2":"type-product","3":"status-publish","4":"has-post-thumbnail","6":"product_brand-revell","7":"product_cat-bater","9":"first","10":"outofstock","11":"taxable","12":"shipping-taxable","13":"purchasable","14":"product-type-simple"},"_links":{"self":[{"href":"https:\/\/bigfunhobby.com\/sv\/wp-json\/wp\/v2\/product\/7577","targetHints":{"allow":["GET"]}}],"collection":[{"href":"https:\/\/bigfunhobby.com\/sv\/wp-json\/wp\/v2\/product"}],"about":[{"href":"https:\/\/bigfunhobby.com\/sv\/wp-json\/wp\/v2\/types\/product"}],"replies":[{"embeddable":true,"href":"https:\/\/bigfunhobby.com\/sv\/wp-json\/wp\/v2\/comments?post=7577"}],"wp:featuredmedia":[{"embeddable":true,"href":"https:\/\/bigfunhobby.com\/sv\/wp-json\/wp\/v2\/media\/7576"}],"wp:attachment":[{"href":"https:\/\/bigfunhobby.com\/sv\/wp-json\/wp\/v2\/media?parent=7577"}],"wp:term":[{"taxonomy":"product_brand","embeddable":true,"href":"https:\/\/bigfunhobby.com\/sv\/wp-json\/wp\/v2\/product_brand?post=7577"},{"taxonomy":"product_cat","embeddable":true,"href":"https:\/\/bigfunhobby.com\/sv\/wp-json\/wp\/v2\/product_cat?post=7577"},{"taxonomy":"product_tag","embeddable":true,"href":"https:\/\/bigfunhobby.com\/sv\/wp-json\/wp\/v2\/product_tag?post=7577"}],"curies":[{"name":"wp","href":"https:\/\/api.w.org\/{rel}","templated":true}]}}