{"id":7579,"date":"2025-03-08T17:11:56","date_gmt":"2025-03-08T17:11:56","guid":{"rendered":"https:\/\/bigfunhobby.com\/butikk\/184-tea-clipper-cutty-sark-wooden-model-ship-kit\/"},"modified":"2025-12-04T10:59:08","modified_gmt":"2025-12-04T08:59:08","slug":"184-tea-clipper-cutty-sark-modellfartyg-i-tra-byggsats","status":"publish","type":"product","link":"https:\/\/bigfunhobby.com\/sv\/butikk\/184-tea-clipper-cutty-sark-wooden-model-ship-kit\/","title":{"rendered":"1:84 Tea Clipper Cutty Sark. Modellfartyg i tr\u00e4 Kit"},"content":{"rendered":"<p>Detta \u00e4r en h\u00f6gkvalitativ <strong>modell med tre skepp<\/strong> av det ber\u00f6mda te-klipparskeppet Cutty Sark. Med ett skalf\u00f6rh\u00e5llande p\u00e5 1:84 \u00e4r detta en imponerande byggsats som kommer att f\u00e5nga uppm\u00e4rksamheten hos alla modellentusiaster.<\/p>\n<p><strong>Specifikationer:<\/strong><\/p>\n<ul>\n<li>Skala: 1\/84<\/li>\n<li>Sv\u00e5righetsgrad: Expert<\/li>\n<li>L\u00e4ngd: 103,2 cm<\/li>\n<li>Bredd: 35 cm<\/li>\n<li>H\u00f6jd: 62,4 cm<\/li>\n<\/ul>\n<p>Byggsatsen inneh\u00e5ller laserskurna tr\u00e4delar och andra detaljer i l\u00e4mpliga material. Lim, verktyg och lack\/f\u00e4rg ing\u00e5r inte, men bygginstruktioner finns p\u00e5 en praktisk DVD.<\/p>\n<p>Cutty Sark \u00e4r k\u00e4nt som ett av de snabbaste fartygen p\u00e5 sin tid och deltog i den lukrativa tehandeln fr\u00e5n Kina. Fartyget sj\u00f6sattes 1869 och finns idag bevarat f\u00f6r efterv\u00e4rlden i en torrdocka i Greenwich.<\/p>\n<p>I detta <strong>satsen f\u00f6r vuxna<\/strong> har du m\u00f6jlighet att \u00e5terskapa detta historiska fartyg. Med en design som innefattar en falsk k\u00f6l och spant kommer konstruktionen av denna modell att likna konstruktionen av det verkliga fartyget.<\/p>\n<p>Missa inte m\u00f6jligheten att bygga din egen version av det ber\u00f6mda klipparfartyget Cutty Sark. Perfekt f\u00f6r erfarna modellbyggare eller de som \u00e4r intresserade av sj\u00f6fartshistoria. <strong>Best\u00e4ll ditt kit idag!<\/strong><\/p>","protected":false},"excerpt":{"rendered":"<p>Tr\u00e4byggsats av det legendariska te-klipparskeppet Cutty Sark. Perfekt f\u00f6r erfarna modellbyggare med intresse f\u00f6r historiska fartyg.<\/p>","protected":false},"featured_media":7578,"comment_status":"open","ping_status":"closed","template":"","meta":[],"product_brand":[97],"product_cat":[54],"product_tag":[],"class_list":{"0":"post-7579","1":"product","2":"type-product","3":"status-publish","4":"has-post-thumbnail","6":"product_brand-artesania","7":"product_cat-bater-artesania","9":"first","10":"outofstock","11":"taxable","12":"shipping-taxable","13":"purchasable","14":"product-type-simple"},"_links":{"self":[{"href":"https:\/\/bigfunhobby.com\/sv\/wp-json\/wp\/v2\/product\/7579","targetHints":{"allow":["GET"]}}],"collection":[{"href":"https:\/\/bigfunhobby.com\/sv\/wp-json\/wp\/v2\/product"}],"about":[{"href":"https:\/\/bigfunhobby.com\/sv\/wp-json\/wp\/v2\/types\/product"}],"replies":[{"embeddable":true,"href":"https:\/\/bigfunhobby.com\/sv\/wp-json\/wp\/v2\/comments?post=7579"}],"wp:featuredmedia":[{"embeddable":true,"href":"https:\/\/bigfunhobby.com\/sv\/wp-json\/wp\/v2\/media\/7578"}],"wp:attachment":[{"href":"https:\/\/bigfunhobby.com\/sv\/wp-json\/wp\/v2\/media?parent=7579"}],"wp:term":[{"taxonomy":"product_brand","embeddable":true,"href":"https:\/\/bigfunhobby.com\/sv\/wp-json\/wp\/v2\/product_brand?post=7579"},{"taxonomy":"product_cat","embeddable":true,"href":"https:\/\/bigfunhobby.com\/sv\/wp-json\/wp\/v2\/product_cat?post=7579"},{"taxonomy":"product_tag","embeddable":true,"href":"https:\/\/bigfunhobby.com\/sv\/wp-json\/wp\/v2\/product_tag?post=7579"}],"curies":[{"name":"wp","href":"https:\/\/api.w.org\/{rel}","templated":true}]}}