{"id":7583,"date":"2025-03-08T17:11:58","date_gmt":"2025-03-08T17:11:58","guid":{"rendered":"https:\/\/bigfunhobby.com\/butikk\/artesania-easy-kit-1-250-training-ship-j-s-elcano-esmeralda\/"},"modified":"2025-12-04T10:59:08","modified_gmt":"2025-12-04T08:59:08","slug":"artesania-easy-kit-1-250-skolfartyg-j-s-elcano-esmeralda","status":"publish","type":"product","link":"https:\/\/bigfunhobby.com\/sv\/butikk\/artesania-easy-kit-1-250-training-ship-j-s-elcano-esmeralda\/","title":{"rendered":"ARTESANIA EASY KIT 1\/250 SKOLFARTYG J.S. ELCANO\/ESMERALDA"},"content":{"rendered":"<p>Utforska den maritima v\u00e4rlden med v\u00e5r byggsats av det spanska skolfartyget Juan Sebastian Elcano. Modellen, som ocks\u00e5 kan byggas som det n\u00e4stan identiska chilenska skolfartyget Esmeralda, \u00e4r i skala 1\/250 och passar perfekt f\u00f6r b\u00e5de nyb\u00f6rjare och erfarna modellentusiaster.<\/p>\n<p><strong>Specifikationer:<\/strong><\/p>\n<ul>\n<li>Skala: 1\/250<\/li>\n<li>Sv\u00e5righetsgrad: Nyb\u00f6rjare<\/li>\n<li>L\u00e4ngd: 45,5 cm<\/li>\n<li>Bredd: 11 cm<\/li>\n<li>H\u00f6jd: 25,5 cm<\/li>\n<li>Lim, verktyg och lack\/f\u00e4rg ing\u00e5r ej<\/li>\n<li>Inneh\u00e5ller en DVD med detaljerade bygginstruktioner p\u00e5 video<\/li>\n<\/ul>\n<p>Denna modellsats f\u00f6r tr\u00e4fartyg inneh\u00e5ller ett plastskrov, laserskurna delar, andra delar i l\u00e4mpliga material och en DVD med detaljerade bygginstruktioner p\u00e5 video. Satsen \u00e4r utformad f\u00f6r att ge en autentisk modellupplevelse.<\/p>\n<p>Skolfartyget Juan Sebastian Elcano sj\u00f6sattes 1927 i Cadiz och fungerar som skolfartyg i den spanska marinen. Idag forts\u00e4tter det att segla runt om i v\u00e4rlden. Genom att bygga detta tr\u00e4fartyg kan du f\u00e5 en k\u00e4nsla av sj\u00f6fartshistoria direkt i ditt vardagsrum.<\/p>\n<p>I denna byggsats ing\u00e5r ocks\u00e5 figur, flagga och namnskylt f\u00f6r att bygga det stora segelfartyget Esmeralda, som \u00e4r ett skolfartyg n\u00e4stan identiskt med Elcano, men fr\u00e5n den chilenska flottan.<\/p>\n<p>Oavsett om du \u00e4r nyb\u00f6rjare eller en erfaren entusiast \u00e4r den h\u00e4r modellbyggsatsen f\u00f6r tr\u00e4fartyg ett utm\u00e4rkt tillskott till din samling. V\u00e4nta inte l\u00e4ngre, dyk in i modellbyggandets fascinerande v\u00e4rld. Best\u00e4ll din byggsats nu.<\/p>","protected":false},"excerpt":{"rendered":"<p>En instegsmodell av det spanska skolfartyget Juan Sebastian Elcano i skala 1\/250. Perfekt f\u00f6r dig som \u00e4r nyb\u00f6rjare, men \u00e4ven f\u00f6r erfarna modellbyggare som vill ha ett enkelt projekt.<\/p>","protected":false},"featured_media":7582,"comment_status":"open","ping_status":"closed","template":"","meta":[],"product_brand":[97],"product_cat":[54],"product_tag":[],"class_list":{"0":"post-7583","1":"product","2":"type-product","3":"status-publish","4":"has-post-thumbnail","6":"product_brand-artesania","7":"product_cat-bater-artesania","9":"first","10":"outofstock","11":"taxable","12":"shipping-taxable","13":"purchasable","14":"product-type-simple"},"_links":{"self":[{"href":"https:\/\/bigfunhobby.com\/sv\/wp-json\/wp\/v2\/product\/7583","targetHints":{"allow":["GET"]}}],"collection":[{"href":"https:\/\/bigfunhobby.com\/sv\/wp-json\/wp\/v2\/product"}],"about":[{"href":"https:\/\/bigfunhobby.com\/sv\/wp-json\/wp\/v2\/types\/product"}],"replies":[{"embeddable":true,"href":"https:\/\/bigfunhobby.com\/sv\/wp-json\/wp\/v2\/comments?post=7583"}],"wp:featuredmedia":[{"embeddable":true,"href":"https:\/\/bigfunhobby.com\/sv\/wp-json\/wp\/v2\/media\/7582"}],"wp:attachment":[{"href":"https:\/\/bigfunhobby.com\/sv\/wp-json\/wp\/v2\/media?parent=7583"}],"wp:term":[{"taxonomy":"product_brand","embeddable":true,"href":"https:\/\/bigfunhobby.com\/sv\/wp-json\/wp\/v2\/product_brand?post=7583"},{"taxonomy":"product_cat","embeddable":true,"href":"https:\/\/bigfunhobby.com\/sv\/wp-json\/wp\/v2\/product_cat?post=7583"},{"taxonomy":"product_tag","embeddable":true,"href":"https:\/\/bigfunhobby.com\/sv\/wp-json\/wp\/v2\/product_tag?post=7583"}],"curies":[{"name":"wp","href":"https:\/\/api.w.org\/{rel}","templated":true}]}}