{"id":7585,"date":"2025-03-08T17:11:59","date_gmt":"2025-03-08T17:11:59","guid":{"rendered":"https:\/\/bigfunhobby.com\/butikk\/160-american-schooner-harvey-wooden-model-ship-kit\/"},"modified":"2026-03-10T09:25:01","modified_gmt":"2026-03-10T07:25:01","slug":"160-american-schooner-harvey-tra-modellfartyg-kit","status":"publish","type":"product","link":"https:\/\/bigfunhobby.com\/sv\/butikk\/160-american-schooner-harvey-wooden-model-ship-kit\/","title":{"rendered":"1:60. Amerikansk skonare Harvey tr\u00e4modellfartygssats"},"content":{"rendered":"<p>Denna modellsats i tr\u00e4 av den ikoniska amerikanska skonaren Harvey ger dig m\u00f6jlighet att skapa en exakt modell i skala 1:60. Oavsett om du \u00e4r en erfaren modellbyggare eller nyb\u00f6rjare kommer den h\u00e4r satsen att ge dig timmar av utmanande och givande arbete.<\/p>\n<p>Byggsatsen inneh\u00e5ller h\u00f6gkvalitativa delar som precisionsskuren plywood av basswood, m\u00e4ssing och gjutna fotof\u00f6rst\u00e4rkta delar, redo f\u00f6r montering. Dessutom ing\u00e5r bomullssegel, bomullstr\u00e5dar och en displaybas i tr\u00e4 med namnskylt. Ett LED-belysningspaket finns att k\u00f6pa separat f\u00f6r den som vill ge modellen extra detaljer.<\/p>\n<ul>\n<li>L\u00e4ngd p\u00e5 f\u00e4rdig modell: 680 mm<\/li>\n<li>H\u00f6jd p\u00e5 f\u00e4rdig modell: 490 mm<\/li>\n<li>Bredd p\u00e5 f\u00e4rdig modell: 250 mm<\/li>\n<\/ul>\n<p>En DVD med helt omarbetade instruktioner medf\u00f6ljer f\u00f6r att underl\u00e4tta byggprocessen, med steg-f\u00f6r-steg-fotoguider som tydligt visar varje del av processen.<\/p>\n<h2>De amerikanska skonarnas historia<\/h2>\n<p>Schooners \u00e4r en typ av segelb\u00e5t som k\u00e4nnetecknas av sin rigg. De var popul\u00e4ra f\u00f6r m\u00e5nga \u00e4ndam\u00e5l, t.ex. f\u00f6r att transportera gods eller fiska, och anv\u00e4ndes ocks\u00e5 flitigt av privatpersoner. Harvey \u00e4r en ny utg\u00e5va av denna klassiska amerikanska skonare fr\u00e5n 1800-talet. Detta \u00e4r en p\u00e5minnelse om de gamla kustskonerrarna fr\u00e5n 1860-talet i USA.<\/p>\n<p>Missa inte denna anm\u00e4rkningsv\u00e4rda tr\u00e4fartygsmodell som kommer att vara ett bra komplement till alla samlingar av maritima modeller. Best\u00e4ll ditt Harvey Wooden Model Ship Kit idag och p\u00e5b\u00f6rja din sp\u00e4nnande resa in i modellv\u00e4rlden!<\/p>\n<p>&#8216;<\/p>","protected":false},"excerpt":{"rendered":"<p>Modellbyggsats i tr\u00e4 av den ber\u00f6mda amerikanska skonaren Harvey i skala 1:60. Inneh\u00e5ller detaljerade instruktioner och kvalitetsmaterial f\u00f6r ett realistiskt modellbygge.<\/p>","protected":false},"featured_media":7584,"comment_status":"open","ping_status":"closed","template":"","meta":[],"product_brand":[97],"product_cat":[54],"product_tag":[],"class_list":{"0":"post-7585","1":"product","2":"type-product","3":"status-publish","4":"has-post-thumbnail","6":"product_brand-artesania","7":"product_cat-bater-artesania","9":"first","10":"outofstock","11":"taxable","12":"shipping-taxable","13":"purchasable","14":"product-type-simple"},"_links":{"self":[{"href":"https:\/\/bigfunhobby.com\/sv\/wp-json\/wp\/v2\/product\/7585","targetHints":{"allow":["GET"]}}],"collection":[{"href":"https:\/\/bigfunhobby.com\/sv\/wp-json\/wp\/v2\/product"}],"about":[{"href":"https:\/\/bigfunhobby.com\/sv\/wp-json\/wp\/v2\/types\/product"}],"replies":[{"embeddable":true,"href":"https:\/\/bigfunhobby.com\/sv\/wp-json\/wp\/v2\/comments?post=7585"}],"wp:featuredmedia":[{"embeddable":true,"href":"https:\/\/bigfunhobby.com\/sv\/wp-json\/wp\/v2\/media\/7584"}],"wp:attachment":[{"href":"https:\/\/bigfunhobby.com\/sv\/wp-json\/wp\/v2\/media?parent=7585"}],"wp:term":[{"taxonomy":"product_brand","embeddable":true,"href":"https:\/\/bigfunhobby.com\/sv\/wp-json\/wp\/v2\/product_brand?post=7585"},{"taxonomy":"product_cat","embeddable":true,"href":"https:\/\/bigfunhobby.com\/sv\/wp-json\/wp\/v2\/product_cat?post=7585"},{"taxonomy":"product_tag","embeddable":true,"href":"https:\/\/bigfunhobby.com\/sv\/wp-json\/wp\/v2\/product_tag?post=7585"}],"curies":[{"name":"wp","href":"https:\/\/api.w.org\/{rel}","templated":true}]}}