{"id":7591,"date":"2025-03-08T17:12:02","date_gmt":"2025-03-08T17:12:02","guid":{"rendered":"https:\/\/bigfunhobby.com\/butikk\/148-frigate-hms-bounty-wooden-model-ship-kit\/"},"modified":"2025-12-04T10:59:08","modified_gmt":"2025-12-04T08:59:08","slug":"148-fregatt-hms-bounty-modellfartyg-i-tra-byggsats","status":"publish","type":"product","link":"https:\/\/bigfunhobby.com\/sv\/butikk\/148-frigate-hms-bounty-wooden-model-ship-kit\/","title":{"rendered":"1:48 Fregatten HMS Bounty, modellfartygssats i tr\u00e4"},"content":{"rendered":"<p>F\u00f6rdjupa dig i sj\u00f6fartshistoria med denna autentiska tr\u00e4fartygsmodell av den ber\u00f6mda fregatten HMS Bounty. Med tr\u00e4satsen i skala 1:48 kan du skapa ett minuti\u00f6st detaljerat miniatyrskepp som \u00e4r k\u00e4nt fr\u00e5n ett av de mest ber\u00f6mda myterierna i sj\u00f6fartshistorien. Perfekt f\u00f6r b\u00e5de nyb\u00f6rjare och erfarna modellbyggare.<\/p>\n<h2>Ber\u00e4ttelsen om HMS Bounty<\/h2>\n<p> HMS Bounty satte segel fr\u00e5n England i december 1787 f\u00f6r att transportera br\u00f6dfrukter fr\u00e5n Tahiti till Karibien. En kraftig storm tvingade dem att \u00e4ndra kurs och anl\u00e4nda till Tahiti flera m\u00e5nader f\u00f6rsenade. Efter m\u00e5nga sv\u00e5righeter med att \u00e5teruppr\u00e4tta disciplinen utbr\u00f6t ett myteri ombord 24 dagar efter att de hade satt segel igen.<\/p>\n<h2>Specifikationer<\/h2>\n<ul>\n<li>Skala: 1\/48<\/li>\n<li>Material: Tr\u00e4 Tr\u00e4<\/li>\n<li>Modellens m\u00e5tt: 980 x 355 x 763 mm<\/li>\n<li>Inklusive f\u00e4rdigsydda segel<\/li>\n<li>Utst\u00e4llningsfot ing\u00e5r ej<\/li>\n<li>Rekommenderad \u00e5lder: 14 \u00e5r och upp\u00e5t<\/li>\n<\/ul>\n<h2>Inneh\u00e5ll i satsen<\/h2>\n<p>Byggsatsen inneh\u00e5ller laserskurna kartongdelar med h\u00f6g precision, fina tr\u00e4slag som bj\u00f6rk, m\u00e4ssing, gjutj\u00e4rn, v\u00e4vning, bomullstr\u00e5dar och handsydda segel som \u00e4r redo att placeras. F\u00f6r att hj\u00e4lpa dig att bygga modellen ing\u00e5r en komplett steg-f\u00f6r-steg-instruktions-DVD i f\u00e4rg (Windows och Mac) samt ritningar av det f\u00e4rdiga fartyget. Det \u00e4r ocks\u00e5 m\u00f6jligt att l\u00e4mna en sida av skrovet \u00f6ppen f\u00f6r att visa fartygets insida i detalj.<\/p>\n<h2>K\u00f6p HMS Bounty tr\u00e4fartygsmodell nu<\/h2>\n<p>Oavsett om du \u00e4r en erfaren modellbyggare eller nyb\u00f6rjare \u00e4r den h\u00e4r byggsatsen f\u00f6r vuxna ett utm\u00e4rkt s\u00e4tt att utveckla dina f\u00e4rdigheter. Best\u00e4ll HMS Bounty tr\u00e4fartygsmodell nu och b\u00f6rja din resa in i sj\u00f6fartshistorien.<\/p>","protected":false},"excerpt":{"rendered":"<p>Bygg en autentisk skeppsmodell i tr\u00e4 av den historiska fregatten HMS Bounty i skala 1:48. Uppt\u00e4ck en engagerande byggsats f\u00f6r vuxna som \u00e4r perfekt f\u00f6r modellentusiaster.<\/p>","protected":false},"featured_media":7590,"comment_status":"open","ping_status":"closed","template":"","meta":[],"product_brand":[97],"product_cat":[54],"product_tag":[],"class_list":{"0":"post-7591","1":"product","2":"type-product","3":"status-publish","4":"has-post-thumbnail","6":"product_brand-artesania","7":"product_cat-bater-artesania","9":"first","10":"instock","11":"taxable","12":"shipping-taxable","13":"purchasable","14":"product-type-simple"},"_links":{"self":[{"href":"https:\/\/bigfunhobby.com\/sv\/wp-json\/wp\/v2\/product\/7591","targetHints":{"allow":["GET"]}}],"collection":[{"href":"https:\/\/bigfunhobby.com\/sv\/wp-json\/wp\/v2\/product"}],"about":[{"href":"https:\/\/bigfunhobby.com\/sv\/wp-json\/wp\/v2\/types\/product"}],"replies":[{"embeddable":true,"href":"https:\/\/bigfunhobby.com\/sv\/wp-json\/wp\/v2\/comments?post=7591"}],"wp:featuredmedia":[{"embeddable":true,"href":"https:\/\/bigfunhobby.com\/sv\/wp-json\/wp\/v2\/media\/7590"}],"wp:attachment":[{"href":"https:\/\/bigfunhobby.com\/sv\/wp-json\/wp\/v2\/media?parent=7591"}],"wp:term":[{"taxonomy":"product_brand","embeddable":true,"href":"https:\/\/bigfunhobby.com\/sv\/wp-json\/wp\/v2\/product_brand?post=7591"},{"taxonomy":"product_cat","embeddable":true,"href":"https:\/\/bigfunhobby.com\/sv\/wp-json\/wp\/v2\/product_cat?post=7591"},{"taxonomy":"product_tag","embeddable":true,"href":"https:\/\/bigfunhobby.com\/sv\/wp-json\/wp\/v2\/product_tag?post=7591"}],"curies":[{"name":"wp","href":"https:\/\/api.w.org\/{rel}","templated":true}]}}