{"id":7593,"date":"2025-03-08T17:12:03","date_gmt":"2025-03-08T17:12:03","guid":{"rendered":"https:\/\/bigfunhobby.com\/butikk\/1-85-us-frigate-uss-constellation-1798-wooden-model-ship-kit\/"},"modified":"2025-12-04T10:59:08","modified_gmt":"2025-12-04T08:59:08","slug":"1-85-us-frigate-uss-constellation-1798-wooden-model-ship-kit","status":"publish","type":"product","link":"https:\/\/bigfunhobby.com\/sv\/butikk\/1-85-us-frigate-uss-constellation-1798-wooden-model-ship-kit\/","title":{"rendered":"1\/85 US FRIGATE USS CONSTELLATION 1798, Skeppsmodell i tr\u00e4 byggsats"},"content":{"rendered":"<h2>Treskipsmodellbyggesett &#8211; USS Constellation 1798<\/h2>\n<p>Dette byggesettet lar deg gjenskape den ber\u00f8mte USS Constellation fregatten fra den amerikanske marinen i skala 1:85. Et ideelt valg for entusiaster av modellbygging og maritim historie.<\/p>\n<h2>Historien til USS Constellation<\/h2>\n<p>USS Constellation ble bygget i 1797 i Baltimore, og har en rik historie med varierte oppdrag, inkludert \u00e5 hindre at Hawaii ble annektert av den engelske marinen i 1843 og transportere mat til Irland under den store potet hungersn\u00f8den fra 1845-49. Det var ogs\u00e5 det f\u00f8rste amerikanske krigsskipet som bes\u00f8kte Kina i 1842, og ble senere en skoleb\u00e5t i 1871. I dag er det en museumsskip i byen som ga det liv.<\/p>\n<h2>Inneh\u00e5ll i satsen<\/h2>\n<p>Byggesettet inneholder en laserkuttet brett av h\u00f8y presisjon, tre, messing, st\u00f8pejern og bomullsseil klare til \u00e5 plasseres. For monteringen kan du f\u00f8lge v\u00e5r komplette trinn-for-trinn guide p\u00e5 fem spr\u00e5k med flere bilder, som ogs\u00e5 inkluderer tegninger av den ferdige modellen, begge deler p\u00e5 DVD-format for datamaskin (Windows og Mac). V\u00e6r oppmerksom p\u00e5 at settet ikke inkluderer trykte instruksjoner.<\/p>\n<h2>Specifikationer<\/h2>\n<ul>\n<li>Skala: 1:85<\/li>\n<li>Lengde: 1035 mm<\/li>\n<li>Bredde: 330 mm<\/li>\n<li>H\u00f8yde: 710 mm<\/li>\n<\/ul>\n<p>En gang samlet, er denne fabelaktige modellen et virkelig kunstverk som vil gi prakt til det stedet du plasserer denne h\u00f8ykvalitets modellskipet.<\/p>\n<h2>Bestill ditt USS Constellation byggesett n\u00e5<\/h2>\n<p>Dykk inn i historien og opplev gleden av modellbygging med dette detaljerte treskipsmodellbyggesettet. Perfekt for b\u00e5de nybegynnere og erfarne entusiaster. Bestill ditt USS Constellation byggesett n\u00e5, og start reisen din gjennom maritim historie.<\/p>","protected":false},"excerpt":{"rendered":"<p>Bli kjent med den historiske USS Constellation fra 1798 med dette treskipsmodellbyggesettet. Opplev modellbyggingens verden med detaljerte og h\u00f8ykvalitets materialer.<\/p>","protected":false},"featured_media":7592,"comment_status":"open","ping_status":"closed","template":"","meta":[],"product_brand":[97],"product_cat":[54],"product_tag":[],"class_list":{"0":"post-7593","1":"product","2":"type-product","3":"status-publish","4":"has-post-thumbnail","6":"product_brand-artesania","7":"product_cat-bater-artesania","9":"first","10":"instock","11":"taxable","12":"shipping-taxable","13":"purchasable","14":"product-type-simple"},"_links":{"self":[{"href":"https:\/\/bigfunhobby.com\/sv\/wp-json\/wp\/v2\/product\/7593","targetHints":{"allow":["GET"]}}],"collection":[{"href":"https:\/\/bigfunhobby.com\/sv\/wp-json\/wp\/v2\/product"}],"about":[{"href":"https:\/\/bigfunhobby.com\/sv\/wp-json\/wp\/v2\/types\/product"}],"replies":[{"embeddable":true,"href":"https:\/\/bigfunhobby.com\/sv\/wp-json\/wp\/v2\/comments?post=7593"}],"wp:featuredmedia":[{"embeddable":true,"href":"https:\/\/bigfunhobby.com\/sv\/wp-json\/wp\/v2\/media\/7592"}],"wp:attachment":[{"href":"https:\/\/bigfunhobby.com\/sv\/wp-json\/wp\/v2\/media?parent=7593"}],"wp:term":[{"taxonomy":"product_brand","embeddable":true,"href":"https:\/\/bigfunhobby.com\/sv\/wp-json\/wp\/v2\/product_brand?post=7593"},{"taxonomy":"product_cat","embeddable":true,"href":"https:\/\/bigfunhobby.com\/sv\/wp-json\/wp\/v2\/product_cat?post=7593"},{"taxonomy":"product_tag","embeddable":true,"href":"https:\/\/bigfunhobby.com\/sv\/wp-json\/wp\/v2\/product_tag?post=7593"}],"curies":[{"name":"wp","href":"https:\/\/api.w.org\/{rel}","templated":true}]}}