{"id":7595,"date":"2025-03-08T17:12:04","date_gmt":"2025-03-08T17:12:04","guid":{"rendered":"https:\/\/bigfunhobby.com\/butikk\/190-vessel-in-line-san-juan-nepomuceno-wooden-model-ship-kit\/"},"modified":"2025-12-04T10:59:08","modified_gmt":"2025-12-04T08:59:08","slug":"190-vessel-in-line-san-juan-nepomuceno-wooden-model-ship-kit","status":"publish","type":"product","link":"https:\/\/bigfunhobby.com\/sv\/butikk\/190-vessel-in-line-san-juan-nepomuceno-wooden-model-ship-kit\/","title":{"rendered":"1:90 Fartyg i linje San Juan Nepomuceno, Tr\u00e4modellfartygssats"},"content":{"rendered":"<h2>Oppdag Treskipsmodellen San Juan Nepomuceno<\/h2>\n<p>V\u00e5rt byggesett for voksne lar deg skape din egen skalamodell av det historiske krigsskipet San Juan Nepomuceno. Med 74 kanoner og en viktig rolle i det 18. \u00e5rhundre i den spanske fl\u00e5ten, er denne modellen et fascinerende innblikk i sj\u00f8fartshistorien.<\/p>\n<h2>Historien til San Juan Nepomuceno<\/h2>\n<p>Bygget i Guarnizo skipsverft i Cantabria i 1765, utf\u00f8rte San Juan Nepomuceno forskjellige oppdrag frem til 1803, da det ble satt under kommando av Cosme Dami\u00e1n Churruca. To \u00e5r senere deltok skipet i slaget ved Trafalgar, hvor det ble kjent for sin heltemodige innsats. Tross alvorlige skader og omringet av opptil 6 engelske skip, beordret Churruca sine offiserer \u00e5 fortsette kampen. Skipet ble til slutt tatt til fange av Royal Navy og slept til Gibraltar.<\/p>\n<h2>Hva byggesettet inneholder<\/h2>\n<p>Byggesettet inneholder h\u00f8y presisjon laser-kuttede brett deler, fine treslag, messing, st\u00f8pejern og stoff. For \u00e5 montere modellen kan du f\u00f8lge v\u00e5re trinn-for-trinn instruksjoner p\u00e5 DVD-format for datamaskin (Windows og Mac). Byggesettet inkluderer ikke trykte instruksjoner.<\/p>\n<h2>Specifikationer<\/h2>\n<p>N\u00e5r modellen er ferdigstilt, m\u00e5ler den 960mm i lengden, 400mm i bredden og 750mm i h\u00f8yden. Dette gj\u00f8r San Juan Nepomuceno treskipsmodellen til et imponerende syn og et must for alle med interesse for modellbygging og sj\u00f8fartshistorie.<\/p>\n<p>G\u00e5 ikke glipp av sjansen til \u00e5 utforske historien og utfordre dine modellbyggingsferdigheter. Bestill ditt San Juan Nepomuceno byggesett i dag og begynn eventyret!<\/p>","protected":false},"excerpt":{"rendered":"<p>Ta et dypdykk i historien med treskipsmodellen San Juan Nepomuceno. Utforsk sj\u00f8fartshistorien med dette detaljerte byggesettet i tre, en perfekt utfordring for alle modellbyggingsentusiaster.<\/p>","protected":false},"featured_media":7594,"comment_status":"open","ping_status":"closed","template":"","meta":[],"product_brand":[97],"product_cat":[54],"product_tag":[],"class_list":{"0":"post-7595","1":"product","2":"type-product","3":"status-publish","4":"has-post-thumbnail","6":"product_brand-artesania","7":"product_cat-bater-artesania","9":"first","10":"outofstock","11":"taxable","12":"shipping-taxable","13":"purchasable","14":"product-type-simple"},"_links":{"self":[{"href":"https:\/\/bigfunhobby.com\/sv\/wp-json\/wp\/v2\/product\/7595","targetHints":{"allow":["GET"]}}],"collection":[{"href":"https:\/\/bigfunhobby.com\/sv\/wp-json\/wp\/v2\/product"}],"about":[{"href":"https:\/\/bigfunhobby.com\/sv\/wp-json\/wp\/v2\/types\/product"}],"replies":[{"embeddable":true,"href":"https:\/\/bigfunhobby.com\/sv\/wp-json\/wp\/v2\/comments?post=7595"}],"wp:featuredmedia":[{"embeddable":true,"href":"https:\/\/bigfunhobby.com\/sv\/wp-json\/wp\/v2\/media\/7594"}],"wp:attachment":[{"href":"https:\/\/bigfunhobby.com\/sv\/wp-json\/wp\/v2\/media?parent=7595"}],"wp:term":[{"taxonomy":"product_brand","embeddable":true,"href":"https:\/\/bigfunhobby.com\/sv\/wp-json\/wp\/v2\/product_brand?post=7595"},{"taxonomy":"product_cat","embeddable":true,"href":"https:\/\/bigfunhobby.com\/sv\/wp-json\/wp\/v2\/product_cat?post=7595"},{"taxonomy":"product_tag","embeddable":true,"href":"https:\/\/bigfunhobby.com\/sv\/wp-json\/wp\/v2\/product_tag?post=7595"}],"curies":[{"name":"wp","href":"https:\/\/api.w.org\/{rel}","templated":true}]}}