{"id":7599,"date":"2025-03-08T17:12:06","date_gmt":"2025-03-08T17:12:06","guid":{"rendered":"https:\/\/bigfunhobby.com\/butikk\/1-72-le-soleil-royal-louis-xivs-flagship-with-figurines-and-working-lights\/"},"modified":"2025-12-04T10:59:08","modified_gmt":"2025-12-04T08:59:08","slug":"1-72-le-soleil-royal-louis-xivs-flaggskepp-med-figuriner-och-fungerande-lampor","status":"publish","type":"product","link":"https:\/\/bigfunhobby.com\/sv\/butikk\/1-72-le-soleil-royal-louis-xivs-flagship-with-figurines-and-working-lights\/","title":{"rendered":"1\/72 LE SOLEIL KUNGLIGA LOUIS XIV:S FLAGGSKEPP MED FIGURINER OCH FUNGERANDE LJUS"},"content":{"rendered":"<p>Denna tr\u00e4fartygsmodell \u00e4r en detaljerad kopia av \"Soleil Royal\", det majest\u00e4tiska franska krigsfartyget fr\u00e5n Ludvig XIV:s tid. Modellen \u00e4r i skala 1\/72 och levereras som en tr\u00e4sats, perfekt f\u00f6r b\u00e5de nyb\u00f6rjare och erfarna modellbyggare.<\/p>\n<h2>Historien bakom \"Soleil Royal<\/h2>\n<p>\"Soleil Royal\" var ett franskt linjeskepp med 104 kanoner som var amiral Tourvilles flaggskepp. Fartyget byggdes i Brest mellan 1668 och 1670 och efter en tids vila togs det \u00e5ter i bruk 1688 med 112 kanoner och 1200 man ombord. Skeppets dekorationer var bland de vackraste och mest detaljerade av alla barockskepp, och solsymbolen (\"Soleil\") valdes av Ludvig XIV som hans personliga symbol.<\/p>\n<h2>Detaljer om satsen<\/h2>\n<p>Byggsatsen inneh\u00e5ller hundratals laserskurna delar i plywood och massivt tr\u00e4 samt alla gjutna och fotoetsade delar. Dessutom ing\u00e5r en komplett upps\u00e4ttning f\u00e4rdigskurna segel, redo att placeras p\u00e5 modellen. Dessutom ing\u00e5r tolv figurer av bes\u00e4ttningen p\u00e5 \"Soleil Royal\", som kan monteras och m\u00e5las f\u00f6r att ge modellen \u00e4nnu mer realism.<\/p>\n<h2>Specifikationer<\/h2>\n<p>N\u00e4r den h\u00e4r vackra modellen \u00e4r f\u00e4rdigbyggd m\u00e4ter den 935 mm p\u00e5 l\u00e4ngden, 285 mm p\u00e5 bredden och 875 mm p\u00e5 h\u00f6jden. Modellen \u00e4r ocks\u00e5 f\u00f6rberedd f\u00f6r montering av LED-belysning som tillval, vilket f\u00f6rklaras i instruktionerna. Instruktionerna \u00e4r i DVD-format f\u00f6r dator (Windows och Mac) och inneh\u00e5ller en detaljerad steg-f\u00f6r-steg-guide med n\u00e4stan 400 sidor och tusentals bilder. Det finns ocks\u00e5 videor som visar hur man l\u00f6ser n\u00e5gra av de mer utmanande uppgifterna.<\/p>\n<p>\u00c4r du redo att ta steget in i modellbyggandets v\u00e4rld eller \u00e4r du en erfaren modellbyggare som s\u00f6ker en ny utmaning? D\u00e5 \u00e4r den h\u00e4r satsen perfekt f\u00f6r dig. K\u00f6p din \"Soleil Royal\"-sats idag och p\u00e5b\u00f6rja ditt n\u00e4sta modellprojekt.<\/p>","protected":false},"excerpt":{"rendered":"<p>Bygg din egen skeppsmodell i tr\u00e4 av det majest\u00e4tiska franska krigsfartyget \"Soleil Royal\" fr\u00e5n Ludvig XIV:s tid, i skala 1\/72, komplett med figurer och fungerande belysning.<\/p>","protected":false},"featured_media":7598,"comment_status":"open","ping_status":"closed","template":"","meta":[],"product_brand":[97],"product_cat":[54],"product_tag":[],"class_list":{"0":"post-7599","1":"product","2":"type-product","3":"status-publish","4":"has-post-thumbnail","6":"product_brand-artesania","7":"product_cat-bater-artesania","9":"first","10":"instock","11":"taxable","12":"shipping-taxable","13":"purchasable","14":"product-type-simple"},"_links":{"self":[{"href":"https:\/\/bigfunhobby.com\/sv\/wp-json\/wp\/v2\/product\/7599","targetHints":{"allow":["GET"]}}],"collection":[{"href":"https:\/\/bigfunhobby.com\/sv\/wp-json\/wp\/v2\/product"}],"about":[{"href":"https:\/\/bigfunhobby.com\/sv\/wp-json\/wp\/v2\/types\/product"}],"replies":[{"embeddable":true,"href":"https:\/\/bigfunhobby.com\/sv\/wp-json\/wp\/v2\/comments?post=7599"}],"wp:featuredmedia":[{"embeddable":true,"href":"https:\/\/bigfunhobby.com\/sv\/wp-json\/wp\/v2\/media\/7598"}],"wp:attachment":[{"href":"https:\/\/bigfunhobby.com\/sv\/wp-json\/wp\/v2\/media?parent=7599"}],"wp:term":[{"taxonomy":"product_brand","embeddable":true,"href":"https:\/\/bigfunhobby.com\/sv\/wp-json\/wp\/v2\/product_brand?post=7599"},{"taxonomy":"product_cat","embeddable":true,"href":"https:\/\/bigfunhobby.com\/sv\/wp-json\/wp\/v2\/product_cat?post=7599"},{"taxonomy":"product_tag","embeddable":true,"href":"https:\/\/bigfunhobby.com\/sv\/wp-json\/wp\/v2\/product_tag?post=7599"}],"curies":[{"name":"wp","href":"https:\/\/api.w.org\/{rel}","templated":true}]}}