{"id":7601,"date":"2025-03-08T17:12:07","date_gmt":"2025-03-08T17:12:07","guid":{"rendered":"https:\/\/bigfunhobby.com\/butikk\/paints-set-for-ship-model-soleil-royal\/"},"modified":"2025-12-04T10:59:08","modified_gmt":"2025-12-04T08:59:08","slug":"fargset-for-fartygsmodell-soleil-royal","status":"publish","type":"product","link":"https:\/\/bigfunhobby.com\/sv\/butikk\/paints-set-for-ship-model-soleil-royal\/","title":{"rendered":"F\u00e4rgset f\u00f6r fartygsmodell: Soleil Royal"},"content":{"rendered":"<p>Soleil Royal fartygsmodellf\u00e4rgset \u00e4r ett oumb\u00e4rligt tillbeh\u00f6r till din modellverkstad. Med 12 burkar med olika vattenbaserade akrylf\u00e4rger kan du v\u00e4cka liv i din byggsats. Varje burk inneh\u00e5ller 20 ml f\u00e4rg, bl.a. f\u00e4rgerna Off White (x2), Off Black (x2), Hull Red, Prussian Blue (x2), Buff, Cocoa Brown, Burnt Umber, Gold och Vermilion.<\/p>\n<p>Dessa akrylf\u00e4rger \u00e4r idealiska f\u00f6r airbrush-anv\u00e4ndning och ger ett professionellt och j\u00e4mnt resultat p\u00e5 din tr\u00e4fartygsmodell. \u00c4ven om de \u00e4r perfekta f\u00f6r airbrushing kan de ocks\u00e5 anv\u00e4ndas med pensel f\u00f6r finare detaljer. <\/p>\n<p>F\u00e4rgerna kan sp\u00e4das med alkohol eller thinner f\u00f6r mindre fr\u00e4tande, mindre giftiga och mindre avlagringar. De torkar snabbt, vanligtvis till ber\u00f6ring p\u00e5 cirka 20 minuter och helt p\u00e5 en timme. Om det beh\u00f6vs en andra strykning beh\u00f6ver du bara v\u00e4nta i ca 6 timmar.<\/p>\n<p>Modellf\u00e4rgsatsen Soleil Royal Ship \u00e4r ett m\u00e5ste f\u00f6r alla modellbyggare, oavsett erfarenhetsniv\u00e5. Med detta kit kommer du att kunna arbeta med airbrush-teknik och uppn\u00e5 b\u00e4sta resultat i finishen p\u00e5 dina modeller.<\/p>\n<p>F\u00f6rbered din modell f\u00f6r m\u00e5lning genom att applicera ett grundskikt innan du b\u00f6rjar med v\u00e5ra f\u00e4rger. Det g\u00f6r att f\u00e4rgen sitter b\u00e4ttre och ger ett mer professionellt resultat.<\/p>\n<p>V\u00e4nta inte l\u00e4ngre, l\u00e4gg till det h\u00e4r f\u00e4rgkitet i din samling och b\u00f6rja v\u00e4cka liv i dina tr\u00e4byggsatser. K\u00f6p nu och ta ditt modellerande till n\u00e4sta niv\u00e5!<\/p>","protected":false},"excerpt":{"rendered":"<p>Detta f\u00e4rgset till fartygsmodellen Soleil Royal inneh\u00e5ller 12 burkar med olika akrylf\u00e4rger som \u00e4r idealiska f\u00f6r airbrush-anv\u00e4ndning. Satsen \u00e4r perfekt f\u00f6r b\u00e5de nyb\u00f6rjare och erfarna modellbyggare.<\/p>","protected":false},"featured_media":7600,"comment_status":"open","ping_status":"closed","template":"","meta":[],"product_brand":[97],"product_cat":[70],"product_tag":[],"class_list":{"0":"post-7601","1":"product","2":"type-product","3":"status-publish","4":"has-post-thumbnail","6":"product_brand-artesania","7":"product_cat-artesania-maling","9":"first","10":"instock","11":"taxable","12":"shipping-taxable","13":"purchasable","14":"product-type-simple"},"_links":{"self":[{"href":"https:\/\/bigfunhobby.com\/sv\/wp-json\/wp\/v2\/product\/7601","targetHints":{"allow":["GET"]}}],"collection":[{"href":"https:\/\/bigfunhobby.com\/sv\/wp-json\/wp\/v2\/product"}],"about":[{"href":"https:\/\/bigfunhobby.com\/sv\/wp-json\/wp\/v2\/types\/product"}],"replies":[{"embeddable":true,"href":"https:\/\/bigfunhobby.com\/sv\/wp-json\/wp\/v2\/comments?post=7601"}],"wp:featuredmedia":[{"embeddable":true,"href":"https:\/\/bigfunhobby.com\/sv\/wp-json\/wp\/v2\/media\/7600"}],"wp:attachment":[{"href":"https:\/\/bigfunhobby.com\/sv\/wp-json\/wp\/v2\/media?parent=7601"}],"wp:term":[{"taxonomy":"product_brand","embeddable":true,"href":"https:\/\/bigfunhobby.com\/sv\/wp-json\/wp\/v2\/product_brand?post=7601"},{"taxonomy":"product_cat","embeddable":true,"href":"https:\/\/bigfunhobby.com\/sv\/wp-json\/wp\/v2\/product_cat?post=7601"},{"taxonomy":"product_tag","embeddable":true,"href":"https:\/\/bigfunhobby.com\/sv\/wp-json\/wp\/v2\/product_tag?post=7601"}],"curies":[{"name":"wp","href":"https:\/\/api.w.org\/{rel}","templated":true}]}}