{"id":7603,"date":"2025-03-08T17:12:08","date_gmt":"2025-03-08T17:12:08","guid":{"rendered":"https:\/\/bigfunhobby.com\/butikk\/paints-set-for-ship-model-school-boat-juan-sebastian-elcano-esmeralda\/"},"modified":"2025-12-04T10:59:08","modified_gmt":"2025-12-04T08:59:08","slug":"farger-set-for-fartygsmodell-skolbat-juan-sebastian-elcano-esmeralda","status":"publish","type":"product","link":"https:\/\/bigfunhobby.com\/sv\/butikk\/paints-set-for-ship-model-school-boat-juan-sebastian-elcano-esmeralda\/","title":{"rendered":"F\u00e4rger Set f\u00f6r fartygsmodell: Skolb\u00e5t Juan Sebastian Elcano \/ Esmeralda"},"content":{"rendered":"<p>Detta f\u00e4rgkit f\u00f6r modellfartygen Elcano och Esmeralda \u00e4r ett oumb\u00e4rligt komplement till din modellverkstad. Satsen best\u00e5r av sex 20 ml-burkar med olika akrylf\u00e4rger, perfekt anpassade f\u00f6r airbrushapplicering. F\u00e4rgerna som ing\u00e5r \u00e4r Off-White, Off-Black, Hull Green, Gold, Semi-Gloss Varnish och Dye for Wood Sapele Color.<\/p>\n<h2>Specifikationer<\/h2>\n<ul>\n<li>Typ av f\u00e4rg Vattenbaserade akrylf\u00e4rger<\/li>\n<li>Antal: 6 burkar \u00e0 20 ml<\/li>\n<li>F\u00e4rger: Off-White, Off-Black, Hull Green, Gold, Halvblank lack, F\u00e4rg\u00e4mne f\u00f6r tr\u00e4 Sapele Colour<\/li>\n<li>Till\u00e4mplighet: Airbrush och pensel<\/li>\n<li>Torkningstid: Torr vid ber\u00f6ring p\u00e5 ca 20 minuter, helt torr p\u00e5 en timme<\/li>\n<\/ul>\n<h2>Perfekt f\u00f6r modellering<\/h2>\n<p>Dessa vattenbaserade akrylf\u00e4rger kan sp\u00e4das ut med alkohol eller thinner, vilket g\u00f6r dem mindre fr\u00e4tande, mindre giftiga och de s\u00e4tter sig mindre, vilket inneb\u00e4r att det inte kr\u00e4vs s\u00e5 mycket omr\u00f6rning f\u00f6r att f\u00e5 en j\u00e4mn textur. F\u00e4rgerna \u00e4r perfekta f\u00f6r att m\u00e5la skalmodeller av b\u00e5de den spanska skolb\u00e5ten Juan Sebastian Elcano och den chilenska Esmeralda.<\/p>\n<p>Torktiden f\u00f6r dessa f\u00e4rger \u00e4r mycket kort, de torkar vanligtvis vid ber\u00f6ring p\u00e5 cirka 20 minuter och \u00e4r helt torra p\u00e5 en timme. Om du beh\u00f6ver applicera ett andra lager beh\u00f6ver du bara v\u00e4nta cirka 6 timmar. Det rekommenderas att du ger den en primer innan du applicerar f\u00e4rgerna.<\/p>\n<p>Med denna upps\u00e4ttning f\u00e4rger kommer du att kunna arbeta med airbrush och deras tekniker. Airbrushing kommer att ge dig de b\u00e4sta resultaten i finishen p\u00e5 dina modeller med dessa f\u00e4rger!<\/p>\n<p>F\u00f6rb\u00e4ttra utseendet p\u00e5 dina modellfartyg med detta f\u00e4rgkit. Perfekt f\u00f6r b\u00e5de nyb\u00f6rjare och erfarna modellbyggare. <strong>K\u00f6p ditt f\u00e4rgkit f\u00f6r Elcano och Esmeralda modellfartyg h\u00e4r!<\/strong><\/p>","protected":false},"excerpt":{"rendered":"<p>Detta \u00e4r ett set med vattenbaserade f\u00e4rger f\u00f6r modellfartygen Elcano och Esmeralda. Inneh\u00e5ller sex burkar med olika f\u00e4rger, perfekt f\u00f6r airbrush-anv\u00e4ndning och f\u00f6r att f\u00f6rh\u00f6ja utseendet p\u00e5 dina modellfartyg.<\/p>","protected":false},"featured_media":7602,"comment_status":"open","ping_status":"closed","template":"","meta":[],"product_brand":[97],"product_cat":[70],"product_tag":[],"class_list":{"0":"post-7603","1":"product","2":"type-product","3":"status-publish","4":"has-post-thumbnail","6":"product_brand-artesania","7":"product_cat-artesania-maling","9":"first","10":"outofstock","11":"taxable","12":"shipping-taxable","13":"purchasable","14":"product-type-simple"},"_links":{"self":[{"href":"https:\/\/bigfunhobby.com\/sv\/wp-json\/wp\/v2\/product\/7603","targetHints":{"allow":["GET"]}}],"collection":[{"href":"https:\/\/bigfunhobby.com\/sv\/wp-json\/wp\/v2\/product"}],"about":[{"href":"https:\/\/bigfunhobby.com\/sv\/wp-json\/wp\/v2\/types\/product"}],"replies":[{"embeddable":true,"href":"https:\/\/bigfunhobby.com\/sv\/wp-json\/wp\/v2\/comments?post=7603"}],"wp:featuredmedia":[{"embeddable":true,"href":"https:\/\/bigfunhobby.com\/sv\/wp-json\/wp\/v2\/media\/7602"}],"wp:attachment":[{"href":"https:\/\/bigfunhobby.com\/sv\/wp-json\/wp\/v2\/media?parent=7603"}],"wp:term":[{"taxonomy":"product_brand","embeddable":true,"href":"https:\/\/bigfunhobby.com\/sv\/wp-json\/wp\/v2\/product_brand?post=7603"},{"taxonomy":"product_cat","embeddable":true,"href":"https:\/\/bigfunhobby.com\/sv\/wp-json\/wp\/v2\/product_cat?post=7603"},{"taxonomy":"product_tag","embeddable":true,"href":"https:\/\/bigfunhobby.com\/sv\/wp-json\/wp\/v2\/product_tag?post=7603"}],"curies":[{"name":"wp","href":"https:\/\/api.w.org\/{rel}","templated":true}]}}