{"id":7607,"date":"2025-03-08T17:12:10","date_gmt":"2025-03-08T17:12:10","guid":{"rendered":"https:\/\/bigfunhobby.com\/butikk\/paints-set-for-ship-model-dutch-fishing-boat-botter\/"},"modified":"2025-12-04T10:59:08","modified_gmt":"2025-12-04T08:59:08","slug":"malarfargsset-for-fartygsmodell-hollandsk-fiskebat-botter","status":"publish","type":"product","link":"https:\/\/bigfunhobby.com\/sv\/butikk\/paints-set-for-ship-model-dutch-fishing-boat-botter\/","title":{"rendered":"F\u00e4rgset f\u00f6r fartygsmodell: Holl\u00e4ndsk fiskeb\u00e5t Botter"},"content":{"rendered":"<h2>M\u00e5lningssats f\u00f6r modellfartyg: Holl\u00e4ndsk fiskeb\u00e5t Botter<\/h2>\n<p>Detta f\u00e4rgset till modellfartyget \"Dutch Fishing Boat Botter\" \u00e4r ett oumb\u00e4rligt tillbeh\u00f6r f\u00f6r alla modellbyggare. Satsen inneh\u00e5ller sex 20 ml burkar med olika vattenbaserade akrylf\u00e4rger i f\u00e4rgerna Off-White, Off-Black, Buff, Burnt Umber, Vermilion och Bright Green. Perfekt f\u00f6r att ge ditt modellfartyg ett autentiskt och realistiskt utseende.<\/p>\n<p>Den h\u00e4r typen av akrylf\u00e4rger fr\u00e5n Artesania Latina \u00e4r mycket popul\u00e4ra bland erfarna modellbyggare eftersom de l\u00e4mpar sig f\u00f6r airbrush. F\u00e4rgen \u00e4r vattenbaserad och kan sp\u00e4das med alkohol eller thinner f\u00f6r en j\u00e4mnare applicering. Dessutom torkar f\u00e4rgen snabbt, vanligtvis p\u00e5 cirka 20 minuter vid ber\u00f6ring och helt inom en timme. F\u00f6r att applicera ett nytt lager beh\u00f6ver du bara v\u00e4nta ca 6 timmar.<\/p>\n<h2>Anv\u00e4ndning av f\u00e4rgkit f\u00f6r modellfartyg: Botter f\u00f6r holl\u00e4ndsk fiskeb\u00e5t<\/h2>\n<p>F\u00e4rgsatsen \u00e4r perfekt f\u00f6r att m\u00e5la denna modell i skala 1\/35 av \"Dutch Fishing Boat Botter\" fr\u00e5n Artesania Latina. De \u00e4r idealiska att anv\u00e4nda med en airbrush, men kan ocks\u00e5 appliceras med en pensel. Innan du applicerar f\u00e4rgen rekommenderas det att ge modellen ett lager primer.<\/p>\n<p>Med det h\u00e4r f\u00e4rgkitet kan du utforska olika airbrush-tekniker f\u00f6r att uppn\u00e5 b\u00e4sta m\u00f6jliga resultat p\u00e5 ditt modellfartyg. Oavsett om du \u00e4r en erfaren modellbyggare eller nyb\u00f6rjare kommer den h\u00e4r f\u00e4rgkitet att hj\u00e4lpa dig att v\u00e4cka liv i ditt modellfartyg \"Dutch Fishing Boat Botter\".<\/p>\n<p>Starta ditt modellprojekt idag! K\u00f6p f\u00e4rgset till modellfartyget 'Holl\u00e4ndsk Fiskeb\u00e5t Botter' och se urvalet av v\u00e5ra andra modellprodukter. Bygg, m\u00e5la och njut!<\/p>","protected":false},"excerpt":{"rendered":"<p>F\u00e4rgset f\u00f6r modellfartyget \"Dutch Fishing Boat Botter\", inneh\u00e5ller sex olika vattenbaserade akrylf\u00e4rger som \u00e4r idealiska f\u00f6r airbrushapplicering.<\/p>","protected":false},"featured_media":7606,"comment_status":"open","ping_status":"closed","template":"","meta":[],"product_brand":[97],"product_cat":[70],"product_tag":[],"class_list":{"0":"post-7607","1":"product","2":"type-product","3":"status-publish","4":"has-post-thumbnail","6":"product_brand-artesania","7":"product_cat-artesania-maling","9":"first","10":"instock","11":"taxable","12":"shipping-taxable","13":"purchasable","14":"product-type-simple"},"_links":{"self":[{"href":"https:\/\/bigfunhobby.com\/sv\/wp-json\/wp\/v2\/product\/7607","targetHints":{"allow":["GET"]}}],"collection":[{"href":"https:\/\/bigfunhobby.com\/sv\/wp-json\/wp\/v2\/product"}],"about":[{"href":"https:\/\/bigfunhobby.com\/sv\/wp-json\/wp\/v2\/types\/product"}],"replies":[{"embeddable":true,"href":"https:\/\/bigfunhobby.com\/sv\/wp-json\/wp\/v2\/comments?post=7607"}],"wp:featuredmedia":[{"embeddable":true,"href":"https:\/\/bigfunhobby.com\/sv\/wp-json\/wp\/v2\/media\/7606"}],"wp:attachment":[{"href":"https:\/\/bigfunhobby.com\/sv\/wp-json\/wp\/v2\/media?parent=7607"}],"wp:term":[{"taxonomy":"product_brand","embeddable":true,"href":"https:\/\/bigfunhobby.com\/sv\/wp-json\/wp\/v2\/product_brand?post=7607"},{"taxonomy":"product_cat","embeddable":true,"href":"https:\/\/bigfunhobby.com\/sv\/wp-json\/wp\/v2\/product_cat?post=7607"},{"taxonomy":"product_tag","embeddable":true,"href":"https:\/\/bigfunhobby.com\/sv\/wp-json\/wp\/v2\/product_tag?post=7607"}],"curies":[{"name":"wp","href":"https:\/\/api.w.org\/{rel}","templated":true}]}}