{"id":7609,"date":"2025-03-08T17:12:11","date_gmt":"2025-03-08T17:12:11","guid":{"rendered":"https:\/\/bigfunhobby.com\/butikk\/paints-set-for-ship-model-schooners\/"},"modified":"2025-12-04T10:59:08","modified_gmt":"2025-12-04T08:59:08","slug":"paints-set-for-ship-model-schooners","status":"publish","type":"product","link":"https:\/\/bigfunhobby.com\/sv\/butikk\/paints-set-for-ship-model-schooners\/","title":{"rendered":"F\u00e4rgset f\u00f6r fartygsmodell: Skonare"},"content":{"rendered":"<h2> Beskrivelse av akrylmaling for modellskuter <\/h2>\n<p> Dette malingsettet er spesielt sammensatt for de som er interessert i modellbygging av skuter som Virginia og Harvey. Settet best\u00e5r av 12 forskjellige vannbaserte akrylmaling, hver med 20 ml produkt. Fargene som er inkludert er Off-White, Off-Black, Buff, Bright Red, Cocoa Brown, Burnt Umber, Hull Green, Gold, Gun Metal Gray, Garnet, Hull Dark Green og Semi-Gloss Dye Varnish Oak Shade. Dette er de ideelle fargene for \u00e5 gi treskipsmodellene dine et autentisk og livaktig utseende. <\/p>\n<h2> Bruk og applikasjon <\/h2>\n<p> Disse malingene kan brukes til \u00e5 male fantastiske modellskuter i skala 1:41 og 1:60. De er perfekt egnet for bruk med airbrush, selv om de ogs\u00e5 kan brukes med pensel. Disse vannbaserte akrylmalingene kan fortynnes med alkohol eller tynner, noe som gj\u00f8r dem mindre korrosive, mindre giftige og de avsetter mindre. Det vil si at det ikke kreves mye omr\u00f8ring for \u00e5 oppn\u00e5 en jevn tekstur. <\/p>\n<p> T\u00f8rketiden for dette malingsettet er sv\u00e6rt kort &#8211; de t\u00f8rker vanligvis til ber\u00f8ring p\u00e5 omtrent 20 minutter og fullstendig p\u00e5 en time. Hvis du trenger \u00e5 p\u00e5f\u00f8re et andre str\u00f8k, trenger du bare \u00e5 vente omtrent 6 timer. Det anbefales \u00e5 gi det et primerlag f\u00f8r du p\u00e5f\u00f8rer malingene. <\/p>\n<h2> Fordeler med malingsettet <\/h2>\n<p> Med dette malingsettet kan du jobbe med airbrushes og deres teknikker. Airbrushing gir deg de beste resultatene p\u00e5 finishen av modellene dine ved hjelp av disse malingene. Settet gir deg alt du trenger for \u00e5 gjenskape de autentiske fargene p\u00e5 en skuter. <\/p>\n<p> Uansett om du er en erfaren modellbygger eller en nybegynner, vil dette malingsettet gi deg muligheten til \u00e5 gi modellene dine en realistisk og detaljert finish. <\/p>\n<p> For \u00e5 starte ditt neste modellbyggingsprosjekt, bestill dette malingsettet i dag. <\/p>","protected":false},"excerpt":{"rendered":"<p>Dette er et sett med vannbaserte akrylmaling for modellskuter som Virginia og Harvey. Settet inneholder 12 forskjellige farger som passer perfekt til byggesett av treskipsmodeller.<\/p>","protected":false},"featured_media":7608,"comment_status":"open","ping_status":"closed","template":"","meta":[],"product_brand":[97],"product_cat":[70],"product_tag":[],"class_list":{"0":"post-7609","1":"product","2":"type-product","3":"status-publish","4":"has-post-thumbnail","6":"product_brand-artesania","7":"product_cat-artesania-maling","9":"first","10":"instock","11":"taxable","12":"shipping-taxable","13":"purchasable","14":"product-type-simple"},"_links":{"self":[{"href":"https:\/\/bigfunhobby.com\/sv\/wp-json\/wp\/v2\/product\/7609","targetHints":{"allow":["GET"]}}],"collection":[{"href":"https:\/\/bigfunhobby.com\/sv\/wp-json\/wp\/v2\/product"}],"about":[{"href":"https:\/\/bigfunhobby.com\/sv\/wp-json\/wp\/v2\/types\/product"}],"replies":[{"embeddable":true,"href":"https:\/\/bigfunhobby.com\/sv\/wp-json\/wp\/v2\/comments?post=7609"}],"wp:featuredmedia":[{"embeddable":true,"href":"https:\/\/bigfunhobby.com\/sv\/wp-json\/wp\/v2\/media\/7608"}],"wp:attachment":[{"href":"https:\/\/bigfunhobby.com\/sv\/wp-json\/wp\/v2\/media?parent=7609"}],"wp:term":[{"taxonomy":"product_brand","embeddable":true,"href":"https:\/\/bigfunhobby.com\/sv\/wp-json\/wp\/v2\/product_brand?post=7609"},{"taxonomy":"product_cat","embeddable":true,"href":"https:\/\/bigfunhobby.com\/sv\/wp-json\/wp\/v2\/product_cat?post=7609"},{"taxonomy":"product_tag","embeddable":true,"href":"https:\/\/bigfunhobby.com\/sv\/wp-json\/wp\/v2\/product_tag?post=7609"}],"curies":[{"name":"wp","href":"https:\/\/api.w.org\/{rel}","templated":true}]}}