{"id":7613,"date":"2025-03-08T17:12:12","date_gmt":"2025-03-08T17:12:12","guid":{"rendered":"https:\/\/bigfunhobby.com\/butikk\/148-b-17f-memphis-belle\/"},"modified":"2025-12-04T10:59:08","modified_gmt":"2025-12-04T08:59:08","slug":"148-b-17f-memphis-belle","status":"publish","type":"product","link":"https:\/\/bigfunhobby.com\/sv\/butikk\/148-b-17f-memphis-belle\/","title":{"rendered":"1:48 B-17F MEMPHIS BELLE"},"content":{"rendered":"<p>Boeing B-17F Memphis Belle er et ikonisk bombefly fra andre verdenskrig, som n\u00e5 kan bli en del av din modellsamling. Dette plastbyggesettet i 1:48 skala gir deg muligheten til \u00e5 bygge en detaljert modell av dette kjente flyet.<\/p>\n<ul>\n<li>Skala: 1\/48<\/li>\n<li>Antall deler: 107<\/li>\n<li>Lengde: 49,4 cm<\/li>\n<li>Passer for alder: 13+<\/li>\n<\/ul>\n<p>Dette byggesettet gir deg mange detaljer \u00e5 jobbe med, inkludert strukturelle detaljer p\u00e5 overflaten, cockpit med instrumentpanel, bombesikte og sete, roterende MG-t\u00e5rn, bevegelig MG kulet\u00e5rn under skroget, MG&#8217;er montert i sideruter, detaljert hovedunderstell, bevegelig propell, og 2 bomber p\u00e5 utvendige pyloner.<\/p>\n<p>Memphis Belle er kjent for \u00e5 v\u00e6re det f\u00f8rste US Army Air Force bombeflyet i Europa som overlevde 25 oppdrag. Etter disse oppdragene, ble Memphis Belle og dens mannskap beordret tilbake til USA, hvor det ble gjort til stjernen i en Hollywood-propagandafilm.<\/p>\n<p>Denne modellen gir deg muligheten til \u00e5 bygge en bit av historien. Enten du er en entusiastisk modellbygger, en historieinteressert, eller begge deler, vil du sette pris p\u00e5 detaljrikdommen og autentisiteten som dette byggesettet tilbyr.<\/p>\n<p>Legg til dette ikoniske flyet i din modellsamling i dag. Kj\u00f8p din Boeing B-17F Memphis Belle skalamodell n\u00e5.<\/p>","protected":false},"excerpt":{"rendered":"<p>Dette er en detaljert skalamodell av det kjente Boeing B-17F Memphis Belle bombeflyet fra andre verdenskrig. Et flott samlerobjekt for alle modellbyggingsentusiaster og historieinteresserte.<\/p>","protected":false},"featured_media":7612,"comment_status":"open","ping_status":"closed","template":"","meta":[],"product_brand":[104],"product_cat":[57],"product_tag":[],"class_list":{"0":"post-7613","1":"product","2":"type-product","3":"status-publish","4":"has-post-thumbnail","6":"product_brand-revell","7":"product_cat-fly","9":"first","10":"instock","11":"taxable","12":"shipping-taxable","13":"purchasable","14":"product-type-simple"},"_links":{"self":[{"href":"https:\/\/bigfunhobby.com\/sv\/wp-json\/wp\/v2\/product\/7613","targetHints":{"allow":["GET"]}}],"collection":[{"href":"https:\/\/bigfunhobby.com\/sv\/wp-json\/wp\/v2\/product"}],"about":[{"href":"https:\/\/bigfunhobby.com\/sv\/wp-json\/wp\/v2\/types\/product"}],"replies":[{"embeddable":true,"href":"https:\/\/bigfunhobby.com\/sv\/wp-json\/wp\/v2\/comments?post=7613"}],"wp:featuredmedia":[{"embeddable":true,"href":"https:\/\/bigfunhobby.com\/sv\/wp-json\/wp\/v2\/media\/7612"}],"wp:attachment":[{"href":"https:\/\/bigfunhobby.com\/sv\/wp-json\/wp\/v2\/media?parent=7613"}],"wp:term":[{"taxonomy":"product_brand","embeddable":true,"href":"https:\/\/bigfunhobby.com\/sv\/wp-json\/wp\/v2\/product_brand?post=7613"},{"taxonomy":"product_cat","embeddable":true,"href":"https:\/\/bigfunhobby.com\/sv\/wp-json\/wp\/v2\/product_cat?post=7613"},{"taxonomy":"product_tag","embeddable":true,"href":"https:\/\/bigfunhobby.com\/sv\/wp-json\/wp\/v2\/product_tag?post=7613"}],"curies":[{"name":"wp","href":"https:\/\/api.w.org\/{rel}","templated":true}]}}