{"id":7619,"date":"2025-03-08T17:12:14","date_gmt":"2025-03-08T17:12:14","guid":{"rendered":"https:\/\/bigfunhobby.com\/butikk\/zl003-santa-maria-1492\/"},"modified":"2025-12-04T10:59:09","modified_gmt":"2025-12-04T08:59:09","slug":"zl003-santa-maria-1492","status":"publish","type":"product","link":"https:\/\/bigfunhobby.com\/sv\/butikk\/zl003-santa-maria-1492\/","title":{"rendered":"ZL:003 Santa Maria 1492"},"content":{"rendered":"<p>Utforsk verden av modellbygging med v\u00e5rt detaljerte byggesett av Santa Maria 1492. Dette er en autentisk treskipsmodell i skala 1:72, som vil tilfredsstille b\u00e5de nybegynnere og erfarne modellbyggere.<\/p>\n<p><strong>Specifikationer:<\/strong><br \/>\n&#8211; Navn: Santa Maria<br \/>\n&#8211; Produktnummer: ZL:003<br \/>\n&#8211; Skala: 1:72<br \/>\n&#8211; Lengde: 480 mm<br \/>\n&#8211; Bredde: 248 mm<br \/>\n&#8211; H\u00f8yde: 390 mm<br \/>\n&#8211; Antall i pakken: 1 stk<br \/>\n&#8211; Type emballasje: Boks (500x350x50 mm)<\/p>\n<p>Dette byggesettet inkluderer alle deler kuttet med laser, arrangement av planker p\u00e5 dekk og bord gravert med laser, laserkuttede og profilerte plankedekk, kanoner og dreibare kanoner, stokker til master og r\u00e6r, blokker og d\u00f8de \u00f8yne, wire, flagg trykket p\u00e5 lerretspapir, laserutsk\u00e5rne seil, tau av forskjellig tykkelse, akrylmaling, pensler og en fargerik instruksjon illustrert med mange bilder og beskrivelser som viser ikke bare trinn-for-trinn stadier av bygging, men ogs\u00e5 inkluderer teknikker for liming og maling i henhold til regler for detaljert veiledning.<\/p>\n<p>Santa Maria var flaggskipet til Christofer Columbus p\u00e5 hans f\u00f8rste reise over Atlanterhavet i 1492. Med dette byggesettet kan du gjenoppleve historien og skape en n\u00f8yaktig modell av dette ber\u00f8mte skipet.<\/p>\n<p>Enten du er en veteran innen modellbygging eller bare begynner, vil dette treskipsmodell byggesettet gi deg timer med engasjerende og givende arbeid. Start eventyret i dag, og se hvor langt dine modellbygging ferdigheter kan ta deg. Kj\u00f8p her og begynn reisen!<\/p>","protected":false},"excerpt":{"rendered":"<p>Imponerende treskipsmodell av Santa Maria 1492. Et komplett byggesett i tre med laserutsk\u00e5rne deler og detaljert instruksjon, perfekt for b\u00e5de nybegynnere og erfarne modellbyggere.<\/p>","protected":false},"featured_media":7618,"comment_status":"open","ping_status":"closed","template":"","meta":[],"product_brand":[],"product_cat":[71],"product_tag":[],"class_list":{"0":"post-7619","1":"product","2":"type-product","3":"status-publish","4":"has-post-thumbnail","6":"product_cat-shipyard-marine-miniatures","8":"first","9":"outofstock","10":"taxable","11":"shipping-taxable","12":"purchasable","13":"product-type-simple"},"_links":{"self":[{"href":"https:\/\/bigfunhobby.com\/sv\/wp-json\/wp\/v2\/product\/7619","targetHints":{"allow":["GET"]}}],"collection":[{"href":"https:\/\/bigfunhobby.com\/sv\/wp-json\/wp\/v2\/product"}],"about":[{"href":"https:\/\/bigfunhobby.com\/sv\/wp-json\/wp\/v2\/types\/product"}],"replies":[{"embeddable":true,"href":"https:\/\/bigfunhobby.com\/sv\/wp-json\/wp\/v2\/comments?post=7619"}],"wp:featuredmedia":[{"embeddable":true,"href":"https:\/\/bigfunhobby.com\/sv\/wp-json\/wp\/v2\/media\/7618"}],"wp:attachment":[{"href":"https:\/\/bigfunhobby.com\/sv\/wp-json\/wp\/v2\/media?parent=7619"}],"wp:term":[{"taxonomy":"product_brand","embeddable":true,"href":"https:\/\/bigfunhobby.com\/sv\/wp-json\/wp\/v2\/product_brand?post=7619"},{"taxonomy":"product_cat","embeddable":true,"href":"https:\/\/bigfunhobby.com\/sv\/wp-json\/wp\/v2\/product_cat?post=7619"},{"taxonomy":"product_tag","embeddable":true,"href":"https:\/\/bigfunhobby.com\/sv\/wp-json\/wp\/v2\/product_tag?post=7619"}],"curies":[{"name":"wp","href":"https:\/\/api.w.org\/{rel}","templated":true}]}}