{"id":7621,"date":"2025-03-08T17:12:15","date_gmt":"2025-03-08T17:12:15","guid":{"rendered":"https:\/\/bigfunhobby.com\/butikk\/zl005-papegojan-1627\/"},"modified":"2025-12-04T10:59:09","modified_gmt":"2025-12-04T08:59:09","slug":"zl005-papegoja-1627","status":"publish","type":"product","link":"https:\/\/bigfunhobby.com\/sv\/butikk\/zl005-papegojan-1627\/","title":{"rendered":"ZL:005 Papegoja 1627"},"content":{"rendered":"<p>F\u00f6rdjupa dig i historien med byggsatsen ZL:005 Papegojan 1627. Denna modellsats f\u00f6r tr\u00e4fartyg ger dig m\u00f6jlighet att skapa en autentisk modell av det historiska fartyget Papegojan fr\u00e5n 1627. Med den h\u00e4r modellen kan du resa tillbaka i tiden och uppleva sj\u00f6fartslivet p\u00e5 1600-talet.<\/p>\n<p><strong>Specifikationer:<\/strong><br \/>\nSkala: 1:72<\/p>","protected":false},"excerpt":{"rendered":"<p>ZL:005 Papegojan 1627 \u00e4r en detaljerad byggsats i tr\u00e4 f\u00f6r att skapa en realistisk modell av ett tr\u00e4fartyg fr\u00e5n 1627. Perfekt f\u00f6r modellbyggeentusiaster som vill ha en autentisk upplevelse.<\/p>","protected":false},"featured_media":7620,"comment_status":"open","ping_status":"closed","template":"","meta":[],"product_brand":[],"product_cat":[71],"product_tag":[],"class_list":{"0":"post-7621","1":"product","2":"type-product","3":"status-publish","4":"has-post-thumbnail","6":"product_cat-shipyard-marine-miniatures","8":"first","9":"outofstock","10":"taxable","11":"shipping-taxable","12":"purchasable","13":"product-type-simple"},"_links":{"self":[{"href":"https:\/\/bigfunhobby.com\/sv\/wp-json\/wp\/v2\/product\/7621","targetHints":{"allow":["GET"]}}],"collection":[{"href":"https:\/\/bigfunhobby.com\/sv\/wp-json\/wp\/v2\/product"}],"about":[{"href":"https:\/\/bigfunhobby.com\/sv\/wp-json\/wp\/v2\/types\/product"}],"replies":[{"embeddable":true,"href":"https:\/\/bigfunhobby.com\/sv\/wp-json\/wp\/v2\/comments?post=7621"}],"wp:featuredmedia":[{"embeddable":true,"href":"https:\/\/bigfunhobby.com\/sv\/wp-json\/wp\/v2\/media\/7620"}],"wp:attachment":[{"href":"https:\/\/bigfunhobby.com\/sv\/wp-json\/wp\/v2\/media?parent=7621"}],"wp:term":[{"taxonomy":"product_brand","embeddable":true,"href":"https:\/\/bigfunhobby.com\/sv\/wp-json\/wp\/v2\/product_brand?post=7621"},{"taxonomy":"product_cat","embeddable":true,"href":"https:\/\/bigfunhobby.com\/sv\/wp-json\/wp\/v2\/product_cat?post=7621"},{"taxonomy":"product_tag","embeddable":true,"href":"https:\/\/bigfunhobby.com\/sv\/wp-json\/wp\/v2\/product_tag?post=7621"}],"curies":[{"name":"wp","href":"https:\/\/api.w.org\/{rel}","templated":true}]}}