{"id":7623,"date":"2025-03-08T17:12:15","date_gmt":"2025-03-08T17:12:15","guid":{"rendered":"https:\/\/bigfunhobby.com\/butikk\/zl007-crowdy-head-lighthouse\/"},"modified":"2025-12-04T10:59:09","modified_gmt":"2025-12-04T08:59:09","slug":"zl007-crowdy-head-lighthouse","status":"publish","type":"product","link":"https:\/\/bigfunhobby.com\/sv\/butikk\/zl007-crowdy-head-lighthouse\/","title":{"rendered":"ZL:007 Crowdy Head fyr"},"content":{"rendered":"<p>ZL:007 Crowdy Head Lighthouse byggesett er en detaljert og autentisk skalamodell av det historiske fyrt\u00e5rnet. Dette byggesettet passer b\u00e5de for nybegynnere og erfarne entusiaster innen modellbygging.<\/p>\n<p><strong>Specifikationer:<\/strong><\/p>","protected":false},"excerpt":{"rendered":"<p>Byggesettet ZL:007 Crowdy Head Lighthouse er en n\u00f8yaktig skalamodell i 1:72 av det ber\u00f8mte fyrt\u00e5rnet. Perfekt for b\u00e5de nybegynnere og erfarne modellbyggere.<\/p>","protected":false},"featured_media":7622,"comment_status":"open","ping_status":"closed","template":"","meta":[],"product_brand":[],"product_cat":[71],"product_tag":[],"class_list":{"0":"post-7623","1":"product","2":"type-product","3":"status-publish","4":"has-post-thumbnail","6":"product_cat-shipyard-marine-miniatures","8":"first","9":"instock","10":"taxable","11":"shipping-taxable","12":"purchasable","13":"product-type-simple"},"_links":{"self":[{"href":"https:\/\/bigfunhobby.com\/sv\/wp-json\/wp\/v2\/product\/7623","targetHints":{"allow":["GET"]}}],"collection":[{"href":"https:\/\/bigfunhobby.com\/sv\/wp-json\/wp\/v2\/product"}],"about":[{"href":"https:\/\/bigfunhobby.com\/sv\/wp-json\/wp\/v2\/types\/product"}],"replies":[{"embeddable":true,"href":"https:\/\/bigfunhobby.com\/sv\/wp-json\/wp\/v2\/comments?post=7623"}],"wp:featuredmedia":[{"embeddable":true,"href":"https:\/\/bigfunhobby.com\/sv\/wp-json\/wp\/v2\/media\/7622"}],"wp:attachment":[{"href":"https:\/\/bigfunhobby.com\/sv\/wp-json\/wp\/v2\/media?parent=7623"}],"wp:term":[{"taxonomy":"product_brand","embeddable":true,"href":"https:\/\/bigfunhobby.com\/sv\/wp-json\/wp\/v2\/product_brand?post=7623"},{"taxonomy":"product_cat","embeddable":true,"href":"https:\/\/bigfunhobby.com\/sv\/wp-json\/wp\/v2\/product_cat?post=7623"},{"taxonomy":"product_tag","embeddable":true,"href":"https:\/\/bigfunhobby.com\/sv\/wp-json\/wp\/v2\/product_tag?post=7623"}],"curies":[{"name":"wp","href":"https:\/\/api.w.org\/{rel}","templated":true}]}}