{"id":7631,"date":"2025-03-08T17:12:18","date_gmt":"2025-03-08T17:12:18","guid":{"rendered":"https:\/\/bigfunhobby.com\/butikk\/zl013-uto-lighthouse\/"},"modified":"2025-12-16T14:49:36","modified_gmt":"2025-12-16T12:49:36","slug":"zl013-uto-lighthouse","status":"publish","type":"product","link":"https:\/\/bigfunhobby.com\/sv\/butikk\/zl013-uto-lighthouse\/","title":{"rendered":"ZL:013 Ut\u00f6 fyr"},"content":{"rendered":"<p>Med ZL:013 Ut\u00f6 Lighthouse f\u00e5r du en autentisk opplevelse av modellbygging. Dette er den perfekte aktiviteten for b\u00e5de nybegynnere og erfarne entusiaster som elsker detaljer og n\u00f8yaktighet.<\/p>\n<p><strong>Specifikationer:<\/strong><br \/>\n&#8211; Navn: Ut\u00f6 Lighthouse<br \/>\n&#8211; Kategori nummer: ZL:013<br \/>\n&#8211; Skala: 1:72<br \/>\n&#8211; Lengde: 240 mm<br \/>\n&#8211; Bredde: 150 mm<br \/>\n&#8211; H\u00f8yde: 360 mm<br \/>\n&#8211; Antall i pakken: 1 stykk<br \/>\n&#8211; Pakketype: Boks (350x250x50 mm)<\/p>\n<p>Byggesettet er produsert i laserkuttet materiale for presise og rene deler. Hver boks inneholder alt du trenger for \u00e5 fullf\u00f8re prosjektet, inkludert byggeinstruksjoner, akrylfarger, pensler, planter, sand og hvite stener. V\u00e6r oppmerksom p\u00e5 at byggeinstruksjonene er p\u00e5 tysk, engelsk og polsk.<\/p>\n<p>Ut\u00f6 Lighthouse er en skalamodell av det ber\u00f8mte fyrt\u00e5rnet som ligger i Sverige. Med dette byggesettet kan du gjenoppleve historien og arkitekturen til dette bemerkelsesverdige landemerket, rett fra stua di.<\/p>\n<p>La kreativiteten din utfolde seg med dette detaljerte byggesettet, perfekt for alle med interesse for modellbygging eller arkitektur. Enten du er ute etter en ny hobby, eller om du er en erfaren modellbygger, er ZL:013 Ut\u00f6 Lighthouse det perfekte valget for deg.<\/p>\n<p>Ikke vent, start ditt nye modellbyggingsprosjekt i dag. Kj\u00f8p ZL:013 Ut\u00f6 Lighthouse n\u00e5!<\/p>","protected":false},"excerpt":{"rendered":"<p>Utforsk gleden av modellbygging med ZL:013 Ut\u00f6 Lighthouse, et detaljert byggesett i skala 1:72, komplett med akrylfarger, pensler, planter og dekorative elementer.<\/p>","protected":false},"featured_media":7630,"comment_status":"open","ping_status":"closed","template":"","meta":[],"product_brand":[],"product_cat":[71],"product_tag":[],"class_list":{"0":"post-7631","1":"product","2":"type-product","3":"status-publish","4":"has-post-thumbnail","6":"product_cat-shipyard-marine-miniatures","8":"first","9":"instock","10":"taxable","11":"shipping-taxable","12":"purchasable","13":"product-type-simple"},"_links":{"self":[{"href":"https:\/\/bigfunhobby.com\/sv\/wp-json\/wp\/v2\/product\/7631","targetHints":{"allow":["GET"]}}],"collection":[{"href":"https:\/\/bigfunhobby.com\/sv\/wp-json\/wp\/v2\/product"}],"about":[{"href":"https:\/\/bigfunhobby.com\/sv\/wp-json\/wp\/v2\/types\/product"}],"replies":[{"embeddable":true,"href":"https:\/\/bigfunhobby.com\/sv\/wp-json\/wp\/v2\/comments?post=7631"}],"wp:featuredmedia":[{"embeddable":true,"href":"https:\/\/bigfunhobby.com\/sv\/wp-json\/wp\/v2\/media\/7630"}],"wp:attachment":[{"href":"https:\/\/bigfunhobby.com\/sv\/wp-json\/wp\/v2\/media?parent=7631"}],"wp:term":[{"taxonomy":"product_brand","embeddable":true,"href":"https:\/\/bigfunhobby.com\/sv\/wp-json\/wp\/v2\/product_brand?post=7631"},{"taxonomy":"product_cat","embeddable":true,"href":"https:\/\/bigfunhobby.com\/sv\/wp-json\/wp\/v2\/product_cat?post=7631"},{"taxonomy":"product_tag","embeddable":true,"href":"https:\/\/bigfunhobby.com\/sv\/wp-json\/wp\/v2\/product_tag?post=7631"}],"curies":[{"name":"wp","href":"https:\/\/api.w.org\/{rel}","templated":true}]}}