{"id":7639,"date":"2025-03-08T17:12:20","date_gmt":"2025-03-08T17:12:20","guid":{"rendered":"https:\/\/bigfunhobby.com\/butikk\/asb001-single-blocks-2-mm\/"},"modified":"2025-12-04T10:59:10","modified_gmt":"2025-12-04T08:59:10","slug":"asb001-single-blocks-2-mm","status":"publish","type":"product","link":"https:\/\/bigfunhobby.com\/sv\/butikk\/asb001-single-blocks-2-mm\/","title":{"rendered":"ASB:001 Enstaka block 2 mm"},"content":{"rendered":"<p>Introduserer ASB:001 Single Blocks 2 mm, det perfekte byggesettet for deg som elsker detaljer og presisjon i modellbygging. Dette settet er ideelt for b\u00e5de nybegynnere og erfarne modellbyggere, og gir deg muligheten til \u00e5 skape fantastiske modeller med ekstrem n\u00f8yaktighet.<\/p>\n<p><strong>Specifikationer:<\/strong><\/p>","protected":false},"excerpt":{"rendered":"<p>ASB:001 Single Blocks 2 mm er et detaljert byggesett for selvmontering, ideelt for entusiaster av modellbygging. Settet inneholder 40 n\u00f8ye lasersk\u00e5rne deler.&#8217;<\/p>","protected":false},"featured_media":7638,"comment_status":"open","ping_status":"closed","template":"","meta":[],"product_brand":[],"product_cat":[66],"product_tag":[],"class_list":{"0":"post-7639","1":"product","2":"type-product","3":"status-publish","4":"has-post-thumbnail","6":"product_cat-blokker-sjakkler-tauverk","8":"first","9":"instock","10":"taxable","11":"shipping-taxable","12":"purchasable","13":"product-type-simple"},"_links":{"self":[{"href":"https:\/\/bigfunhobby.com\/sv\/wp-json\/wp\/v2\/product\/7639","targetHints":{"allow":["GET"]}}],"collection":[{"href":"https:\/\/bigfunhobby.com\/sv\/wp-json\/wp\/v2\/product"}],"about":[{"href":"https:\/\/bigfunhobby.com\/sv\/wp-json\/wp\/v2\/types\/product"}],"replies":[{"embeddable":true,"href":"https:\/\/bigfunhobby.com\/sv\/wp-json\/wp\/v2\/comments?post=7639"}],"wp:featuredmedia":[{"embeddable":true,"href":"https:\/\/bigfunhobby.com\/sv\/wp-json\/wp\/v2\/media\/7638"}],"wp:attachment":[{"href":"https:\/\/bigfunhobby.com\/sv\/wp-json\/wp\/v2\/media?parent=7639"}],"wp:term":[{"taxonomy":"product_brand","embeddable":true,"href":"https:\/\/bigfunhobby.com\/sv\/wp-json\/wp\/v2\/product_brand?post=7639"},{"taxonomy":"product_cat","embeddable":true,"href":"https:\/\/bigfunhobby.com\/sv\/wp-json\/wp\/v2\/product_cat?post=7639"},{"taxonomy":"product_tag","embeddable":true,"href":"https:\/\/bigfunhobby.com\/sv\/wp-json\/wp\/v2\/product_tag?post=7639"}],"curies":[{"name":"wp","href":"https:\/\/api.w.org\/{rel}","templated":true}]}}