{"id":7643,"date":"2025-03-08T17:12:22","date_gmt":"2025-03-08T17:12:22","guid":{"rendered":"https:\/\/bigfunhobby.com\/butikk\/asb003-single-blocks-4-mm\/"},"modified":"2025-12-04T10:59:10","modified_gmt":"2025-12-04T08:59:10","slug":"asb003-enstaka-block-4-mm","status":"publish","type":"product","link":"https:\/\/bigfunhobby.com\/sv\/butikk\/asb003-single-blocks-4-mm\/","title":{"rendered":"ASB:003 Enstaka block 4 mm"},"content":{"rendered":"<p>Byggsatsen ASB:003 Single Blocks 4 mm ger dig m\u00f6jlighet att utforska modellering p\u00e5 en helt ny niv\u00e5. Denna byggsats \u00e4r perfekt f\u00f6r entusiaster som s\u00f6ker precision och detaljrikedom i sina projekt.<\/p>\n<p><strong>Produktinformation:<\/strong><\/p>","protected":false},"excerpt":{"rendered":"<p>ASB:003 Single Blocks 4 mm \u00e4r en h\u00f6gkvalitativ byggsats, perfekt f\u00f6r detaljerat modellbygge. Inneh\u00e5ller laserskurna delar och instruktioner p\u00e5 flera spr\u00e5k.<\/p>","protected":false},"featured_media":7642,"comment_status":"open","ping_status":"closed","template":"","meta":[],"product_brand":[],"product_cat":[66],"product_tag":[],"class_list":{"0":"post-7643","1":"product","2":"type-product","3":"status-publish","4":"has-post-thumbnail","6":"product_cat-blokker-sjakkler-tauverk","8":"first","9":"instock","10":"taxable","11":"shipping-taxable","12":"purchasable","13":"product-type-simple"},"_links":{"self":[{"href":"https:\/\/bigfunhobby.com\/sv\/wp-json\/wp\/v2\/product\/7643","targetHints":{"allow":["GET"]}}],"collection":[{"href":"https:\/\/bigfunhobby.com\/sv\/wp-json\/wp\/v2\/product"}],"about":[{"href":"https:\/\/bigfunhobby.com\/sv\/wp-json\/wp\/v2\/types\/product"}],"replies":[{"embeddable":true,"href":"https:\/\/bigfunhobby.com\/sv\/wp-json\/wp\/v2\/comments?post=7643"}],"wp:featuredmedia":[{"embeddable":true,"href":"https:\/\/bigfunhobby.com\/sv\/wp-json\/wp\/v2\/media\/7642"}],"wp:attachment":[{"href":"https:\/\/bigfunhobby.com\/sv\/wp-json\/wp\/v2\/media?parent=7643"}],"wp:term":[{"taxonomy":"product_brand","embeddable":true,"href":"https:\/\/bigfunhobby.com\/sv\/wp-json\/wp\/v2\/product_brand?post=7643"},{"taxonomy":"product_cat","embeddable":true,"href":"https:\/\/bigfunhobby.com\/sv\/wp-json\/wp\/v2\/product_cat?post=7643"},{"taxonomy":"product_tag","embeddable":true,"href":"https:\/\/bigfunhobby.com\/sv\/wp-json\/wp\/v2\/product_tag?post=7643"}],"curies":[{"name":"wp","href":"https:\/\/api.w.org\/{rel}","templated":true}]}}