{"id":7651,"date":"2025-03-08T17:12:24","date_gmt":"2025-03-08T17:12:24","guid":{"rendered":"https:\/\/bigfunhobby.com\/butikk\/asb008-double-blocks-5-mm\/"},"modified":"2025-12-04T10:59:10","modified_gmt":"2025-12-04T08:59:10","slug":"asb008-dubbla-block-5-mm","status":"publish","type":"product","link":"https:\/\/bigfunhobby.com\/sv\/butikk\/asb008-double-blocks-5-mm\/","title":{"rendered":"ASB:008 Dubbla block 5 mm"},"content":{"rendered":"<p>ASB:008 Double Blocks 5 mm \u00e4r det perfekta verktyget f\u00f6r att ta ditt modellbygge till n\u00e4sta niv\u00e5. Dessa perfekt skalade block ger o\u00f6vertr\u00e4ffad detaljrikedom och precision, vilket \u00e4r avg\u00f6rande f\u00f6r att skapa realistiska och trov\u00e4rdiga modeller.<\/p>\n<p><strong>Produktspecifikationer:<\/strong><br \/>- Namn: Dubbelblock 5 mm<br \/>- Katalognummer: ASB:008<br \/>- Antal i f\u00f6rpackningen: 10 stycken<br \/>- Typ av f\u00f6rpackning: Blisterf\u00f6rpackning (165x73x9 mm)<\/p>\n<p>Denna byggsats inneh\u00e5ller alla delar som \u00e4r laserskurna f\u00f6r att s\u00e4kerst\u00e4lla precision. Detta g\u00f6r det l\u00e4ttare att montera modellen och ger ett mer professionellt resultat. Bygginstruktioner medf\u00f6ljer p\u00e5 engelska, tyska och polska.<\/p>\n<p>Dessa block \u00e4r utformade f\u00f6r sj\u00e4lvmontering, vilket ger dig full kontroll \u00f6ver byggprocessen. Det finns ocks\u00e5 en extra k\u00e4nsla av tillfredsst\u00e4llelse n\u00e4r du ser den f\u00e4rdiga produkten, eftersom du vet att du har monterat varje enskild del sj\u00e4lv.<\/p>\n<p>Oavsett om du \u00e4r en erfaren modellbyggare eller nyb\u00f6rjare \u00e4r de h\u00e4r blocken ett utm\u00e4rkt tillskott till din samling. De kan anv\u00e4ndas i en m\u00e4ngd olika projekt, fr\u00e5n skeppsmodeller i tr\u00e4 till plastmodeller och modellj\u00e4rnv\u00e4gar. <\/p>\n<p>Missa inte m\u00f6jligheten att f\u00f6rb\u00e4ttra din modellering. K\u00f6p ASB:008 Double Blocks 5 mm redan idag och uppt\u00e4ck vilken skillnad de kan g\u00f6ra i dina byggprojekt.<\/p>","protected":false},"excerpt":{"rendered":"<p>ASB:008 Double Blocks 5 mm \u00e4r en byggsats med tio laserskurna block, perfekt f\u00f6r precision och detaljrikedom i ditt modellbygge.<\/p>","protected":false},"featured_media":7650,"comment_status":"open","ping_status":"closed","template":"","meta":[],"product_brand":[],"product_cat":[66],"product_tag":[],"class_list":{"0":"post-7651","1":"product","2":"type-product","3":"status-publish","4":"has-post-thumbnail","6":"product_cat-blokker-sjakkler-tauverk","8":"first","9":"instock","10":"taxable","11":"shipping-taxable","12":"purchasable","13":"product-type-simple"},"_links":{"self":[{"href":"https:\/\/bigfunhobby.com\/sv\/wp-json\/wp\/v2\/product\/7651","targetHints":{"allow":["GET"]}}],"collection":[{"href":"https:\/\/bigfunhobby.com\/sv\/wp-json\/wp\/v2\/product"}],"about":[{"href":"https:\/\/bigfunhobby.com\/sv\/wp-json\/wp\/v2\/types\/product"}],"replies":[{"embeddable":true,"href":"https:\/\/bigfunhobby.com\/sv\/wp-json\/wp\/v2\/comments?post=7651"}],"wp:featuredmedia":[{"embeddable":true,"href":"https:\/\/bigfunhobby.com\/sv\/wp-json\/wp\/v2\/media\/7650"}],"wp:attachment":[{"href":"https:\/\/bigfunhobby.com\/sv\/wp-json\/wp\/v2\/media?parent=7651"}],"wp:term":[{"taxonomy":"product_brand","embeddable":true,"href":"https:\/\/bigfunhobby.com\/sv\/wp-json\/wp\/v2\/product_brand?post=7651"},{"taxonomy":"product_cat","embeddable":true,"href":"https:\/\/bigfunhobby.com\/sv\/wp-json\/wp\/v2\/product_cat?post=7651"},{"taxonomy":"product_tag","embeddable":true,"href":"https:\/\/bigfunhobby.com\/sv\/wp-json\/wp\/v2\/product_tag?post=7651"}],"curies":[{"name":"wp","href":"https:\/\/api.w.org\/{rel}","templated":true}]}}