{"id":7657,"date":"2025-03-08T17:12:27","date_gmt":"2025-03-08T17:12:27","guid":{"rendered":"https:\/\/bigfunhobby.com\/butikk\/marklin-straight-track\/"},"modified":"2025-12-04T10:59:10","modified_gmt":"2025-12-04T08:59:10","slug":"marklin-rakspar","status":"publish","type":"product","link":"https:\/\/bigfunhobby.com\/sv\/butikk\/marklin-straight-track\/","title":{"rendered":"M\u00e4rklin - R\u00c4TT SP\u00c5R"},"content":{"rendered":"<p>M\u00e4rklin raksp\u00e5r \u00e4r ett perfekt tillbeh\u00f6r till din modellj\u00e4rnv\u00e4g. Med den h\u00e4r sp\u00e5rsektionen kan du bygga ut och anpassa din modellj\u00e4rnv\u00e4g precis som du vill. Med en l\u00e4ngd p\u00e5 64,3 mm \u00e4r den utformad f\u00f6r att passa perfekt med parallellt sp\u00e5ravst\u00e5nd f\u00f6r breda v\u00e4xlar och vinklade korsningar.<\/p>\n<p><strong>Specifikationer:<\/strong><\/p>\n<ul>\n<li>L\u00e4ngd: 64,3 mm \/ 2-9\/16\u2032.<\/li>\n<li>Anpassat parallellt sp\u00e5ravst\u00e5nd f\u00f6r breda v\u00e4xlar och vinklade korsningar.<\/li>\n<\/ul>\n<p>M\u00e4rklin har l\u00e4nge varit en ledande tillverkare av modellj\u00e4rnv\u00e4gsutrustning, k\u00e4nd f\u00f6r sin kvalitet och noggrannhet. D\u00e4rf\u00f6r kan du vara s\u00e4ker p\u00e5 att den h\u00e4r j\u00e4rnv\u00e4gen \u00e4r av h\u00f6g kvalitet och kommer att bli ett utm\u00e4rkt tillskott till din samling.<\/p>\n<p>Genom att l\u00e4gga till M\u00e4rklins raka sp\u00e5r till din modellj\u00e4rnv\u00e4g kan du skapa ett mer realistiskt och detaljerat j\u00e4rnv\u00e4gsn\u00e4t. Oavsett om du \u00e4r en erfaren modellj\u00e4rnv\u00e4gsentusiast eller nyb\u00f6rjare kommer den h\u00e4r sp\u00e5rstr\u00e4ckan att vara ett v\u00e4rdefullt tillskott till din modellj\u00e4rnv\u00e4g.<\/p>\n<p>Tveka inte, ut\u00f6ka din modellj\u00e4rnv\u00e4g med M\u00e4rklin raksp\u00e5r idag. Se v\u00e5rt urval och best\u00e4ll nu.<\/p>","protected":false},"excerpt":{"rendered":"<p>M\u00e4rklins raka sp\u00e5r \u00e4r ett utm\u00e4rkt komplement till din modellj\u00e4rnv\u00e4g, med en l\u00e4ngd p\u00e5 64,3 mm som \u00e4r perfekt f\u00f6r parallellt sp\u00e5ravst\u00e5nd f\u00f6r breda v\u00e4xlar och vinklade korsningar.<\/p>","protected":false},"featured_media":7656,"comment_status":"open","ping_status":"closed","template":"","meta":[],"product_brand":[107],"product_cat":[72],"product_tag":[],"class_list":{"0":"post-7657","1":"product","2":"type-product","3":"status-publish","4":"has-post-thumbnail","6":"product_brand-marklin","7":"product_cat-marklin-h0-originalen","9":"first","10":"instock","11":"taxable","12":"shipping-taxable","13":"purchasable","14":"product-type-simple"},"_links":{"self":[{"href":"https:\/\/bigfunhobby.com\/sv\/wp-json\/wp\/v2\/product\/7657","targetHints":{"allow":["GET"]}}],"collection":[{"href":"https:\/\/bigfunhobby.com\/sv\/wp-json\/wp\/v2\/product"}],"about":[{"href":"https:\/\/bigfunhobby.com\/sv\/wp-json\/wp\/v2\/types\/product"}],"replies":[{"embeddable":true,"href":"https:\/\/bigfunhobby.com\/sv\/wp-json\/wp\/v2\/comments?post=7657"}],"wp:featuredmedia":[{"embeddable":true,"href":"https:\/\/bigfunhobby.com\/sv\/wp-json\/wp\/v2\/media\/7656"}],"wp:attachment":[{"href":"https:\/\/bigfunhobby.com\/sv\/wp-json\/wp\/v2\/media?parent=7657"}],"wp:term":[{"taxonomy":"product_brand","embeddable":true,"href":"https:\/\/bigfunhobby.com\/sv\/wp-json\/wp\/v2\/product_brand?post=7657"},{"taxonomy":"product_cat","embeddable":true,"href":"https:\/\/bigfunhobby.com\/sv\/wp-json\/wp\/v2\/product_cat?post=7657"},{"taxonomy":"product_tag","embeddable":true,"href":"https:\/\/bigfunhobby.com\/sv\/wp-json\/wp\/v2\/product_tag?post=7657"}],"curies":[{"name":"wp","href":"https:\/\/api.w.org\/{rel}","templated":true}]}}