{"id":7729,"date":"2025-03-08T17:12:48","date_gmt":"2025-03-08T17:12:48","guid":{"rendered":"https:\/\/bigfunhobby.com\/butikk\/gauge-h0-article-no-24802-digital-c-track-d2-extension-set\/"},"modified":"2025-12-04T10:59:12","modified_gmt":"2025-12-04T08:59:12","slug":"matare-h0-art-nr-24802-digital-c-bana-d2-forlangningssats","status":"publish","type":"product","link":"https:\/\/bigfunhobby.com\/sv\/butikk\/gauge-h0-article-no-24802-digital-c-track-d2-extension-set\/","title":{"rendered":"Sp\u00e5rvidd H0 - artikelnr 24802 Digital C-sp\u00e5r D2 F\u00f6rl\u00e4ngningssats."},"content":{"rendered":"<h2 class='hdl-2 bottom-10'>H\u00f6jdpunkterna<\/h2>\n<p class='long-text'>Sp\u00e5rvidd H0 - Art.nr. 24802 Digital C Track D2 Extension Set \u00e4r ett perfekt tillskott f\u00f6r alla modellj\u00e4rnv\u00e4gsentusiaster. Denna upps\u00e4ttning ger dig m\u00f6jlighet att digitalt ut\u00f6ka din befintliga sp\u00e5rlayout och \u00e4r utformad f\u00f6r att vara l\u00e4tt att integrera i din nuvarande layout.<\/p>\n<div class='grid-x grid-margin-x'>\n<div class='cell medium-6'>\n<ul class='list-style-disc'>\n<li>Setet inneh\u00e5ller 3 st. 24188 raka sp\u00e5r, 5 st. 24172 raka sp\u00e5r, 2 st. 24224 b\u00f6jda sp\u00e5r, 1 st. 24611 v\u00e4nster v\u00e4xel och 1 st. 24612 h\u00f6ger v\u00e4xel. Varje v\u00e4xel har en inbyggd dekoder och mekanism.<\/li>\n<li>Instruktioner f\u00f6r installation och kabeldragning medf\u00f6ljer, vilket g\u00f6r installationen smidig och enkel.<\/li>\n<\/ul>\n<p class='long-text'>F\u00f6r digital styrning av v\u00e4xlarna kr\u00e4vs en mobilstation (artikelnummer 60653, 60657) och en kopplingsbox (artikelnummer 60113, 60116) eller en centralstation (artikelnummer 60213, 60214, 60215, 60216).<\/p>\n<\/div>\n<\/div>\n<p class='long-text'>Oavsett om du \u00e4r ny i modellj\u00e4rnv\u00e4gsv\u00e4rlden eller en erfaren entusiast \u00e4r det h\u00e4r expansionssetet ett bra komplement som tar ditt modellj\u00e4rnv\u00e4gslandskap till n\u00e4sta niv\u00e5. Med det h\u00e4r setet kan du verkligen skapa en autentisk och verklighetstrogen t\u00e5gmilj\u00f6.<\/p>\n<p class='long-text'>V\u00e4nta inte, ut\u00f6ka din modellj\u00e4rnv\u00e4gsupplevelse idag. Best\u00e4ll Sp\u00e5rvidd H0 - Art.nr. 24802 Digital C-sp\u00e5r D2 F\u00f6rl\u00e4ngningssats nu!<\/p>","protected":false},"excerpt":{"rendered":"<p>Ut\u00f6ka ditt modellj\u00e4rnv\u00e4gslandskap med Gauge H0 - artikelnr 24802 Digital C Track D2 Extension Set. Satsen ger digitala f\u00f6rl\u00e4ngningsalternativ f\u00f6r sp\u00e5rlayouter och \u00e4r l\u00e4tt att integrera i befintliga layouter.<\/p>","protected":false},"featured_media":7728,"comment_status":"open","ping_status":"closed","template":"","meta":[],"product_brand":[107],"product_cat":[72,113],"product_tag":[],"class_list":{"0":"post-7729","1":"product","2":"type-product","3":"status-publish","4":"has-post-thumbnail","6":"product_brand-marklin","7":"product_cat-marklin-h0-originalen","8":"product_cat-startersets","10":"first","11":"instock","12":"taxable","13":"shipping-taxable","14":"purchasable","15":"product-type-simple"},"_links":{"self":[{"href":"https:\/\/bigfunhobby.com\/sv\/wp-json\/wp\/v2\/product\/7729","targetHints":{"allow":["GET"]}}],"collection":[{"href":"https:\/\/bigfunhobby.com\/sv\/wp-json\/wp\/v2\/product"}],"about":[{"href":"https:\/\/bigfunhobby.com\/sv\/wp-json\/wp\/v2\/types\/product"}],"replies":[{"embeddable":true,"href":"https:\/\/bigfunhobby.com\/sv\/wp-json\/wp\/v2\/comments?post=7729"}],"wp:featuredmedia":[{"embeddable":true,"href":"https:\/\/bigfunhobby.com\/sv\/wp-json\/wp\/v2\/media\/7728"}],"wp:attachment":[{"href":"https:\/\/bigfunhobby.com\/sv\/wp-json\/wp\/v2\/media?parent=7729"}],"wp:term":[{"taxonomy":"product_brand","embeddable":true,"href":"https:\/\/bigfunhobby.com\/sv\/wp-json\/wp\/v2\/product_brand?post=7729"},{"taxonomy":"product_cat","embeddable":true,"href":"https:\/\/bigfunhobby.com\/sv\/wp-json\/wp\/v2\/product_cat?post=7729"},{"taxonomy":"product_tag","embeddable":true,"href":"https:\/\/bigfunhobby.com\/sv\/wp-json\/wp\/v2\/product_tag?post=7729"}],"curies":[{"name":"wp","href":"https:\/\/api.w.org\/{rel}","templated":true}]}}