{"id":7739,"date":"2025-03-08T17:12:51","date_gmt":"2025-03-08T17:12:51","guid":{"rendered":"https:\/\/bigfunhobby.com\/butikk\/gauge-h0-article-no-24905-c-track-c5-track-extension-set\/"},"modified":"2026-04-11T19:22:00","modified_gmt":"2026-04-11T17:22:00","slug":"sparvidd-h0-art-nr-24905-c-spar-c5-sparforlangningssats","status":"publish","type":"product","link":"https:\/\/bigfunhobby.com\/sv\/butikk\/gauge-h0-article-no-24905-c-track-c5-track-extension-set\/","title":{"rendered":"Sp\u00e5rvidd H0 - artikelnr 24905 C-sp\u00e5r C5 Sp\u00e5rf\u00f6rl\u00e4ngningssats"},"content":{"rendered":"<p>Utnyttja Gauge H0 - artikelnr 24905 C Track C5 sp\u00e5rf\u00f6rl\u00e4ngningsset f\u00f6r att ut\u00f6ka och f\u00f6rb\u00e4ttra din modellj\u00e4rnv\u00e4g. Detta set \u00e4r perfekt f\u00f6r b\u00e5de nyb\u00f6rjare och erfarna modellj\u00e4rnv\u00e4gsentusiaster.<\/p>\n<ul>\n<li>7 st. 24188 raka skenor<\/li>\n<li>7 st. 24172 raka skenor<\/li>\n<li>2 st. 24094 raka skenor<\/li>\n<li>1 st. 24224 b\u00f6jda skenor<\/li>\n<li>1 st. 24611 utv\u00e4xling<\/li>\n<li>1 st. 24612 sp\u00e5rv\u00e4xel<\/li>\n<li>1 st. 24620 dubbel v\u00e4xel<\/li>\n<li>4 st. 24977 sp\u00e5r\u00e4ndar med sp\u00e5rst\u00f6tf\u00e5ngare<\/li>\n<\/ul>\n<p>Den h\u00e4r satsen \u00e4r idealisk f\u00f6r att ut\u00f6ka C Track-startpaketet med f\u00f6rvaringssp\u00e5r och en rangerbang\u00e5rd.<\/p>\n<p>Modellj\u00e4rnv\u00e4gar \u00e4r en fascinerande hobby som har varit popul\u00e4r bland b\u00e5de vuxna och barn i m\u00e5nga \u00e5r. Med den h\u00e4r byggsatsen kan du ta din hobby till n\u00e4sta niv\u00e5, oavsett om du bygger en realistisk modell av ett befintligt j\u00e4rnv\u00e4gsn\u00e4t eller skapar ditt eget unika j\u00e4rnv\u00e4gssystem.<\/p>\n<p>Att bygga och expandera en modellj\u00e4rnv\u00e4g kan vara en berikande och l\u00e4rorik upplevelse. Det ger m\u00f6jlighet att utveckla f\u00e4rdigheter inom planering, byggande och teknisk kunskap. Med detta C5 sp\u00e5rf\u00f6rl\u00e4ngningsset kan du bygga ut din modellj\u00e4rnv\u00e4g p\u00e5 ett enkelt och strukturerat s\u00e4tt.<\/p>\n<p>V\u00e4nta inte, ta din modellj\u00e4rnv\u00e4g till n\u00e4sta niv\u00e5. K\u00f6p Gauge H0 - Artikel nr 24905 C Track C5 Sp\u00e5rf\u00f6rl\u00e4ngningssats idag!<\/p>","protected":false},"excerpt":{"rendered":"<p>F\u00f6rl\u00e4ng din modellj\u00e4rnv\u00e4g med sp\u00e5rvidden H0 - artikelnr 24905 C Track C5 sp\u00e5rf\u00f6rl\u00e4ngningsset. Satsen inneh\u00e5ller flera typer av sp\u00e5r och instruktioner f\u00f6r att bygga ut din befintliga modellj\u00e4rnv\u00e4g.<\/p>","protected":false},"featured_media":7738,"comment_status":"open","ping_status":"closed","template":"","meta":[],"product_brand":[107],"product_cat":[72,113],"product_tag":[],"class_list":{"0":"post-7739","1":"product","2":"type-product","3":"status-publish","4":"has-post-thumbnail","6":"product_brand-marklin","7":"product_cat-marklin-h0-originalen","8":"product_cat-startersets","10":"first","11":"outofstock","12":"taxable","13":"shipping-taxable","14":"purchasable","15":"product-type-simple"},"_links":{"self":[{"href":"https:\/\/bigfunhobby.com\/sv\/wp-json\/wp\/v2\/product\/7739","targetHints":{"allow":["GET"]}}],"collection":[{"href":"https:\/\/bigfunhobby.com\/sv\/wp-json\/wp\/v2\/product"}],"about":[{"href":"https:\/\/bigfunhobby.com\/sv\/wp-json\/wp\/v2\/types\/product"}],"replies":[{"embeddable":true,"href":"https:\/\/bigfunhobby.com\/sv\/wp-json\/wp\/v2\/comments?post=7739"}],"wp:featuredmedia":[{"embeddable":true,"href":"https:\/\/bigfunhobby.com\/sv\/wp-json\/wp\/v2\/media\/7738"}],"wp:attachment":[{"href":"https:\/\/bigfunhobby.com\/sv\/wp-json\/wp\/v2\/media?parent=7739"}],"wp:term":[{"taxonomy":"product_brand","embeddable":true,"href":"https:\/\/bigfunhobby.com\/sv\/wp-json\/wp\/v2\/product_brand?post=7739"},{"taxonomy":"product_cat","embeddable":true,"href":"https:\/\/bigfunhobby.com\/sv\/wp-json\/wp\/v2\/product_cat?post=7739"},{"taxonomy":"product_tag","embeddable":true,"href":"https:\/\/bigfunhobby.com\/sv\/wp-json\/wp\/v2\/product_tag?post=7739"}],"curies":[{"name":"wp","href":"https:\/\/api.w.org\/{rel}","templated":true}]}}