{"id":7757,"date":"2025-03-08T17:12:56","date_gmt":"2025-03-08T17:12:56","guid":{"rendered":"https:\/\/bigfunhobby.com\/butikk\/gauge-h0-article-no-29000-a-digital-start\/"},"modified":"2025-12-04T10:59:14","modified_gmt":"2025-12-04T08:59:14","slug":"gauge-h0-article-no-29000-a-digital-start","status":"publish","type":"product","link":"https:\/\/bigfunhobby.com\/sv\/butikk\/gauge-h0-article-no-29000-a-digital-start\/","title":{"rendered":"Gauge H0 &#8211; Article No. 29000 A Digital Start"},"content":{"rendered":"<p>\u00d8nsker du \u00e5 starte din digitale reise i modelljernbanens verden? &#8216;Gauge H0 &#8211; Article No. 29000 A Digital Start&#8217; er ditt perfekte valg. Dette byggesettet gir deg en komplett opplevelse av modellbygging og er ideelt for b\u00e5de nybegynnere og erfarne entusiaster.<\/p>\n<ul>\n<li>Enkel setup med C Track layout<\/li>\n<li>Radius R2 ovalbane<\/li>\n<li>Digital start med Mobile Station inkludert<\/li>\n<\/ul>\n<p>Dette settet kommer med alt du trenger for \u00e5 komme i gang med modelljernbane. Innholdet inkluderer 12 stk. 24230 buede spor, 4 stk. 24188 rette spor, og 4 stk. 24172 rette spor. I tillegg f\u00e5r du en sporforbindelsesboks, en 36 VA\/230 volt str\u00f8mforsyning og en Mobile Station for en digital start. En illustrert bruksanvisning med mange tips og ideer f\u00f8lger ogs\u00e5 med. Dette settet kan utvides med C Track-utvidelsessett og med hele C Track-programmet.<\/p>\n<p>Akkurat som i en ekte jernbane, kan du bygge og utvide din egen skalamodell med ulike spor og layout. Opplev gleden ved \u00e5 se ditt eget modelljernbanesystem komme til live med &#8216;Gauge H0 &#8211; Article No. 29000 A Digital Start&#8217;.<\/p>\n<p>Enten du er ny innen modellbygging eller en erfaren entusiast, vil dette settet gi deg timer med kreativ moro. Ikke vent lenger, ta steget inn i den digitale verden av modelljernbane i dag. Se v\u00e5rt utvalg og bestill n\u00e5!<\/p>","protected":false},"excerpt":{"rendered":"<p>Gauge H0 &#8211; Article No. 29000 A Digital Start&#8217; er et ideelt sett for \u00e5 starte din digitale reise inn i verden av modelljernbane. Enkel \u00e5 montere, med en R2 radius ovalbane.<\/p>","protected":false},"featured_media":7756,"comment_status":"open","ping_status":"closed","template":"","meta":[],"product_brand":[107],"product_cat":[72,113],"product_tag":[],"class_list":{"0":"post-7757","1":"product","2":"type-product","3":"status-publish","4":"has-post-thumbnail","6":"product_brand-marklin","7":"product_cat-marklin-h0-originalen","8":"product_cat-startersets","10":"first","11":"instock","12":"taxable","13":"shipping-taxable","14":"purchasable","15":"product-type-simple"},"_links":{"self":[{"href":"https:\/\/bigfunhobby.com\/sv\/wp-json\/wp\/v2\/product\/7757","targetHints":{"allow":["GET"]}}],"collection":[{"href":"https:\/\/bigfunhobby.com\/sv\/wp-json\/wp\/v2\/product"}],"about":[{"href":"https:\/\/bigfunhobby.com\/sv\/wp-json\/wp\/v2\/types\/product"}],"replies":[{"embeddable":true,"href":"https:\/\/bigfunhobby.com\/sv\/wp-json\/wp\/v2\/comments?post=7757"}],"wp:featuredmedia":[{"embeddable":true,"href":"https:\/\/bigfunhobby.com\/sv\/wp-json\/wp\/v2\/media\/7756"}],"wp:attachment":[{"href":"https:\/\/bigfunhobby.com\/sv\/wp-json\/wp\/v2\/media?parent=7757"}],"wp:term":[{"taxonomy":"product_brand","embeddable":true,"href":"https:\/\/bigfunhobby.com\/sv\/wp-json\/wp\/v2\/product_brand?post=7757"},{"taxonomy":"product_cat","embeddable":true,"href":"https:\/\/bigfunhobby.com\/sv\/wp-json\/wp\/v2\/product_cat?post=7757"},{"taxonomy":"product_tag","embeddable":true,"href":"https:\/\/bigfunhobby.com\/sv\/wp-json\/wp\/v2\/product_tag?post=7757"}],"curies":[{"name":"wp","href":"https:\/\/api.w.org\/{rel}","templated":true}]}}