{"id":7759,"date":"2025-03-08T17:12:56","date_gmt":"2025-03-08T17:12:56","guid":{"rendered":"https:\/\/bigfunhobby.com\/butikk\/gauge-h0-article-no-29074-era-iii-freight-train-digital-starter-set\/"},"modified":"2025-12-04T10:59:14","modified_gmt":"2025-12-04T08:59:14","slug":"sparvidd-h0-art-nr-29074-era-iii-godstag-digital-startsats","status":"publish","type":"product","link":"https:\/\/bigfunhobby.com\/sv\/butikk\/gauge-h0-article-no-29074-era-iii-freight-train-digital-starter-set\/","title":{"rendered":"Sp\u00e5rvidd H0 - Artikel nr 29074 \"Era III godst\u00e5g\" Digital startsats."},"content":{"rendered":"<p>Det h\u00e4r digitala startpaketet f\u00f6r modellj\u00e4rnv\u00e4g i skala H0 \u00e4r en fantastisk introduktion f\u00f6r alla som vill b\u00f6rja bygga modellj\u00e4rnv\u00e4g. Satsen inneh\u00e5ller en modell av ett tyskt stridsvagnslok av klass 74 samt en tippvagn av typ Om 12, en sluten vagn av typ Gr 20 och en r\u00e4lsbunden vagn av typ Rlmms 56. Med det h\u00e4r setet kan du b\u00f6rja bygga din egen modellj\u00e4rnv\u00e4g.<\/p>\n<h2 class='hdl-2 bottom-10'>H\u00f6jdpunkterna<\/h2>\n<ul class='list-style-disc'>\n<li>Perfekt introduktion till den digitala v\u00e4rlden av M\u00e4rklin H0.<\/li>\n<li>Automatisk registrering p\u00e5 mobilstationen med den inbyggda mfx-avkodaren.<\/li>\n<li>C-track-konceptet \u00e4r enkelt att installera.<\/li>\n<li>Loket inneh\u00e5ller Relex-kopplingar f\u00f6r extra kul.<\/li>\n<\/ul>\n<p><strong>Modellerna:<\/strong> Loket har en mfx digitaldekoder och en specialmotor med sv\u00e4nghjul. Tre av axlarna \u00e4r drivna och friktionshjul \u00e4r monterade. De tre huvudljusen v\u00e4xlar med f\u00e4rdriktningen, fungerar p\u00e5 konventionellt s\u00e4tt och kan styras digitalt. Vagnarna har Relex-kopplingar med styrmekanismer. T\u00e5gl\u00e4ngden \u00e4r 51,0 cm.<\/p>\n<p>Inneh\u00e5ll: 12 st. 24130 b\u00f6jd skena, 4 st. 24188 rak skena, 4 st. 24172 rak skena. Kopplingsbox, 36 VA \/ 230 volt str\u00f6mf\u00f6rs\u00f6rjning och en mobilstation ing\u00e5r. En illustrerad anv\u00e4ndarmanual med m\u00e5nga tips och id\u00e9er ing\u00e5r ocks\u00e5. Denna sats kan byggas ut med C-track f\u00f6rl\u00e4ngningssatser och hela C-track konceptet.<\/p>\n<p>Det h\u00e4r \u00e4r ett utm\u00e4rkt startkit f\u00f6r b\u00e5de nyb\u00f6rjare inom modellj\u00e4rnv\u00e4gsbygge och f\u00f6r de mer erfarna som vill ut\u00f6ka sin samling. Satsen ger dig allt du beh\u00f6ver f\u00f6r att p\u00e5b\u00f6rja din resa in i modellj\u00e4rnv\u00e4gens v\u00e4rld. V\u00e4nta inte, ta steget in i den h\u00e4r fascinerande hobbyn. <strong> Klicka h\u00e4r f\u00f6r att k\u00f6pa ditt startpaket f\u00f6r digital modellj\u00e4rnv\u00e4g i skala H0 nu!<\/strong><\/p>","protected":false},"excerpt":{"rendered":"<p>Det h\u00e4r \u00e4r det perfekta startsetet f\u00f6r att utforska den digitala v\u00e4rlden av modellj\u00e4rnv\u00e4gar i skala H0. Setet inneh\u00e5ller ett tyskt stridsvagnslok av klass 74, flera vagnar och ett enkelt C-sp\u00e5rskoncept.<\/p>","protected":false},"featured_media":7758,"comment_status":"open","ping_status":"closed","template":"","meta":[],"product_brand":[107],"product_cat":[72,113],"product_tag":[],"class_list":{"0":"post-7759","1":"product","2":"type-product","3":"status-publish","4":"has-post-thumbnail","6":"product_brand-marklin","7":"product_cat-marklin-h0-originalen","8":"product_cat-startersets","10":"first","11":"instock","12":"taxable","13":"shipping-taxable","14":"purchasable","15":"product-type-simple"},"_links":{"self":[{"href":"https:\/\/bigfunhobby.com\/sv\/wp-json\/wp\/v2\/product\/7759","targetHints":{"allow":["GET"]}}],"collection":[{"href":"https:\/\/bigfunhobby.com\/sv\/wp-json\/wp\/v2\/product"}],"about":[{"href":"https:\/\/bigfunhobby.com\/sv\/wp-json\/wp\/v2\/types\/product"}],"replies":[{"embeddable":true,"href":"https:\/\/bigfunhobby.com\/sv\/wp-json\/wp\/v2\/comments?post=7759"}],"wp:featuredmedia":[{"embeddable":true,"href":"https:\/\/bigfunhobby.com\/sv\/wp-json\/wp\/v2\/media\/7758"}],"wp:attachment":[{"href":"https:\/\/bigfunhobby.com\/sv\/wp-json\/wp\/v2\/media?parent=7759"}],"wp:term":[{"taxonomy":"product_brand","embeddable":true,"href":"https:\/\/bigfunhobby.com\/sv\/wp-json\/wp\/v2\/product_brand?post=7759"},{"taxonomy":"product_cat","embeddable":true,"href":"https:\/\/bigfunhobby.com\/sv\/wp-json\/wp\/v2\/product_cat?post=7759"},{"taxonomy":"product_tag","embeddable":true,"href":"https:\/\/bigfunhobby.com\/sv\/wp-json\/wp\/v2\/product_tag?post=7759"}],"curies":[{"name":"wp","href":"https:\/\/api.w.org\/{rel}","templated":true}]}}