{"id":7761,"date":"2025-03-08T17:12:57","date_gmt":"2025-03-08T17:12:57","guid":{"rendered":"https:\/\/bigfunhobby.com\/butikk\/gauge-h0-article-no-29467-danish-freight-train-digital-starter-set\/"},"modified":"2025-12-04T10:59:14","modified_gmt":"2025-12-04T08:59:14","slug":"gauge-h0-article-no-29467-danish-freight-train-digital-starter-set","status":"publish","type":"product","link":"https:\/\/bigfunhobby.com\/sv\/butikk\/gauge-h0-article-no-29467-danish-freight-train-digital-starter-set\/","title":{"rendered":"Gauge H0 &#8211; Article No. 29467 &laquo;Danish Freight Train&raquo; Digital Starter Set."},"content":{"rendered":"<p>\u00d8nsker du \u00e5 dykke inn i den digitale verden av modelljernbane? Da er dette startsettet &#8216;Gauge H0 &#8211; Danish Freight Train&#8217; det perfekte valget. Settet gir deg alt du trenger for \u00e5 begynne med modelljernbanebygging, uansett om du er nybegynner eller erfaren entusiast.<\/p>\n<p><strong>Specifikationer:<\/strong> I dette settet f\u00e5r du et DSB Gods klasse MK diesellokomotiv, en stakevogn, en tankvogn og en boks vogn. Togsettets lengde er omtrent 49,9 cm. Lokomotivet har innebygd mfx digital dekoder, lydfunksjoner og trekkraft p\u00e5 en aksel. De triple frontlysene endrer retning med kj\u00f8reretningen og kan kontrolleres digitalt. Det er ogs\u00e5 en blinkende lampe p\u00e5 taket av f\u00f8rerhuset.<\/p>\n<p><strong>Material:<\/strong> Alle modellene i settet er laget av h\u00f8ykvalitetsmaterialer for detaljert n\u00f8yaktighet og lang levetid. Banen som medf\u00f8lger er lett \u00e5 sette opp. <\/p>\n<p><strong>Innhold:<\/strong> Settet inneholder 12 stk 24130 b\u00f8yde skinner, 4 stk 24172 rette skinner, og 4 stk 24188 rette skinner. En sporforbindelsesboks, en 230 volt \/ 36 VA str\u00f8mforsyning og en Mobile Station er inkludert. Et illustrert instruksjonshefte med mange tips og ideer er inkludert i dette settet.<\/p>\n<p>Med &#8216;Gauge H0 &#8211; Danish Freight Train&#8217; startsett kan du utvide din modelljernbaneverden med C Track-utvidelsessett og hele C Track-programmet. Ta steget inn i den spennende verden av skalamodeller og modelljernbanebygging.<\/p>\n<p>Du kan starte din modelljernbanereise her og n\u00e5. Utforsk v\u00e5rt utvalg og bestill ditt nye &#8216;Gauge H0 &#8211; Danish Freight Train&#8217; startsett i dag.<\/p>","protected":false},"excerpt":{"rendered":"<p>Gauge H0 &#8211; Danish Freight Train&#8217; er et komplett digitalt startsett for modelljernbaneentusiaster. Settet inkluderer et DSB Gods klasse MK diesellokomotiv og flere typer godsvogner.<\/p>","protected":false},"featured_media":7760,"comment_status":"open","ping_status":"closed","template":"","meta":[],"product_brand":[107],"product_cat":[72,113],"product_tag":[],"class_list":{"0":"post-7761","1":"product","2":"type-product","3":"status-publish","4":"has-post-thumbnail","6":"product_brand-marklin","7":"product_cat-marklin-h0-originalen","8":"product_cat-startersets","10":"first","11":"outofstock","12":"taxable","13":"shipping-taxable","14":"purchasable","15":"product-type-simple"},"_links":{"self":[{"href":"https:\/\/bigfunhobby.com\/sv\/wp-json\/wp\/v2\/product\/7761","targetHints":{"allow":["GET"]}}],"collection":[{"href":"https:\/\/bigfunhobby.com\/sv\/wp-json\/wp\/v2\/product"}],"about":[{"href":"https:\/\/bigfunhobby.com\/sv\/wp-json\/wp\/v2\/types\/product"}],"replies":[{"embeddable":true,"href":"https:\/\/bigfunhobby.com\/sv\/wp-json\/wp\/v2\/comments?post=7761"}],"wp:featuredmedia":[{"embeddable":true,"href":"https:\/\/bigfunhobby.com\/sv\/wp-json\/wp\/v2\/media\/7760"}],"wp:attachment":[{"href":"https:\/\/bigfunhobby.com\/sv\/wp-json\/wp\/v2\/media?parent=7761"}],"wp:term":[{"taxonomy":"product_brand","embeddable":true,"href":"https:\/\/bigfunhobby.com\/sv\/wp-json\/wp\/v2\/product_brand?post=7761"},{"taxonomy":"product_cat","embeddable":true,"href":"https:\/\/bigfunhobby.com\/sv\/wp-json\/wp\/v2\/product_cat?post=7761"},{"taxonomy":"product_tag","embeddable":true,"href":"https:\/\/bigfunhobby.com\/sv\/wp-json\/wp\/v2\/product_tag?post=7761"}],"curies":[{"name":"wp","href":"https:\/\/api.w.org\/{rel}","templated":true}]}}