{"id":7763,"date":"2025-03-08T17:12:57","date_gmt":"2025-03-08T17:12:57","guid":{"rendered":"https:\/\/bigfunhobby.com\/butikk\/gauge-h0-article-no-29792-ice-2-digital-starter-set\/"},"modified":"2025-12-04T10:59:14","modified_gmt":"2025-12-04T08:59:14","slug":"gauge-h0-article-no-29792-ice-2-digital-starter-set","status":"publish","type":"product","link":"https:\/\/bigfunhobby.com\/sv\/butikk\/gauge-h0-article-no-29792-ice-2-digital-starter-set\/","title":{"rendered":"Gauge H0 &#8211; Article No. 29792 &laquo;ICE 2&raquo; Digital Starter Set."},"content":{"rendered":"<p>Gauge H0 &#8211; Artikkel nr. 29792 &#8216;ICE 2&#8217; Digital Starter Sett er det perfekte utgangspunktet for \u00e5 dykke inn i den digitale verdenen av modelljernbane. Dette settet er en n\u00f8yaktig replika av den tyske jernbaneklassen 402 InterCity Express, og best\u00e5r av en motorisert endevogn, en \u00e5pen sittevogn av 1. klasse og en styrevogn av 2. klasse.<\/p>\n<h2>Funksjoner og spesifikasjoner<\/h2>\n<ul>\n<li>Perfekt startpakke for M\u00e6rklin H0 digital modelljernbane.<\/li>\n<li>Automatisk registrering p\u00e5 mobilstationen med den inbyggda mfx-avkodaren.<\/li>\n<li>Enkel \u00e5 sette opp C-sporet layout.<\/li>\n<li>Motorisert endevogn med mfx digital dekoder og kontrollerbare lydfunksjoner.<\/li>\n<li>Spesiell motor. 2 hjul drevet. Trekkdekk.<\/li>\n<li>Frontlys p\u00e5 endevognen kan styres digitalt (frontlys p\u00e5 styrevognen er alltid p\u00e5).<\/li>\n<li>Togsett lengde: 76,2 cm \/ 30&#8242;.<\/li>\n<\/ul>\n<p>Dette settet gir en autentisk modelljernbaneopplevelse med lyd- og lysfunksjoner som kan kontrolleres digitalt, og en spesiell motor som driver to aksler. Dette gir realistisk bevegelse og ytelse. B\u00e5de den motoriserte endevognen og styrevognen har frontlys, mens endevognen har pantografer som fungerer mekanisk, men som ikke er koblet til str\u00f8m.<\/p>\n<p>Settet inkluderer ogs\u00e5 14 nr. 24130 buede spor, 9 nr. 24188 rette spor, 9 nr. 24172 rette spor, et par nr. 24671 og nr. 24672 avvik, sporforbindelsesboks, 36 VA \/ 230 volt str\u00f8mforsyningspakke og en Mobile Station. En illustrert instruksjonsmanual med mange tips og ideer er ogs\u00e5 inkludert. Dette settet kan utvides med C-sporet utvidelsessett og med hele C-sporet programmet.<\/p>\n<p>Enten du er en erfaren modelljernbaneentusiast eller en nybegynner, er Gauge H0 &#8211; Artikkel nr. 29792 &#8216;ICE 2&#8217; Digital Starter Sett en flott investering som vil gi deg utallige timer med byggeglede og fascinasjon for togverdenen. <\/p>\n<p>Ikke vent, start din modelljernbanedr\u00f8m i dag. Kj\u00f8p her!<\/p>","protected":false},"excerpt":{"rendered":"<p>Start din digitale modelljernbanehobby med Gauge H0 &#8211; Artikkel nr. 29792 &#8216;ICE 2&#8217; Digital Starter Sett &#8211; et komplett togtogsett med realistiske detaljer og enkel oppsett.<\/p>","protected":false},"featured_media":7762,"comment_status":"open","ping_status":"closed","template":"","meta":[],"product_brand":[107],"product_cat":[72,113],"product_tag":[],"class_list":{"0":"post-7763","1":"product","2":"type-product","3":"status-publish","4":"has-post-thumbnail","6":"product_brand-marklin","7":"product_cat-marklin-h0-originalen","8":"product_cat-startersets","10":"first","11":"outofstock","12":"taxable","13":"shipping-taxable","14":"purchasable","15":"product-type-simple"},"_links":{"self":[{"href":"https:\/\/bigfunhobby.com\/sv\/wp-json\/wp\/v2\/product\/7763","targetHints":{"allow":["GET"]}}],"collection":[{"href":"https:\/\/bigfunhobby.com\/sv\/wp-json\/wp\/v2\/product"}],"about":[{"href":"https:\/\/bigfunhobby.com\/sv\/wp-json\/wp\/v2\/types\/product"}],"replies":[{"embeddable":true,"href":"https:\/\/bigfunhobby.com\/sv\/wp-json\/wp\/v2\/comments?post=7763"}],"wp:featuredmedia":[{"embeddable":true,"href":"https:\/\/bigfunhobby.com\/sv\/wp-json\/wp\/v2\/media\/7762"}],"wp:attachment":[{"href":"https:\/\/bigfunhobby.com\/sv\/wp-json\/wp\/v2\/media?parent=7763"}],"wp:term":[{"taxonomy":"product_brand","embeddable":true,"href":"https:\/\/bigfunhobby.com\/sv\/wp-json\/wp\/v2\/product_brand?post=7763"},{"taxonomy":"product_cat","embeddable":true,"href":"https:\/\/bigfunhobby.com\/sv\/wp-json\/wp\/v2\/product_cat?post=7763"},{"taxonomy":"product_tag","embeddable":true,"href":"https:\/\/bigfunhobby.com\/sv\/wp-json\/wp\/v2\/product_tag?post=7763"}],"curies":[{"name":"wp","href":"https:\/\/api.w.org\/{rel}","templated":true}]}}